{"id":2385,"date":"2014-03-26T16:24:26","date_gmt":"2014-03-26T16:24:26","guid":{"rendered":"https:\/\/fortiseyewear.co.uk\/?page_id=2385"},"modified":"2020-02-12T14:02:42","modified_gmt":"2020-02-12T14:02:42","slug":"dennis-de-wilde","status":"publish","type":"page","link":"https:\/\/fortiseyewear.co.uk\/fr\/collective\/dennis-de-wilde\/","title":{"rendered":"Dennis De Wilde"},"content":{"rendered":"<h3><img decoding=\"async\" class=\"alignnone size-full wp-image-4711\" src=\"https:\/\/fortiseyewear.co.uk\/wp-content\/uploads\/2014\/03\/DennisDeWildeHeader.jpg\" alt=\"DennisDeWildeHeader\" width=\"680\" height=\"226\" \/><\/h3>\n<h3>Un voyage...<\/h3>\n<p>J'ai toujours eu la p\u00eache dans le sang, h\u00e9rit\u00e9e de mon grand-p\u00e8re, j'\u00e9tais le seul de la famille \u00e0 partager sa passion.\u00a0<span style=\"line-height: 1.5em;\">Pendant les vacances d'\u00e9t\u00e9, je passais deux semaines chez mes grands-parents et, chaque matin, j'allais p\u00eacher avec mon grand-p\u00e8re. J'avais un petit v\u00e9lo et une canne \u00e0 p\u00eache et, \u00e0 la tomb\u00e9e de la nuit, nous nous rendions aux \u00e9tangs et aux canaux de la r\u00e9gion. Aujourd'hui encore, je peux sentir l'odeur de l'air matinal et elle m'accompagnera \u00e0 chaque session, o\u00f9 que j'aille.[toggle_basic title=\"Read More\"]<\/span><\/p>\n<p>Depuis ces premiers jours, la p\u00eache est devenue mon principal hobby, puis une obsession apr\u00e8s avoir d\u00e9couvert la carpe. L'obsession s'est un peu ralentie lorsque j'ai rencontr\u00e9 ma petite amie, bien s\u00fbr, et encore plus lorsque nous nous sommes mari\u00e9s et avons eu deux beaux enfants. Mais c'est tout \u00e0 fait logique \u00e0 mon avis, car vous devez simplement consacrer le temps que vous avez et ce n'est que juste pour votre famille. Et quand le hobby est devenu le travail, encore plus de temps de p\u00eache a \u00e9t\u00e9 perdu... Donc, les pr\u00e9cieuses fois o\u00f9 j'ai la chance d'aller p\u00eacher, c'est toujours aussi excitant qu'il y a toutes ces ann\u00e9es. L'anticipation et la joie qui pr\u00e9c\u00e8dent une session me procurent toujours autant d'\u00e9motions.<\/p>\n<p>Quelqu'un a dit un jour : \"Concentrez-vous sur le voyage, pas sur la destination. La joie ne se trouve pas dans l'ach\u00e8vement d'une activit\u00e9, mais dans sa r\u00e9alisation\". Et c'est exactement ce que je ressens. Je peux vraiment me r\u00e9jouir \u00e0 l'avance d'une session, ce qui rend les choses beaucoup plus faciles lorsque je ne suis pas en mesure de faire la nuit que j'avais l'habitude de faire. Je dois simplement planifier mon ann\u00e9e longtemps \u00e0 l'avance pour \u00eatre s\u00fbr d'aller p\u00eacher, sinon je finirais par ne pas p\u00eacher du tout. Je sais donc \u00e0 peu pr\u00e8s au d\u00e9but de l'ann\u00e9e quand et o\u00f9 je vais p\u00eacher, la plupart du temps lors de sessions \u00e0 l'\u00e9tranger, en France, en Belgique ou au Royaume-Uni. J'ai la chance de pouvoir p\u00eacher dans des endroits tr\u00e8s sp\u00e9ciaux, ce qui compense le manque de temps consacr\u00e9 \u00e0 la p\u00eache.<\/p>\n<p>N'oubliez pas que le voyage est bien plus important que la destination ![\/toggle_basic]\n[shareprints gallery_id=\"4709\u2033 gallery_type=\"masonry\" gallery_position=\"pos_center\" gallery_width=\"width_100\u2033 image_size=\"medium\" image_padding=\"5\u2033 theme=\"dark\" image_hover=\"colortosepia\" lightbox_type=\"slide\" titles=\"true\" captions=\"true\" descriptions=\"true\" comments=\"false\" sharing=\"true\"]","protected":false},"excerpt":{"rendered":"<p>Un voyage... J'ai toujours eu la p\u00eache dans le sang, h\u00e9rit\u00e9e de mon grand-p\u00e8re, j'\u00e9tais le seul de la famille \u00e0 partager sa passion. Pendant les vacances d'\u00e9t\u00e9, je passais deux semaines chez mes grands-parents et, chaque matin, j'allais p\u00eacher avec mon grand-p\u00e8re. J'avais une petite bicyclette et une canne \u00e0 p\u00eache, et j'\u00e9tais le seul \u00e0 partager sa passion.<\/p>","protected":false},"author":11,"featured_media":0,"parent":67,"menu_order":0,"comment_status":"closed","ping_status":"open","template":"","meta":{"_acf_changed":false,"footnotes":""},"class_list":["post-2385","page","type-page","status-publish","hentry","prodpage-classic"],"acf":[],"yoast_head":"<!-- This site is optimized with the Yoast SEO Premium plugin v26.7 (Yoast SEO v26.7) - https:\/\/yoast.com\/wordpress\/plugins\/seo\/ -->\n<title>Fortis Eyewear Dennis De Wilde Carp Angler Netherlands<\/title>\n<meta name=\"description\" content=\"Angler\u2019s such as Dennis De Wilde use polarised fishing sunglasses by Fortis Eyewear to help catch more fish. Targeting Carp in deep water using our X Bloc lens technology to eliminate surface glare from the sun will put more fish on the bank\" \/>\n<meta name=\"robots\" content=\"index, follow, max-snippet:-1, max-image-preview:large, max-video-preview:-1\" \/>\n<link rel=\"canonical\" href=\"https:\/\/fortiseyewear.co.uk\/fr\/collective\/dennis-de-wilde\/\" \/>\n<meta property=\"og:locale\" content=\"fr_FR\" \/>\n<meta property=\"og:type\" content=\"article\" \/>\n<meta property=\"og:title\" content=\"Dennis De Wilde\" \/>\n<meta property=\"og:description\" content=\"Angler\u2019s such as Dennis De Wilde use polarised fishing sunglasses by Fortis Eyewear to help catch more fish. Targeting Carp in deep water using our X Bloc lens technology to eliminate surface glare from the sun will put more fish on the bank\" \/>\n<meta property=\"og:url\" content=\"https:\/\/fortiseyewear.co.uk\/fr\/collective\/dennis-de-wilde\/\" \/>\n<meta property=\"og:site_name\" content=\"Fortis Eyewear\" \/>\n<meta property=\"article:publisher\" content=\"https:\/\/www.facebook.com\/FortisEyewear\" \/>\n<meta property=\"article:modified_time\" content=\"2020-02-12T14:02:42+00:00\" \/>\n<meta property=\"og:image\" content=\"https:\/\/fortiseyewear.co.uk\/wp-content\/uploads\/2014\/03\/DennisDeWildeHeader.jpg\" \/>\n<meta name=\"twitter:card\" content=\"summary_large_image\" \/>\n<meta name=\"twitter:site\" content=\"@fortiseyewear\" \/>\n<meta name=\"twitter:label1\" content=\"Dur\u00e9e de lecture estim\u00e9e\" \/>\n\t<meta name=\"twitter:data1\" content=\"2 minutes\" \/>\n<!-- \/ Yoast SEO Premium plugin. -->","yoast_head_json":{"title":"Fortis Eyewear Dennis De Wilde Carp Angler Netherlands","description":"Angler\u2019s such as Dennis De Wilde use polarised fishing sunglasses by Fortis Eyewear to help catch more fish. Targeting Carp in deep water using our X Bloc lens technology to eliminate surface glare from the sun will put more fish on the bank","robots":{"index":"index","follow":"follow","max-snippet":"max-snippet:-1","max-image-preview":"max-image-preview:large","max-video-preview":"max-video-preview:-1"},"canonical":"https:\/\/fortiseyewear.co.uk\/fr\/collective\/dennis-de-wilde\/","og_locale":"fr_FR","og_type":"article","og_title":"Dennis De Wilde","og_description":"Angler\u2019s such as Dennis De Wilde use polarised fishing sunglasses by Fortis Eyewear to help catch more fish. Targeting Carp in deep water using our X Bloc lens technology to eliminate surface glare from the sun will put more fish on the bank","og_url":"https:\/\/fortiseyewear.co.uk\/fr\/collective\/dennis-de-wilde\/","og_site_name":"Fortis Eyewear","article_publisher":"https:\/\/www.facebook.com\/FortisEyewear","article_modified_time":"2020-02-12T14:02:42+00:00","og_image":[{"url":"https:\/\/fortiseyewear.co.uk\/wp-content\/uploads\/2014\/03\/DennisDeWildeHeader.jpg","type":"","width":"","height":""}],"twitter_card":"summary_large_image","twitter_site":"@fortiseyewear","twitter_misc":{"Dur\u00e9e de lecture estim\u00e9e":"2 minutes"},"schema":{"@context":"https:\/\/schema.org","@graph":[{"@type":"WebPage","@id":"https:\/\/fortiseyewear.co.uk\/collective\/dennis-de-wilde\/","url":"https:\/\/fortiseyewear.co.uk\/collective\/dennis-de-wilde\/","name":"Fortis Eyewear Dennis De Wilde Carp Angler Netherlands","isPartOf":{"@id":"https:\/\/fortiseyewear.co.uk\/#website"},"primaryImageOfPage":{"@id":"https:\/\/fortiseyewear.co.uk\/collective\/dennis-de-wilde\/#primaryimage"},"image":{"@id":"https:\/\/fortiseyewear.co.uk\/collective\/dennis-de-wilde\/#primaryimage"},"thumbnailUrl":"https:\/\/fortiseyewear.co.uk\/wp-content\/uploads\/2014\/03\/DennisDeWildeHeader.jpg","datePublished":"2014-03-26T16:24:26+00:00","dateModified":"2020-02-12T14:02:42+00:00","description":"Angler\u2019s such as Dennis De Wilde use polarised fishing sunglasses by Fortis Eyewear to help catch more fish. Targeting Carp in deep water using our X Bloc lens technology to eliminate surface glare from the sun will put more fish on the bank","breadcrumb":{"@id":"https:\/\/fortiseyewear.co.uk\/collective\/dennis-de-wilde\/#breadcrumb"},"inLanguage":"fr-FR","potentialAction":[{"@type":"ReadAction","target":["https:\/\/fortiseyewear.co.uk\/collective\/dennis-de-wilde\/"]}]},{"@type":"ImageObject","inLanguage":"fr-FR","@id":"https:\/\/fortiseyewear.co.uk\/collective\/dennis-de-wilde\/#primaryimage","url":"https:\/\/fortiseyewear.co.uk\/wp-content\/uploads\/2014\/03\/DennisDeWildeHeader.jpg","contentUrl":"https:\/\/fortiseyewear.co.uk\/wp-content\/uploads\/2014\/03\/DennisDeWildeHeader.jpg"},{"@type":"BreadcrumbList","@id":"https:\/\/fortiseyewear.co.uk\/collective\/dennis-de-wilde\/#breadcrumb","itemListElement":[{"@type":"ListItem","position":1,"name":"Home","item":"https:\/\/fortiseyewear.co.uk\/"},{"@type":"ListItem","position":2,"name":"The Collective","item":"https:\/\/fortiseyewear.co.uk\/collective\/"},{"@type":"ListItem","position":3,"name":"Dennis De Wilde"}]},{"@type":"WebSite","@id":"https:\/\/fortiseyewear.co.uk\/#website","url":"https:\/\/fortiseyewear.co.uk\/","name":"Fortis Eyewear","description":"Lunettes de soleil polaris\u00e9es pour la p\u00eache","publisher":{"@id":"https:\/\/fortiseyewear.co.uk\/#organization"},"alternateName":"Fortis","potentialAction":[{"@type":"SearchAction","target":{"@type":"EntryPoint","urlTemplate":"https:\/\/fortiseyewear.co.uk\/?s={search_term_string}"},"query-input":{"@type":"PropertyValueSpecification","valueRequired":true,"valueName":"search_term_string"}}],"inLanguage":"fr-FR"},{"@type":"Organization","@id":"https:\/\/fortiseyewear.co.uk\/#organization","name":"Fortis Eyewear","alternateName":"Fortis","url":"https:\/\/fortiseyewear.co.uk\/","logo":{"@type":"ImageObject","inLanguage":"fr-FR","@id":"https:\/\/fortiseyewear.co.uk\/#\/schema\/logo\/image\/","url":"https:\/\/fortiseyewear.co.uk\/wp-content\/uploads\/2019\/05\/1.FinalLogoMOBILE.jpg","contentUrl":"https:\/\/fortiseyewear.co.uk\/wp-content\/uploads\/2019\/05\/1.FinalLogoMOBILE.jpg","width":766,"height":541,"caption":"Fortis Eyewear"},"image":{"@id":"https:\/\/fortiseyewear.co.uk\/#\/schema\/logo\/image\/"},"sameAs":["https:\/\/www.facebook.com\/FortisEyewear","https:\/\/x.com\/fortiseyewear","https:\/\/www.instagram.com\/FortisEyewear","https:\/\/www.youtube.com\/channel\/UC5uI6lYx37ltUVATG5skJLw"]}]}},"_links":{"self":[{"href":"https:\/\/fortiseyewear.co.uk\/fr\/wp-json\/wp\/v2\/pages\/2385","targetHints":{"allow":["GET"]}}],"collection":[{"href":"https:\/\/fortiseyewear.co.uk\/fr\/wp-json\/wp\/v2\/pages"}],"about":[{"href":"https:\/\/fortiseyewear.co.uk\/fr\/wp-json\/wp\/v2\/types\/page"}],"author":[{"embeddable":true,"href":"https:\/\/fortiseyewear.co.uk\/fr\/wp-json\/wp\/v2\/users\/11"}],"replies":[{"embeddable":true,"href":"https:\/\/fortiseyewear.co.uk\/fr\/wp-json\/wp\/v2\/comments?post=2385"}],"version-history":[{"count":0,"href":"https:\/\/fortiseyewear.co.uk\/fr\/wp-json\/wp\/v2\/pages\/2385\/revisions"}],"up":[{"embeddable":true,"href":"https:\/\/fortiseyewear.co.uk\/fr\/wp-json\/wp\/v2\/pages\/67"}],"wp:attachment":[{"href":"https:\/\/fortiseyewear.co.uk\/fr\/wp-json\/wp\/v2\/media?parent=2385"}],"curies":[{"name":"wp","href":"https:\/\/api.w.org\/{rel}","templated":true}]}}