{"id":249,"date":"2013-01-31T12:52:01","date_gmt":"2013-01-31T12:52:01","guid":{"rendered":"https:\/\/fortiseyewear.co.uk\/?page_id=249"},"modified":"2019-03-07T16:24:00","modified_gmt":"2019-03-07T16:24:00","slug":"terms","status":"publish","type":"page","link":"https:\/\/fortiseyewear.co.uk\/fr\/terms\/","title":{"rendered":"Conditions"},"content":{"rendered":"<h3>Conditions d'utilisation<\/h3>\n<p><strong>Introduction<\/strong><br \/>\nLes pr\u00e9sentes conditions d'utilisation r\u00e9gissent votre utilisation de notre site web ; en utilisant notre site web, vous acceptez ces conditions d'utilisation dans leur int\u00e9gralit\u00e9. Si vous n'\u00eates pas d'accord avec tout ou partie de ces conditions d'utilisation, vous ne devez pas utiliser notre site web.<\/p>\n<p>Notre site web utilise des cookies. En utilisant notre site web et en acceptant les pr\u00e9sentes conditions d'utilisation, vous consentez \u00e0 ce que nous utilisions des cookies conform\u00e9ment aux conditions de notre [politique de confidentialit\u00e9 \/ politique en mati\u00e8re de cookies].<\/p>\n<p><strong>Licence d'utilisation du site web<\/strong><br \/>\nSauf indication contraire, nous ou nos conc\u00e9dants de licence d\u00e9tenons les droits de propri\u00e9t\u00e9 intellectuelle sur le site web et le mat\u00e9riel qui s'y trouve. Sous r\u00e9serve de la licence ci-dessous, tous ces droits de propri\u00e9t\u00e9 intellectuelle sont r\u00e9serv\u00e9s.<\/p>\n<p>Vous pouvez visualiser, t\u00e9l\u00e9charger \u00e0 des fins de mise en cache uniquement, et imprimer des pages du site web pour votre usage personnel, sous r\u00e9serve des restrictions \u00e9nonc\u00e9es ci-dessous et ailleurs dans les pr\u00e9sentes conditions d'utilisation.<\/p>\n<p>Vous ne devez pas :<br \/>\n(a) republier du mat\u00e9riel provenant de ce site web (y compris la republication sur un autre site web) ;<\/p>\n<p>(b) vendre, louer ou conc\u00e9der des sous-licences sur le mat\u00e9riel du site web ;<\/p>\n<p>(c) de montrer en public tout mat\u00e9riel provenant du site web ;<\/p>\n[(d) reproduire, dupliquer, copier ou exploiter de toute autre mani\u00e8re le contenu de notre site web \u00e0 des fins commerciales ;]\n[(e) \u00e9diter ou modifier de quelque mani\u00e8re que ce soit tout \u00e9l\u00e9ment figurant sur le site web ; ou]\n[(f) redistribuer le mat\u00e9riel de ce site web [\u00e0 l'exception du contenu sp\u00e9cifiquement et express\u00e9ment mis \u00e0 disposition pour la redistribution [(tel que notre bulletin d'information)].<\/p>\n[Lorsque le contenu est sp\u00e9cifiquement mis \u00e0 disposition pour la redistribution, il ne peut \u00eatre redistribu\u00e9 que [au sein de votre organisation].<\/p>\n<p><strong>Utilisation acceptable<\/strong><br \/>\nVous ne devez pas utiliser notre site web d'une mani\u00e8re qui cause, ou pourrait causer, des dommages au site web ou une atteinte \u00e0 la disponibilit\u00e9 ou \u00e0 l'accessibilit\u00e9 du site web, ou d'une mani\u00e8re ill\u00e9gale, illicite, frauduleuse ou pr\u00e9judiciable, ou en relation avec un objectif ou une activit\u00e9 ill\u00e9gale, illicite, frauduleuse ou pr\u00e9judiciable.<\/p>\n<p>Vous ne devez pas utiliser notre site web pour copier, stocker, h\u00e9berger, transmettre, envoyer, utiliser, publier ou distribuer du mat\u00e9riel qui consiste en (ou est li\u00e9 \u00e0) un logiciel espion, un virus informatique, un cheval de Troie, un ver, un enregistreur de frappe, un rootkit ou tout autre logiciel informatique malveillant.<\/p>\n<p>Vous ne devez pas mener d'activit\u00e9s syst\u00e9matiques ou automatis\u00e9es de collecte de donn\u00e9es (y compris, mais sans s'y limiter, le scraping, le data mining, l'extraction de donn\u00e9es et la r\u00e9colte de donn\u00e9es) sur notre site web ou en relation avec celui-ci sans notre consentement \u00e9crit expr\u00e8s.<\/p>\n[Vous ne devez pas utiliser notre site Web pour transmettre ou envoyer des communications commerciales non sollicit\u00e9es].\n[Vous ne devez pas utiliser notre site Web \u00e0 des fins li\u00e9es au marketing sans notre consentement \u00e9crit expr\u00e8s].\n<p><strong>Acc\u00e8s restreint<\/strong><br \/>\n[Nous nous r\u00e9servons le droit de restreindre l'acc\u00e8s \u00e0 [d'autres] zones de notre site web, voire \u00e0 l'ensemble de notre site web, \u00e0 notre discr\u00e9tion.<\/p>\n<p>Si nous vous fournissons un identifiant et un mot de passe pour vous permettre d'acc\u00e9der \u00e0 des zones restreintes de notre site web ou \u00e0 d'autres contenus ou services, vous devez veiller \u00e0 ce que cet identifiant et ce mot de passe restent confidentiels.<\/p>\n<p>Vous devez nous informer imm\u00e9diatement par \u00e9crit si vous avez connaissance d'une utilisation non autoris\u00e9e de votre compte ou de votre mot de passe.<\/p>\n<p>Vous \u00eates responsable de toute activit\u00e9 sur notre site web r\u00e9sultant d'un manquement \u00e0 la confidentialit\u00e9 de votre mot de passe, et pouvez \u00eatre tenu responsable de toute perte r\u00e9sultant d'un tel manquement.<\/p>\n<p>Vous ne devez pas utiliser l'identifiant et le mot de passe d'une autre personne pour acc\u00e9der \u00e0 notre site web[, sauf si vous avez l'autorisation expresse de cette personne de le faire].<\/p>\n[Nous pouvons d\u00e9sactiver votre nom d'utilisateur et votre mot de passe \u00e0 notre seule discr\u00e9tion, sans pr\u00e9avis ni explication].\n<p><strong>Contenu g\u00e9n\u00e9r\u00e9 par l'utilisateur<\/strong><br \/>\nDans les pr\u00e9sentes conditions d'utilisation, \"votre contenu utilisateur\" d\u00e9signe le mat\u00e9riel (y compris, mais sans s'y limiter, les textes, les images, le mat\u00e9riel audio, le mat\u00e9riel vid\u00e9o et le mat\u00e9riel audiovisuel) que vous soumettez \u00e0 notre site web, \u00e0 quelque fin que ce soit.<\/p>\n<p>Vous nous accordez une licence mondiale, irr\u00e9vocable, non exclusive et libre de redevances pour utiliser, reproduire, adapter, publier, traduire et distribuer votre contenu utilisateur dans tout m\u00e9dia existant ou futur. Vous nous accordez \u00e9galement le droit de conc\u00e9der des sous-licences sur ces droits, ainsi que le droit d'intenter une action en cas de violation de ces droits.<\/p>\n<p>Vous garantissez et d\u00e9clarez que votre contenu utilisateur est conforme aux pr\u00e9sentes conditions d'utilisation.<\/p>\n<p>Votre contenu utilisateur ne doit pas \u00eatre ill\u00e9gal ou illicite, ne doit pas enfreindre les droits l\u00e9gaux d'un tiers et ne doit pas \u00eatre susceptible de donner lieu \u00e0 une action en justice contre vous, nous ou un tiers (dans chaque cas en vertu de toute loi applicable).<\/p>\n<p>Vous ne devez pas soumettre de contenu utilisateur sur le site web qui fait ou a fait l'objet d'une menace ou d'une action en justice ou d'une plainte similaire.<\/p>\n<p>Nous nous r\u00e9servons le droit de modifier ou de supprimer tout mat\u00e9riel soumis \u00e0 notre site web, ou stock\u00e9 sur nos serveurs, ou h\u00e9berg\u00e9 ou publi\u00e9 sur notre site web.<\/p>\n[Nonobstant les droits que nous conf\u00e8rent les pr\u00e9sentes conditions d'utilisation en ce qui concerne le contenu des utilisateurs, nous ne nous engageons pas \u00e0 contr\u00f4ler la soumission de ce contenu \u00e0 notre site web ou la publication de ce contenu sur celui-ci].\n<p><strong>Garanties limit\u00e9es<\/strong><br \/>\nNous ne garantissons pas l'exhaustivit\u00e9 ou l'exactitude des informations publi\u00e9es sur ce site web ; nous ne nous engageons pas non plus \u00e0 garantir que le site web reste disponible ou que le mat\u00e9riel qu'il contient soit tenu \u00e0 jour.<\/p>\n<p>Dans toute la mesure permise par la loi applicable, nous excluons toutes les repr\u00e9sentations, garanties et conditions relatives \u00e0 ce site web et \u00e0 son utilisation (y compris, mais sans s'y limiter, toutes les garanties implicites par la loi de qualit\u00e9 satisfaisante, d'ad\u00e9quation \u00e0 l'objectif et\/ou d'utilisation d'un soin et d'une comp\u00e9tence raisonnables).<\/p>\n<p><strong>Violation des pr\u00e9sentes conditions d'utilisation<\/strong><br \/>\nSans pr\u00e9judice de nos autres droits en vertu des pr\u00e9sentes conditions d'utilisation, si vous enfreignez les pr\u00e9sentes conditions d'utilisation de quelque mani\u00e8re que ce soit, nous pouvons prendre les mesures que nous jugeons appropri\u00e9es pour rem\u00e9dier \u00e0 l'infraction, y compris suspendre votre acc\u00e8s au site web, vous interdire d'acc\u00e9der au site web, bloquer les ordinateurs utilisant votre adresse IP pour acc\u00e9der au site web, contacter votre fournisseur d'acc\u00e8s \u00e0 Internet pour lui demander de bloquer votre acc\u00e8s au site web et\/ou intenter une action en justice contre vous.<\/p>\n<p><strong>Variation<\/strong><br \/>\nNous pouvons r\u00e9viser ces conditions d'utilisation de temps \u00e0 autre. Les conditions d'utilisation r\u00e9vis\u00e9es s'appliqueront \u00e0 l'utilisation de notre site web \u00e0 compter de la date de publication des conditions d'utilisation r\u00e9vis\u00e9es sur notre site web. Veuillez consulter r\u00e9guli\u00e8rement cette page afin de vous familiariser avec la version actuelle.<\/p>\n<p><strong>Affectation<\/strong><br \/>\nNous pouvons transf\u00e9rer, sous-traiter ou traiter d'une autre mani\u00e8re nos droits et\/ou obligations en vertu des pr\u00e9sentes conditions d'utilisation sans vous en informer ou obtenir votre consentement.<\/p>\n<p>Vous ne pouvez pas transf\u00e9rer, sous-traiter ou traiter d'une autre mani\u00e8re vos droits et\/ou obligations en vertu des pr\u00e9sentes conditions d'utilisation.<\/p>\n<p><strong>S\u00e9v\u00e9rit\u00e9<\/strong><br \/>\nSi une disposition des pr\u00e9sentes conditions d'utilisation est jug\u00e9e ill\u00e9gale et\/ou inapplicable par un tribunal ou une autre autorit\u00e9 comp\u00e9tente, les autres dispositions resteront en vigueur. Si une disposition ill\u00e9gale et\/ou inapplicable \u00e9tait l\u00e9gale ou applicable si une partie \u00e9tait supprim\u00e9e, cette partie serait consid\u00e9r\u00e9e comme supprim\u00e9e et le reste de la disposition continuerait \u00e0 produire ses effets.<\/p>\n<p><strong>Exclusion des droits des tiers<\/strong><br \/>\nLes pr\u00e9sentes conditions d'utilisation sont destin\u00e9es \u00e0 vous et \u00e0 nous, et ne sont pas destin\u00e9es \u00e0 b\u00e9n\u00e9ficier \u00e0 un tiers ou \u00e0 \u00eatre appliqu\u00e9es par un tiers. L'exercice de nos droits et des v\u00f4tres en relation avec les pr\u00e9sentes conditions d'utilisation n'est pas soumis au consentement d'un tiers.<\/p>\n<p><strong>Int\u00e9gralit\u00e9 de l'accord<\/strong><br \/>\nLes pr\u00e9sentes conditions d'utilisation[, ainsi que notre politique de confidentialit\u00e9,] constituent l'int\u00e9gralit\u00e9 de l'accord entre vous et nous en ce qui concerne votre utilisation de notre site web, et remplacent tous les accords ant\u00e9rieurs relatifs \u00e0 votre utilisation de ce site web.<\/p>\n<p><strong>Droit et juridiction<\/strong><br \/>\nLes pr\u00e9sentes conditions d'utilisation seront r\u00e9gies et interpr\u00e9t\u00e9es conform\u00e9ment au droit anglais, et tout litige relatif aux pr\u00e9sentes conditions d'utilisation sera soumis \u00e0 la comp\u00e9tence [non] exclusive des tribunaux d'Angleterre et du Pays de Galles.<\/p>\n<p><strong>Nos coordonn\u00e9es<\/strong><br \/>\nLe nom complet de notre soci\u00e9t\u00e9 est iAngler Ltd.<\/p>\n<p>Nous sommes enregistr\u00e9s en Angleterre et au Pays de Galles sous le num\u00e9ro 07258302.<\/p>\n<p>Notre adresse est 39 Mays Hill Road Bromley Kent BR2 0HS, UK.<\/p>\n<p>Vous pouvez nous contacter par e-mail \u00e0 info [at] test.fortiseyewear.co.uk<\/p>\n<p>&nbsp;<\/p>\n<p><strong>Conditions de livraison de Fortis Eyewear<\/strong><br \/>\nToute commande et tout achat ult\u00e9rieur de produits (tels que d\u00e9finis ci-dessous) ou de services de Fortis Eyewear sont r\u00e9gis par les conditions g\u00e9n\u00e9rales suivantes. Veuillez les lire attentivement.<\/p>\n<p><strong>Les pr\u00e9sentes conditions g\u00e9n\u00e9rales n'affectent pas vos droits statutaires en tant que consommateur<\/strong><\/p>\n<p>Dans ces conditions :<br \/>\n\"Fortis Eyewear\" est le nom commercial de iAngler LTD, qui op\u00e8re sur Internet \u00e0 l'adresse www.test.fortiseyewear.co.uk, par t\u00e9l\u00e9phone au num\u00e9ro 0208 460 7597 et par correspondance \u00e0 l'adresse 39 Mays Hill Road Bromley Kent BR2 0HS. \"Nous\" \/ \"Us\" \/ \"Our\" fait r\u00e9f\u00e9rence \u00e0 Fortis Eyewear, \"You\" \/ \"Yours\" fait r\u00e9f\u00e9rence au client. Num\u00e9ro d'entreprise britannique : 7258302. Num\u00e9ro de TVA : 153 171 826. Si\u00e8ge social : 39 Mays Hill Road Bromley Kent BR2 0HS<\/p>\n<p><strong>Obligations des clients<\/strong><br \/>\n1. En envoyant votre commande \u00e0 Fortis Eyewear, vous confirmez :<br \/>\ni. Vous \u00eates \u00e2g\u00e9 de 16 ans ou plus et n'\u00eates pas enregistr\u00e9 comme aveugle ou malvoyant ;<br \/>\nii. vous \u00eates en possession d'une ordonnance \u00e9crite pour vos lunettes qui vous a \u00e9t\u00e9 d\u00e9livr\u00e9e par une personne d\u00fbment qualifi\u00e9e au cours des 24 derniers mois (ou 12 mois si vous \u00eates \u00e2g\u00e9 de 70 ans ou plus) ; et<br \/>\niii. Vous fournirez des d\u00e9tails pr\u00e9cis sur votre ordonnance actuelle (y compris toute note sur l'ordonnance) lorsqu'on vous le demandera.<br \/>\n<strong><\/strong><\/p>\n<p><strong>Commandes de marchandises<\/strong><br \/>\n1. Les commandes \u00e0 Fortis Eyewear doivent \u00eatre pass\u00e9es soit par Internet \u00e0 l'adresse www.test.fortiseyewear.co.uk, soit par t\u00e9l\u00e9phone \u00e0 l'adresse 02084607597.<br \/>\n2. La soumission d'une commande repr\u00e9sente une offre d'achat de produits de Fortis Eyewear, et nous pouvons confirmer la r\u00e9ception de cette offre par e-mail (si la commande est pass\u00e9e via le site) ou verbalement (si la commande est pass\u00e9e par t\u00e9l\u00e9phone).<br \/>\n3. Nous n'acceptons les commandes de lunettes de prescription qu'une fois que votre paiement a \u00e9t\u00e9 trait\u00e9 et qu'elles ont \u00e9t\u00e9 examin\u00e9es et autoris\u00e9es par un opticien d'officine.<\/p>\n<p><strong>Limites de l'offre<\/strong><br \/>\n1. Nous ferons un effort raisonnable pour veiller \u00e0 ce que toutes les commandes soient honor\u00e9es ; toutefois, nous ne pouvons pas garantir la disponibilit\u00e9 des marchandises. Si les produits que vous avez command\u00e9s ne sont pas disponibles, nous essaierons de vous contacter pour vous donner le choix entre une alternative ou un remboursement. Si nous ne sommes pas en mesure de vous contacter, votre commande sera annul\u00e9e et vous serez int\u00e9gralement rembours\u00e9.<br \/>\n2. Sur les conseils de nos opticiens d'officine, nous avons toute latitude pour accepter ou non votre commande.<br \/>\n3. Si cela est jug\u00e9 n\u00e9cessaire ou appropri\u00e9 avant l'acceptation d'une commande, les opticiens d'officine de Fortis Eyewear disposent d'un pouvoir discr\u00e9tionnaire absolu :<br \/>\ni. dans des circonstances exceptionnelles, organiser une consultation gratuite en face \u00e0 face avec les clients ;<br \/>\nii. vous demander de nous envoyer une copie de votre ordonnance \u00e9crite ;<br \/>\niii. de contacter directement, ou de vous demander de contacter, l'opticien qui a fourni votre ordonnance pour v\u00e9rifier et\/ou discuter de votre ordonnance ;<br \/>\niv. pour demander \u00e0 votre opticien de mesurer l'\u00e9cart pupillaire ; ou<br \/>\nv. vous demander d'obtenir une nouvelle ordonnance \u00e9crite aupr\u00e8s de votre opticien.<\/p>\n<p><strong>Prix et paiement<\/strong><br \/>\n1. Les prix indiqu\u00e9s comprennent la taxe sur la valeur ajout\u00e9e (TVA) que Fortis Eyewear doit \u00e9ventuellement reverser aux autorit\u00e9s fiscales.<br \/>\n2. Nous ferons tout notre possible pour garantir l'exactitude des prix et des informations relatives aux prix indiqu\u00e9s sur le site.<br \/>\n3. Toutefois, nous ne pouvons pas garantir que nous ne commettrons pas d'erreur et que nous ne fixerons pas mal le prix d'un article par inadvertance. Si tel est le cas, l'opticien d'officine qui examine et autorise votre commande vous informera de l'erreur avant que votre paiement ne soit trait\u00e9. Vous aurez alors le choix d'accepter le prix correct ou d'annuler votre commande.<br \/>\n4. Le prix que vous payez est un prix de d\u00e9tail tel qu'il appara\u00eet dans votre panier. Dans certains territoires o\u00f9 nous vendons, nous sommes tenus de d\u00e9clarer une partie du prix de vente \u00e0 la juridiction fiscale comp\u00e9tente et de payer ce montant au titre de l'imp\u00f4t. Nous n'ajustons pas nos prix en fonction de la taxe de vente subie, qui varie d'un pays \u00e0 l'autre. Nous n'ajoutons pas de taxe au montant indiqu\u00e9 dans votre panier.<br \/>\n5. Dans certains pays de livraison, il peut y avoir des r\u00e8gles impos\u00e9es localement qui factureront la TVA \u00e0 l'importation \u00e0 l'acheteur. Fortis Eyewear n'est pas en mesure de rembourser ces frais.<\/p>\n<p><strong>Livraison et transport<\/strong><br \/>\n1. Nous ferons tout ce qui est raisonnablement possible pour que vos marchandises vous soient exp\u00e9di\u00e9es le plus rapidement possible apr\u00e8s avoir pass\u00e9 votre commande.<br \/>\n2. Vous serez inform\u00e9 par courrier \u00e9lectronique au moment de l'exp\u00e9dition de vos marchandises.<br \/>\n3. La livraison des marchandises est effectu\u00e9e \u00e0 l'adresse que vous avez indiqu\u00e9e au moment de la passation de votre commande.<br \/>\n4. Si vos marchandises ne sont pas livr\u00e9es en toute s\u00e9curit\u00e9 dans un d\u00e9lai raisonnable \u00e0 compter de la r\u00e9ception de l'avis d'exp\u00e9dition, vous devez nous contacter. Les clients doivent inspecter rapidement les marchandises qui leur sont livr\u00e9es afin de s'assurer qu'elles sont conformes \u00e0 ce qui \u00e9tait pr\u00e9vu.<br \/>\n5. En cas de non livraison, si Fortis Eyewear ou notre coursier est en faute, vous aurez le choix entre un remboursement complet ou une nouvelle livraison.<br \/>\n<strong><\/strong><\/p>\n<p><strong>Retours (de marchandises)<\/strong><br \/>\nVeuillez consulter notre <a title=\"retours\" href=\"\/fr\/?page_id=2015\">politique de retour<\/a> pour plus de d\u00e9tails sur le traitement des retours.<\/p>","protected":false},"excerpt":{"rendered":"<p>Conditions d'utilisation Introduction Les pr\u00e9sentes conditions d'utilisation r\u00e9gissent votre utilisation de notre site web ; en utilisant notre site web, vous acceptez l'int\u00e9gralit\u00e9 de ces conditions d'utilisation. Si vous n'\u00eates pas d'accord avec tout ou partie de ces conditions d'utilisation, vous ne devez pas utiliser notre site web. Notre site web utilise des cookies. En utilisant notre<\/p>","protected":false},"author":11,"featured_media":0,"parent":0,"menu_order":0,"comment_status":"closed","ping_status":"open","template":"","meta":{"_acf_changed":false,"footnotes":""},"class_list":["post-249","page","type-page","status-publish","hentry","prodpage-classic"],"acf":[],"yoast_head":"<!-- This site is optimized with the Yoast SEO Premium plugin v26.7 (Yoast SEO v26.7) - https:\/\/yoast.com\/wordpress\/plugins\/seo\/ -->\n<title>Terms - Fortis Eyewear<\/title>\n<meta name=\"description\" content=\"Fortis Eyewear polarised fishing sunglasses help the angler find fish in rivers, streams &amp; lakes, using our X Bloc lens technology to eliminate surface glare from the sun, check out our terms here\" \/>\n<meta name=\"robots\" content=\"index, follow, max-snippet:-1, max-image-preview:large, max-video-preview:-1\" \/>\n<link rel=\"canonical\" href=\"https:\/\/fortiseyewear.co.uk\/fr\/terms\/\" \/>\n<meta property=\"og:locale\" content=\"fr_FR\" \/>\n<meta property=\"og:type\" content=\"article\" \/>\n<meta property=\"og:title\" content=\"Terms\" \/>\n<meta property=\"og:description\" content=\"Fortis Eyewear polarised fishing sunglasses help the angler find fish in rivers, streams &amp; lakes, using our X Bloc lens technology to eliminate surface glare from the sun, check out our terms here\" \/>\n<meta property=\"og:url\" content=\"https:\/\/fortiseyewear.co.uk\/fr\/terms\/\" \/>\n<meta property=\"og:site_name\" content=\"Fortis Eyewear\" \/>\n<meta property=\"article:publisher\" content=\"https:\/\/www.facebook.com\/FortisEyewear\" \/>\n<meta property=\"article:modified_time\" content=\"2019-03-07T16:24:00+00:00\" \/>\n<meta property=\"og:image\" content=\"https:\/\/fortiseyewear.co.uk\/wp-content\/uploads\/2023\/05\/Fallback-Image.jpg\" \/>\n\t<meta property=\"og:image:width\" content=\"1200\" \/>\n\t<meta property=\"og:image:height\" content=\"675\" \/>\n\t<meta property=\"og:image:type\" content=\"image\/jpeg\" \/>\n<meta name=\"twitter:card\" content=\"summary_large_image\" \/>\n<meta name=\"twitter:site\" content=\"@fortiseyewear\" \/>\n<meta name=\"twitter:label1\" content=\"Dur\u00e9e de lecture estim\u00e9e\" \/>\n\t<meta name=\"twitter:data1\" content=\"11 minutes\" \/>\n<!-- \/ Yoast SEO Premium plugin. -->","yoast_head_json":{"title":"Conditions - Fortis Eyewear","description":"Les lunettes de soleil polaris\u00e9es Fortis Eyewear aident le p\u00eacheur \u00e0 trouver les poissons dans les rivi\u00e8res, les ruisseaux et les lacs, en utilisant notre technologie de lentilles X Bloc pour \u00e9liminer l'\u00e9blouissement de la surface du soleil.","robots":{"index":"index","follow":"follow","max-snippet":"max-snippet:-1","max-image-preview":"max-image-preview:large","max-video-preview":"max-video-preview:-1"},"canonical":"https:\/\/fortiseyewear.co.uk\/fr\/terms\/","og_locale":"fr_FR","og_type":"article","og_title":"Terms","og_description":"Fortis Eyewear polarised fishing sunglasses help the angler find fish in rivers, streams & lakes, using our X Bloc lens technology to eliminate surface glare from the sun, check out our terms here","og_url":"https:\/\/fortiseyewear.co.uk\/fr\/terms\/","og_site_name":"Fortis Eyewear","article_publisher":"https:\/\/www.facebook.com\/FortisEyewear","article_modified_time":"2019-03-07T16:24:00+00:00","og_image":[{"width":1200,"height":675,"url":"https:\/\/fortiseyewear.co.uk\/wp-content\/uploads\/2023\/05\/Fallback-Image.jpg","type":"image\/jpeg"}],"twitter_card":"summary_large_image","twitter_site":"@fortiseyewear","twitter_misc":{"Dur\u00e9e de lecture estim\u00e9e":"11 minutes"},"schema":{"@context":"https:\/\/schema.org","@graph":[{"@type":"WebPage","@id":"https:\/\/fortiseyewear.co.uk\/terms\/","url":"https:\/\/fortiseyewear.co.uk\/terms\/","name":"Conditions - Fortis Eyewear","isPartOf":{"@id":"https:\/\/fortiseyewear.co.uk\/#website"},"datePublished":"2013-01-31T12:52:01+00:00","dateModified":"2019-03-07T16:24:00+00:00","description":"Les lunettes de soleil polaris\u00e9es Fortis Eyewear aident le p\u00eacheur \u00e0 trouver les poissons dans les rivi\u00e8res, les ruisseaux et les lacs, en utilisant notre technologie de lentilles X Bloc pour \u00e9liminer l'\u00e9blouissement de la surface du soleil.","breadcrumb":{"@id":"https:\/\/fortiseyewear.co.uk\/terms\/#breadcrumb"},"inLanguage":"fr-FR","potentialAction":[{"@type":"ReadAction","target":["https:\/\/fortiseyewear.co.uk\/terms\/"]}]},{"@type":"BreadcrumbList","@id":"https:\/\/fortiseyewear.co.uk\/terms\/#breadcrumb","itemListElement":[{"@type":"ListItem","position":1,"name":"Home","item":"https:\/\/fortiseyewear.co.uk\/"},{"@type":"ListItem","position":2,"name":"Terms"}]},{"@type":"WebSite","@id":"https:\/\/fortiseyewear.co.uk\/#website","url":"https:\/\/fortiseyewear.co.uk\/","name":"Fortis Eyewear","description":"Lunettes de soleil polaris\u00e9es pour la p\u00eache","publisher":{"@id":"https:\/\/fortiseyewear.co.uk\/#organization"},"alternateName":"Fortis","potentialAction":[{"@type":"SearchAction","target":{"@type":"EntryPoint","urlTemplate":"https:\/\/fortiseyewear.co.uk\/?s={search_term_string}"},"query-input":{"@type":"PropertyValueSpecification","valueRequired":true,"valueName":"search_term_string"}}],"inLanguage":"fr-FR"},{"@type":"Organization","@id":"https:\/\/fortiseyewear.co.uk\/#organization","name":"Fortis Eyewear","alternateName":"Fortis","url":"https:\/\/fortiseyewear.co.uk\/","logo":{"@type":"ImageObject","inLanguage":"fr-FR","@id":"https:\/\/fortiseyewear.co.uk\/#\/schema\/logo\/image\/","url":"https:\/\/fortiseyewear.co.uk\/wp-content\/uploads\/2019\/05\/1.FinalLogoMOBILE.jpg","contentUrl":"https:\/\/fortiseyewear.co.uk\/wp-content\/uploads\/2019\/05\/1.FinalLogoMOBILE.jpg","width":766,"height":541,"caption":"Fortis Eyewear"},"image":{"@id":"https:\/\/fortiseyewear.co.uk\/#\/schema\/logo\/image\/"},"sameAs":["https:\/\/www.facebook.com\/FortisEyewear","https:\/\/x.com\/fortiseyewear","https:\/\/www.instagram.com\/FortisEyewear","https:\/\/www.youtube.com\/channel\/UC5uI6lYx37ltUVATG5skJLw"]}]}},"_links":{"self":[{"href":"https:\/\/fortiseyewear.co.uk\/fr\/wp-json\/wp\/v2\/pages\/249","targetHints":{"allow":["GET"]}}],"collection":[{"href":"https:\/\/fortiseyewear.co.uk\/fr\/wp-json\/wp\/v2\/pages"}],"about":[{"href":"https:\/\/fortiseyewear.co.uk\/fr\/wp-json\/wp\/v2\/types\/page"}],"author":[{"embeddable":true,"href":"https:\/\/fortiseyewear.co.uk\/fr\/wp-json\/wp\/v2\/users\/11"}],"replies":[{"embeddable":true,"href":"https:\/\/fortiseyewear.co.uk\/fr\/wp-json\/wp\/v2\/comments?post=249"}],"version-history":[{"count":0,"href":"https:\/\/fortiseyewear.co.uk\/fr\/wp-json\/wp\/v2\/pages\/249\/revisions"}],"wp:attachment":[{"href":"https:\/\/fortiseyewear.co.uk\/fr\/wp-json\/wp\/v2\/media?parent=249"}],"curies":[{"name":"wp","href":"https:\/\/api.w.org\/{rel}","templated":true}]}}