{"id":2571,"date":"2014-04-11T14:54:44","date_gmt":"2014-04-11T14:54:44","guid":{"rendered":"https:\/\/fortiseyewear.co.uk\/?page_id=2571"},"modified":"2020-02-12T14:06:48","modified_gmt":"2020-02-12T14:06:48","slug":"geert-ooms","status":"publish","type":"page","link":"https:\/\/fortiseyewear.co.uk\/fr\/collective\/geert-ooms\/","title":{"rendered":"Geert Ooms"},"content":{"rendered":"<h3><img decoding=\"async\" class=\"alignnone size-full wp-image-4637\" src=\"https:\/\/fortiseyewear.co.uk\/wp-content\/uploads\/2014\/04\/GeertOomsHeader.jpg\" alt=\"GeertOomsHeader\" width=\"680\" height=\"226\" \/><\/h3>\n<h3>A new direction<\/h3>\n<p>Where angling is mostly considered a hobby by the majority of people foreign to our passion, to me, throughout the years it really has become a way of life. Nowadays, nearly all my spare time is built around fishing and holidays are always planned to suit the best possible times to be out on the bank. Although I\u2019m well aware that there is much more in life then only fishing (something a lot of anglers tend to forget), I\u2019m strongly convinced that my life wouldn\u2019t be the same without it. Angling has taken me on some exciting adventures in France and Italy tackling large reservoirs and big rivers but also in my native country, Belgium, has seen me living my passion profoundly.[toggle_basic title=&#8221;Read More&#8221;]\n<p>Unfortunately responsibilities at work and the workload that goes with these responsibilities\u00a0 have in the recent years dictated a slight change of track so fishing gradually has become more focused on tackling waters in Belgium rather than venturing around Europe. Not that this is a punishment, far from a punishment really, I believe that our country holds a good stock of impressive fish to fish for. The same goes for the venues that we can fish since there is so much to choose from. \u00a0I don\u2019t like fishing the same venues for years no end so I tend to travel a lot in order to fish different types of water which makes my time on the bank much more interesting. Whether it&#8217;s big sandpits, canals, intimate gravel pits or inland seas and rivers, as long as I enjoy spending time trying to catch one, I\u2019m willing to invest every possible minute being there.<\/p>\n<p>The venues that generally draw my attention are those where surprises might still occur, venues that have a small stock of old scaly carp or those holding carp that not everyone has had in their hands. Places where carp remain nameless or don\u2019t show traces of previous captures are the ones of particular interest. As far as I\u2019m concerned, I prefer chasing special fish instead of just tempting to catch a big fish, although I don\u2019t object when those two combine, now would I?! On my compass, the choice of venue is often indicated by an alternative direction than the one that the majority of carpers think is the true north. My angling and the way I experience it is a purely personal matter and can certainly never be leaded by some new hype where everyone rages about.<\/p>\n<p>No matter where I\u2019m fishing, regardless what I\u2019m fishing for, every session spent on the bank makes me feel alive and I know that this is the life I so dearly enjoy. Watching the sun rise over a windswept pit makes me realize that my faith reflects much brighter in the flickering of the first rays of sun caressing the surface, making me think about the true meaning of life, finding peace of mind\u2026[\/toggle_basic]\n[shareprints gallery_id=&#8221;4587&#8243; gallery_type=&#8221;masonry&#8221; gallery_position=&#8221;pos_center&#8221; gallery_width=&#8221;width_100&#8243; image_size=&#8221;medium&#8221; image_padding=&#8221;5&#8243; theme=&#8221;dark&#8221; image_hover=&#8221;colortosepia&#8221; lightbox_type=&#8221;slide&#8221; titles=&#8221;true&#8221; captions=&#8221;true&#8221; descriptions=&#8221;true&#8221; comments=&#8221;false&#8221; sharing=&#8221;true&#8221;]\n","protected":false},"excerpt":{"rendered":"<p>Une nouvelle orientation Alors que la p\u00eache \u00e0 la ligne est consid\u00e9r\u00e9e comme un hobby par la majorit\u00e9 des personnes \u00e9trang\u00e8res \u00e0 notre passion, pour moi, au fil des ann\u00e9es, elle est vraiment devenue un mode de vie. Aujourd'hui, presque tout mon temps libre est consacr\u00e9 \u00e0 la p\u00eache et mes vacances sont toujours planifi\u00e9es en fonction des meilleures p\u00e9riodes possibles.<\/p>","protected":false},"author":11,"featured_media":0,"parent":67,"menu_order":0,"comment_status":"closed","ping_status":"open","template":"","meta":{"_acf_changed":false,"footnotes":""},"class_list":["post-2571","page","type-page","status-publish","hentry","prodpage-classic"],"acf":[],"yoast_head":"<!-- This site is optimized with the Yoast SEO Premium plugin v27.5 (Yoast SEO v27.5) - https:\/\/yoast.com\/product\/yoast-seo-premium-wordpress\/ -->\n<title>Fortis Eyewear Polarised Fishing Sunglasses Geert Ooms Carp Angler Belgium<\/title>\n<meta name=\"description\" content=\"European Angler\u2019s such as Giovanni Vanhooren from Monkey Climber use polarised fishing sunglasses by Fortis Eyewear to help catch more fish. Targeting Carp in deep water using our X Bloc lens technology to eliminate surface glare from the sun will put more fish on the bank\" \/>\n<meta name=\"robots\" content=\"index, follow, max-snippet:-1, max-image-preview:large, max-video-preview:-1\" \/>\n<link rel=\"canonical\" href=\"https:\/\/fortiseyewear.co.uk\/fr\/collective\/geert-ooms\/\" \/>\n<meta property=\"og:locale\" content=\"fr_FR\" \/>\n<meta property=\"og:type\" content=\"article\" \/>\n<meta property=\"og:title\" content=\"Geert Ooms\" \/>\n<meta property=\"og:description\" content=\"European Angler\u2019s such as Giovanni Vanhooren from Monkey Climber use polarised fishing sunglasses by Fortis Eyewear to help catch more fish. Targeting Carp in deep water using our X Bloc lens technology to eliminate surface glare from the sun will put more fish on the bank\" \/>\n<meta property=\"og:url\" content=\"https:\/\/fortiseyewear.co.uk\/fr\/collective\/geert-ooms\/\" \/>\n<meta property=\"og:site_name\" content=\"Fortis Eyewear\" \/>\n<meta property=\"article:publisher\" content=\"https:\/\/www.facebook.com\/FortisEyewear\" \/>\n<meta property=\"article:modified_time\" content=\"2020-02-12T14:06:48+00:00\" \/>\n<meta property=\"og:image\" content=\"https:\/\/fortiseyewear.co.uk\/wp-content\/uploads\/2014\/04\/GeertOomsHeader.jpg\" \/>\n<meta name=\"twitter:card\" content=\"summary_large_image\" \/>\n<meta name=\"twitter:site\" content=\"@fortiseyewear\" \/>\n<meta name=\"twitter:label1\" content=\"Dur\u00e9e de lecture estim\u00e9e\" \/>\n\t<meta name=\"twitter:data1\" content=\"3 minutes\" \/>\n<!-- \/ Yoast SEO Premium plugin. -->","yoast_head_json":{"title":"Fortis Eyewear Polarised Fishing Sunglasses Geert Ooms Carp Angler Belgium","description":"European Angler\u2019s such as Giovanni Vanhooren from Monkey Climber use polarised fishing sunglasses by Fortis Eyewear to help catch more fish. Targeting Carp in deep water using our X Bloc lens technology to eliminate surface glare from the sun will put more fish on the bank","robots":{"index":"index","follow":"follow","max-snippet":"max-snippet:-1","max-image-preview":"max-image-preview:large","max-video-preview":"max-video-preview:-1"},"canonical":"https:\/\/fortiseyewear.co.uk\/fr\/collective\/geert-ooms\/","og_locale":"fr_FR","og_type":"article","og_title":"Geert Ooms","og_description":"European Angler\u2019s such as Giovanni Vanhooren from Monkey Climber use polarised fishing sunglasses by Fortis Eyewear to help catch more fish. Targeting Carp in deep water using our X Bloc lens technology to eliminate surface glare from the sun will put more fish on the bank","og_url":"https:\/\/fortiseyewear.co.uk\/fr\/collective\/geert-ooms\/","og_site_name":"Fortis Eyewear","article_publisher":"https:\/\/www.facebook.com\/FortisEyewear","article_modified_time":"2020-02-12T14:06:48+00:00","og_image":[{"url":"https:\/\/fortiseyewear.co.uk\/wp-content\/uploads\/2014\/04\/GeertOomsHeader.jpg","type":"","width":"","height":""}],"twitter_card":"summary_large_image","twitter_site":"@fortiseyewear","twitter_misc":{"Dur\u00e9e de lecture estim\u00e9e":"3 minutes"},"schema":{"@context":"https:\/\/schema.org","@graph":[{"@type":"WebPage","@id":"https:\/\/fortiseyewear.co.uk\/collective\/geert-ooms\/","url":"https:\/\/fortiseyewear.co.uk\/collective\/geert-ooms\/","name":"Fortis Eyewear Polarised Fishing Sunglasses Geert Ooms Carp Angler Belgium","isPartOf":{"@id":"https:\/\/fortiseyewear.co.uk\/#website"},"primaryImageOfPage":{"@id":"https:\/\/fortiseyewear.co.uk\/collective\/geert-ooms\/#primaryimage"},"image":{"@id":"https:\/\/fortiseyewear.co.uk\/collective\/geert-ooms\/#primaryimage"},"thumbnailUrl":"https:\/\/fortiseyewear.co.uk\/wp-content\/uploads\/2014\/04\/GeertOomsHeader.jpg","datePublished":"2014-04-11T14:54:44+00:00","dateModified":"2020-02-12T14:06:48+00:00","description":"European Angler\u2019s such as Giovanni Vanhooren from Monkey Climber use polarised fishing sunglasses by Fortis Eyewear to help catch more fish. Targeting Carp in deep water using our X Bloc lens technology to eliminate surface glare from the sun will put more fish on the bank","breadcrumb":{"@id":"https:\/\/fortiseyewear.co.uk\/collective\/geert-ooms\/#breadcrumb"},"inLanguage":"fr-FR","potentialAction":[{"@type":"ReadAction","target":["https:\/\/fortiseyewear.co.uk\/collective\/geert-ooms\/"]}]},{"@type":"ImageObject","inLanguage":"fr-FR","@id":"https:\/\/fortiseyewear.co.uk\/collective\/geert-ooms\/#primaryimage","url":"https:\/\/fortiseyewear.co.uk\/wp-content\/uploads\/2014\/04\/GeertOomsHeader.jpg","contentUrl":"https:\/\/fortiseyewear.co.uk\/wp-content\/uploads\/2014\/04\/GeertOomsHeader.jpg"},{"@type":"BreadcrumbList","@id":"https:\/\/fortiseyewear.co.uk\/collective\/geert-ooms\/#breadcrumb","itemListElement":[{"@type":"ListItem","position":1,"name":"Home","item":"https:\/\/fortiseyewear.co.uk\/"},{"@type":"ListItem","position":2,"name":"The Collective","item":"https:\/\/fortiseyewear.co.uk\/collective\/"},{"@type":"ListItem","position":3,"name":"Geert Ooms"}]},{"@type":"WebSite","@id":"https:\/\/fortiseyewear.co.uk\/#website","url":"https:\/\/fortiseyewear.co.uk\/","name":"Fortis Eyewear","description":"Lunettes de soleil polaris\u00e9es pour la p\u00eache","publisher":{"@id":"https:\/\/fortiseyewear.co.uk\/#organization"},"alternateName":"Fortis","potentialAction":[{"@type":"SearchAction","target":{"@type":"EntryPoint","urlTemplate":"https:\/\/fortiseyewear.co.uk\/?s={search_term_string}"},"query-input":{"@type":"PropertyValueSpecification","valueRequired":true,"valueName":"search_term_string"}}],"inLanguage":"fr-FR"},{"@type":"Organization","@id":"https:\/\/fortiseyewear.co.uk\/#organization","name":"Fortis Eyewear","alternateName":"Fortis","url":"https:\/\/fortiseyewear.co.uk\/","logo":{"@type":"ImageObject","inLanguage":"fr-FR","@id":"https:\/\/fortiseyewear.co.uk\/#\/schema\/logo\/image\/","url":"https:\/\/fortiseyewear.co.uk\/wp-content\/uploads\/2019\/05\/1.FinalLogoMOBILE.jpg","contentUrl":"https:\/\/fortiseyewear.co.uk\/wp-content\/uploads\/2019\/05\/1.FinalLogoMOBILE.jpg","width":766,"height":541,"caption":"Fortis Eyewear"},"image":{"@id":"https:\/\/fortiseyewear.co.uk\/#\/schema\/logo\/image\/"},"sameAs":["https:\/\/www.facebook.com\/FortisEyewear","https:\/\/x.com\/fortiseyewear","https:\/\/www.instagram.com\/FortisEyewear","https:\/\/www.youtube.com\/channel\/UC5uI6lYx37ltUVATG5skJLw"]}]}},"_links":{"self":[{"href":"https:\/\/fortiseyewear.co.uk\/fr\/wp-json\/wp\/v2\/pages\/2571","targetHints":{"allow":["GET"]}}],"collection":[{"href":"https:\/\/fortiseyewear.co.uk\/fr\/wp-json\/wp\/v2\/pages"}],"about":[{"href":"https:\/\/fortiseyewear.co.uk\/fr\/wp-json\/wp\/v2\/types\/page"}],"author":[{"embeddable":true,"href":"https:\/\/fortiseyewear.co.uk\/fr\/wp-json\/wp\/v2\/users\/11"}],"replies":[{"embeddable":true,"href":"https:\/\/fortiseyewear.co.uk\/fr\/wp-json\/wp\/v2\/comments?post=2571"}],"version-history":[{"count":0,"href":"https:\/\/fortiseyewear.co.uk\/fr\/wp-json\/wp\/v2\/pages\/2571\/revisions"}],"up":[{"embeddable":true,"href":"https:\/\/fortiseyewear.co.uk\/fr\/wp-json\/wp\/v2\/pages\/67"}],"wp:attachment":[{"href":"https:\/\/fortiseyewear.co.uk\/fr\/wp-json\/wp\/v2\/media?parent=2571"}],"curies":[{"name":"wp","href":"https:\/\/api.w.org\/{rel}","templated":true}]}}