{"id":611,"date":"2013-03-18T17:31:00","date_gmt":"2013-03-18T17:31:00","guid":{"rendered":"https:\/\/fortiseyewear.co.uk\/?page_id=611"},"modified":"2020-02-12T14:11:16","modified_gmt":"2020-02-12T14:11:16","slug":"giovanni-vanhooren","status":"publish","type":"page","link":"https:\/\/fortiseyewear.co.uk\/fr\/collective\/giovanni-vanhooren\/","title":{"rendered":"Gio Vanhooren"},"content":{"rendered":"<h3><img decoding=\"async\" class=\"alignnone size-full wp-image-4699\" src=\"https:\/\/fortiseyewear.co.uk\/wp-content\/uploads\/2013\/03\/GioVanhoorenHeader.jpg\" alt=\"GioVanhoorenHeader\" width=\"680\" height=\"226\" \/><\/h3>\n<h3>Penser comme un singe<\/h3>\n<p>Nous souhaitons la bienvenue \u00e0 Giovanni Vanhooren au sein du Collectif Fortis. Originaire de Belgique, Gio est notre membre europ\u00e9en qui fait flotter le \"drapeau Fortis\" de l'autre c\u00f4t\u00e9 de la Manche. Gio partage le m\u00eame enthousiasme que nous pour le design et le style, comme en t\u00e9moigne sa publication culte, Monkey Climber. L'\u00e9quipe Fortis attend avec impatience les soir\u00e9es belges sur les canaux pour discuter de nouvelles id\u00e9es, mais d'ici l\u00e0, Gio nous parle un peu de sa propre p\u00eache...<\/p>\n<p>\"Etant le seul membre du collectif originaire du continent, j'ai pens\u00e9 qu'il valait mieux mettre l'accent sur notre p\u00eache ici. Avant de penser \u00e0 des sites commerciaux plut\u00f4t faciles, vous feriez mieux de penser aux canaux, lacs et syndicats belges plut\u00f4t difficiles. Et oui, nous avons aussi nos 'Meres' o\u00f9 obtenir une touche par an est un vrai r\u00e9sultat.[toggle_basic title=\"Read More\"]\n<p>Vivant sur la c\u00f4te belge, \u00e0 Ostende, \u00e0 une centaine de m\u00e8tres de la plage, je ne suis malheureusement pas situ\u00e9 dans la meilleure partie du pays pour m'attaquer \u00e0 la carpe des canaux Kempisch, Albert,... dont vous avez probablement tous entendu parler. Cependant, mon canal natal est \u00e9galement tr\u00e8s int\u00e9ressant, il y a quelques petits syndicats ici avec de tr\u00e8s belles carpes anglaises - ou est-ce l'inverse : la plupart des carpes anglaises ne sont-elles pas originaires de Belgique et de Hollande ? - des personnages et une r\u00e9serve o\u00f9 cette seule bouch\u00e9e compte plus que tout. Par le pass\u00e9, j'ai emmen\u00e9 Nick et Gareth dans quelques-uns de ces endroits et, comme ils vous le diront, ils ont \u00e9t\u00e9 absolument \u00e9poustoufl\u00e9s. Cependant, la gestion de mon propre magazine, Monkey Climber, m'oblige \u00e0 voyager beaucoup dans tout le pays pour des interviews, des reportages, etc. Je finis donc toujours par p\u00eacher quelque part ou par faire un bon voyage. Il y a toujours un poisson \u00e0 p\u00eacher, n'est-ce pas ?<\/p>\n<p>En ce qui concerne notre sc\u00e8ne, il y a vraiment des p\u00eacheurs formidables, intelligents et inspir\u00e9s (certainement pas seulement ceux qui figurent occasionnellement dans les pages internationales de vos magazines). Nos syndicats ne sont pas tr\u00e8s diff\u00e9rents, mais nos syst\u00e8mes de rivi\u00e8res et de canaux repr\u00e9sentent pour la plupart des Britanniques un tout nouveau monde. Des kilom\u00e8tres de long (le canal de ma maison fait plus de 60 kilom\u00e8tres), souvent plus de 100 \u00e0 200 m\u00e8tres de large et divis\u00e9s par des \u00e9cluses, les poissons se d\u00e9pla\u00e7ant entre les deux et m\u00eame vers d'autres canaux qui sont connect\u00e9s. La pression est \u00e9lev\u00e9e et les app\u00e2ts sont nombreux. La mobilit\u00e9 est essentielle, mais il n'est g\u00e9n\u00e9ralement pas possible d'emprunter le sentier public qui longe le canal. C'est donc en conduisant votre v\u00e9lo et en cherchant les poissons avec un minimum de mat\u00e9riel que vous obtiendrez les meilleurs r\u00e9sultats.\"[\/toggle_basic]\n[shareprints gallery_id=\"4657\u2033 gallery_type=\"masonry\" gallery_position=\"pos_center\" gallery_width=\"width_100\u2033 image_size=\"medium\" image_padding=\"5\u2033 theme=\"dark\" image_hover=\"colortosepia\" lightbox_type=\"slide\" titles=\"true\" captions=\"true\" descriptions=\"true\" comments=\"false\" sharing=\"true\"]\n<p style=\"text-align: center;\"><a href=\"https:\/\/instagram.com\/monkeyclimbermagazine\"><img decoding=\"async\" class=\"wp-image-3901 size-full\" src=\"https:\/\/fortiseyewear.co.uk\/wp-content\/uploads\/2013\/04\/Instagram.png\" alt=\"Instagram\" width=\"20\" height=\"20\" \/><br \/>\n<\/a>Monkey Climber Magazine sur Instagram<\/p>","protected":false},"excerpt":{"rendered":"<p>Think Like a Monkey Nous souhaitons la bienvenue \u00e0 Giovanni Vanhooren au sein du Collectif Fortis. Originaire de Belgique, Gio est notre membre europ\u00e9en qui fait flotter le \"drapeau Fortis\" de l'autre c\u00f4t\u00e9 de la Manche. Gio partage le m\u00eame enthousiasme que nous pour le design et le style, comme en t\u00e9moigne sa publication culte, Monkey Climber. L'\u00e9quipe Fortis est \u00e0 la recherche de<\/p>","protected":false},"author":11,"featured_media":0,"parent":67,"menu_order":0,"comment_status":"closed","ping_status":"open","template":"","meta":{"_acf_changed":false,"footnotes":""},"class_list":["post-611","page","type-page","status-publish","hentry","prodpage-classic"],"acf":[],"yoast_head":"<!-- This site is optimized with the Yoast SEO Premium plugin v26.7 (Yoast SEO v26.7) - https:\/\/yoast.com\/wordpress\/plugins\/seo\/ -->\n<title>Fortis Eyewear Polarised Fishing Sunglasses Giovanni Vanhooren Carp Angler Belgium<\/title>\n<meta name=\"description\" content=\"Angler\u2019s such as Giovanni Vanhooren from Monkey Climber use polarised fishing sunglasses by Fortis Eyewear to help catch more fish. Targeting Carp in deep water using our X Bloc lens technology to eliminate surface glare from the sun will put more fish on the bank\" \/>\n<meta name=\"robots\" content=\"index, follow, max-snippet:-1, max-image-preview:large, max-video-preview:-1\" \/>\n<link rel=\"canonical\" href=\"https:\/\/fortiseyewear.co.uk\/fr\/collective\/giovanni-vanhooren\/\" \/>\n<meta property=\"og:locale\" content=\"fr_FR\" \/>\n<meta property=\"og:type\" content=\"article\" \/>\n<meta property=\"og:title\" content=\"Gio Vanhooren\" \/>\n<meta property=\"og:description\" content=\"Angler\u2019s such as Giovanni Vanhooren from Monkey Climber use polarised fishing sunglasses by Fortis Eyewear to help catch more fish. Targeting Carp in deep water using our X Bloc lens technology to eliminate surface glare from the sun will put more fish on the bank\" \/>\n<meta property=\"og:url\" content=\"https:\/\/fortiseyewear.co.uk\/fr\/collective\/giovanni-vanhooren\/\" \/>\n<meta property=\"og:site_name\" content=\"Fortis Eyewear\" \/>\n<meta property=\"article:publisher\" content=\"https:\/\/www.facebook.com\/FortisEyewear\" \/>\n<meta property=\"article:modified_time\" content=\"2020-02-12T14:11:16+00:00\" \/>\n<meta property=\"og:image\" content=\"https:\/\/fortiseyewear.co.uk\/wp-content\/uploads\/2013\/03\/GioVanhoorenHeader.jpg\" \/>\n<meta name=\"twitter:card\" content=\"summary_large_image\" \/>\n<meta name=\"twitter:site\" content=\"@fortiseyewear\" \/>\n<meta name=\"twitter:label1\" content=\"Dur\u00e9e de lecture estim\u00e9e\" \/>\n\t<meta name=\"twitter:data1\" content=\"2 minutes\" \/>\n<!-- \/ Yoast SEO Premium plugin. -->","yoast_head_json":{"title":"Fortis Eyewear Polarised Fishing Sunglasses Giovanni Vanhooren Carp Angler Belgium","description":"Angler\u2019s such as Giovanni Vanhooren from Monkey Climber use polarised fishing sunglasses by Fortis Eyewear to help catch more fish. Targeting Carp in deep water using our X Bloc lens technology to eliminate surface glare from the sun will put more fish on the bank","robots":{"index":"index","follow":"follow","max-snippet":"max-snippet:-1","max-image-preview":"max-image-preview:large","max-video-preview":"max-video-preview:-1"},"canonical":"https:\/\/fortiseyewear.co.uk\/fr\/collective\/giovanni-vanhooren\/","og_locale":"fr_FR","og_type":"article","og_title":"Gio Vanhooren","og_description":"Angler\u2019s such as Giovanni Vanhooren from Monkey Climber use polarised fishing sunglasses by Fortis Eyewear to help catch more fish. Targeting Carp in deep water using our X Bloc lens technology to eliminate surface glare from the sun will put more fish on the bank","og_url":"https:\/\/fortiseyewear.co.uk\/fr\/collective\/giovanni-vanhooren\/","og_site_name":"Fortis Eyewear","article_publisher":"https:\/\/www.facebook.com\/FortisEyewear","article_modified_time":"2020-02-12T14:11:16+00:00","og_image":[{"url":"https:\/\/fortiseyewear.co.uk\/wp-content\/uploads\/2013\/03\/GioVanhoorenHeader.jpg","type":"","width":"","height":""}],"twitter_card":"summary_large_image","twitter_site":"@fortiseyewear","twitter_misc":{"Dur\u00e9e de lecture estim\u00e9e":"2 minutes"},"schema":{"@context":"https:\/\/schema.org","@graph":[{"@type":"WebPage","@id":"https:\/\/fortiseyewear.co.uk\/collective\/giovanni-vanhooren\/","url":"https:\/\/fortiseyewear.co.uk\/collective\/giovanni-vanhooren\/","name":"Fortis Eyewear Polarised Fishing Sunglasses Giovanni Vanhooren Carp Angler Belgium","isPartOf":{"@id":"https:\/\/fortiseyewear.co.uk\/#website"},"primaryImageOfPage":{"@id":"https:\/\/fortiseyewear.co.uk\/collective\/giovanni-vanhooren\/#primaryimage"},"image":{"@id":"https:\/\/fortiseyewear.co.uk\/collective\/giovanni-vanhooren\/#primaryimage"},"thumbnailUrl":"https:\/\/fortiseyewear.co.uk\/wp-content\/uploads\/2013\/03\/GioVanhoorenHeader.jpg","datePublished":"2013-03-18T17:31:00+00:00","dateModified":"2020-02-12T14:11:16+00:00","description":"Angler\u2019s such as Giovanni Vanhooren from Monkey Climber use polarised fishing sunglasses by Fortis Eyewear to help catch more fish. Targeting Carp in deep water using our X Bloc lens technology to eliminate surface glare from the sun will put more fish on the bank","breadcrumb":{"@id":"https:\/\/fortiseyewear.co.uk\/collective\/giovanni-vanhooren\/#breadcrumb"},"inLanguage":"fr-FR","potentialAction":[{"@type":"ReadAction","target":["https:\/\/fortiseyewear.co.uk\/collective\/giovanni-vanhooren\/"]}]},{"@type":"ImageObject","inLanguage":"fr-FR","@id":"https:\/\/fortiseyewear.co.uk\/collective\/giovanni-vanhooren\/#primaryimage","url":"https:\/\/fortiseyewear.co.uk\/wp-content\/uploads\/2013\/03\/GioVanhoorenHeader.jpg","contentUrl":"https:\/\/fortiseyewear.co.uk\/wp-content\/uploads\/2013\/03\/GioVanhoorenHeader.jpg"},{"@type":"BreadcrumbList","@id":"https:\/\/fortiseyewear.co.uk\/collective\/giovanni-vanhooren\/#breadcrumb","itemListElement":[{"@type":"ListItem","position":1,"name":"Home","item":"https:\/\/fortiseyewear.co.uk\/"},{"@type":"ListItem","position":2,"name":"The Collective","item":"https:\/\/fortiseyewear.co.uk\/collective\/"},{"@type":"ListItem","position":3,"name":"Gio Vanhooren"}]},{"@type":"WebSite","@id":"https:\/\/fortiseyewear.co.uk\/#website","url":"https:\/\/fortiseyewear.co.uk\/","name":"Fortis Eyewear","description":"Lunettes de soleil polaris\u00e9es pour la p\u00eache","publisher":{"@id":"https:\/\/fortiseyewear.co.uk\/#organization"},"alternateName":"Fortis","potentialAction":[{"@type":"SearchAction","target":{"@type":"EntryPoint","urlTemplate":"https:\/\/fortiseyewear.co.uk\/?s={search_term_string}"},"query-input":{"@type":"PropertyValueSpecification","valueRequired":true,"valueName":"search_term_string"}}],"inLanguage":"fr-FR"},{"@type":"Organization","@id":"https:\/\/fortiseyewear.co.uk\/#organization","name":"Fortis Eyewear","alternateName":"Fortis","url":"https:\/\/fortiseyewear.co.uk\/","logo":{"@type":"ImageObject","inLanguage":"fr-FR","@id":"https:\/\/fortiseyewear.co.uk\/#\/schema\/logo\/image\/","url":"https:\/\/fortiseyewear.co.uk\/wp-content\/uploads\/2019\/05\/1.FinalLogoMOBILE.jpg","contentUrl":"https:\/\/fortiseyewear.co.uk\/wp-content\/uploads\/2019\/05\/1.FinalLogoMOBILE.jpg","width":766,"height":541,"caption":"Fortis Eyewear"},"image":{"@id":"https:\/\/fortiseyewear.co.uk\/#\/schema\/logo\/image\/"},"sameAs":["https:\/\/www.facebook.com\/FortisEyewear","https:\/\/x.com\/fortiseyewear","https:\/\/www.instagram.com\/FortisEyewear","https:\/\/www.youtube.com\/channel\/UC5uI6lYx37ltUVATG5skJLw"]}]}},"_links":{"self":[{"href":"https:\/\/fortiseyewear.co.uk\/fr\/wp-json\/wp\/v2\/pages\/611","targetHints":{"allow":["GET"]}}],"collection":[{"href":"https:\/\/fortiseyewear.co.uk\/fr\/wp-json\/wp\/v2\/pages"}],"about":[{"href":"https:\/\/fortiseyewear.co.uk\/fr\/wp-json\/wp\/v2\/types\/page"}],"author":[{"embeddable":true,"href":"https:\/\/fortiseyewear.co.uk\/fr\/wp-json\/wp\/v2\/users\/11"}],"replies":[{"embeddable":true,"href":"https:\/\/fortiseyewear.co.uk\/fr\/wp-json\/wp\/v2\/comments?post=611"}],"version-history":[{"count":0,"href":"https:\/\/fortiseyewear.co.uk\/fr\/wp-json\/wp\/v2\/pages\/611\/revisions"}],"up":[{"embeddable":true,"href":"https:\/\/fortiseyewear.co.uk\/fr\/wp-json\/wp\/v2\/pages\/67"}],"wp:attachment":[{"href":"https:\/\/fortiseyewear.co.uk\/fr\/wp-json\/wp\/v2\/media?parent=611"}],"curies":[{"name":"wp","href":"https:\/\/api.w.org\/{rel}","templated":true}]}}