{"id":667,"date":"2013-04-01T11:44:53","date_gmt":"2013-04-01T11:44:53","guid":{"rendered":"https:\/\/fortiseyewear.co.uk\/?page_id=667"},"modified":"2020-02-12T13:52:29","modified_gmt":"2020-02-12T13:52:29","slug":"oli-davies","status":"publish","type":"page","link":"https:\/\/fortiseyewear.co.uk\/fr\/collective\/oli-davies\/","title":{"rendered":"Oli Davies"},"content":{"rendered":"<h3><img decoding=\"async\" class=\"alignnone size-full wp-image-4049\" src=\"https:\/\/fortiseyewear.co.uk\/wp-content\/uploads\/2013\/04\/OliDaviesHeader.jpg\" alt=\"OliDaviesHeader\" width=\"680\" height=\"226\" srcset=\"https:\/\/fortiseyewear.co.uk\/wp-content\/uploads\/2013\/04\/OliDaviesHeader.jpg 680w, https:\/\/fortiseyewear.co.uk\/wp-content\/uploads\/2013\/04\/OliDaviesHeader-300x100.jpg 300w, https:\/\/fortiseyewear.co.uk\/wp-content\/uploads\/2013\/04\/OliDaviesHeader-600x199.jpg 600w, https:\/\/fortiseyewear.co.uk\/wp-content\/uploads\/2013\/04\/OliDaviesHeader-640x213.jpg 640w, https:\/\/fortiseyewear.co.uk\/wp-content\/uploads\/2013\/04\/OliDaviesHeader-150x50.jpg 150w, https:\/\/fortiseyewear.co.uk\/wp-content\/uploads\/2013\/04\/OliDaviesHeader-280x93.jpg 280w, https:\/\/fortiseyewear.co.uk\/wp-content\/uploads\/2013\/04\/OliDaviesHeader-160x53.jpg 160w, https:\/\/fortiseyewear.co.uk\/wp-content\/uploads\/2013\/04\/OliDaviesHeader-320x106.jpg 320w, https:\/\/fortiseyewear.co.uk\/wp-content\/uploads\/2013\/04\/OliDaviesHeader-480x160.jpg 480w\" sizes=\"(max-width: 680px) 100vw, 680px\" \/><\/h3>\n<h3>A Passion for Angling<\/h3>\n<p>We welcome Oli Davies to the Fortis Collective. Colne Valley angler Oli, spends just as much of his time behind the camera lens as he does in front of it. Working in a media\/journalistic role at Nash Tackle, Oli has a amazing talent for capturing the moment, evidence of which can be found in the pages of most top UK angling publications. His opportunistic and highly visual approach to fishing makes him a valuable member of the team.<\/p>\n<p>&#8220;I love fishing, and I love photography. Luckily for me the two go hand in hand and I get to indulge both my passions as part of my job and I&#8217;m just as happy capturing a beautiful image as I am a special fish. For me, fishing isn&#8217;t just about what you catch, its enjoying your time on the bank and learning about your quarry, the wildlife and the environment. I try to keep my own fishing varied, targeting various species including barbel, chub, perch as well as carp of all sizes. We seem to have become obsessed with worshipping size, but to me how a fish looks is more important than how big it is and my personal best fish isn&#8217;t the heaviest I have caught.[toggle_basic title=&#8221;Read More&#8221;]\n<p>Although I get to spend plenty of time on the bank, my own fishing time is limited so I try and make the most of every opportunity for a quick bite. I&#8217;m happiest sight fishing, either with floaters or stalking. There is nothing more exciting than watching big carp feeding up over a carefully laid trap in the edge. Watching them at close quarters is also the best way to learn about how carp feed, how they react and deal with our rigs, and their own individual habits, so during the summer months I dedicate my efforts to this type of fishing rather than the bait and wait approach.&#8221;[\/toggle_basic]\n[shareprints gallery_id=&#8221;4003&#8243; gallery_type=&#8221;masonry&#8221; gallery_position=&#8221;pos_center&#8221; gallery_width=&#8221;width_100&#8243; image_size=&#8221;medium&#8221; image_padding=&#8221;5&#8243; theme=&#8221;dark&#8221; image_hover=&#8221;colortosepia&#8221; lightbox_type=&#8221;slide&#8221; titles=&#8221;true&#8221; captions=&#8221;true&#8221; descriptions=&#8221;true&#8221; comments=&#8221;false&#8221; sharing=&#8221;true&#8221;]\n","protected":false},"excerpt":{"rendered":"<p>Une passion pour la p\u00eache \u00e0 la ligne Nous souhaitons la bienvenue \u00e0 Oli Davies au sein du collectif Fortis. Oli, p\u00eacheur de la Colne Valley, passe autant de temps derri\u00e8re l'objectif que devant. Travaillant dans le domaine des m\u00e9dias et du journalisme chez Nash Tackle, Oli a un talent incroyable pour capturer l'instant, comme en t\u00e9moignent les photos qu'il a prises dans le cadre de son travail.<\/p>","protected":false},"author":11,"featured_media":0,"parent":67,"menu_order":0,"comment_status":"closed","ping_status":"open","template":"","meta":{"_acf_changed":false,"footnotes":""},"class_list":["post-667","page","type-page","status-publish","hentry","prodpage-classic"],"acf":[],"yoast_head":"<!-- This site is optimized with the Yoast SEO Premium plugin v27.5 (Yoast SEO v27.5) - https:\/\/yoast.com\/product\/yoast-seo-premium-wordpress\/ -->\n<title>Fortis Eyewear Polarised Fishing Sunglasses Oli Davies Carp Fisherman UK<\/title>\n<meta name=\"description\" content=\"Angler\u2019s such as Terry Dempsey, Gareth Fareham &amp; Oli Davies use polarised fishing sunglasses by Fortis Eyewear will help you catch more fish. Targeting Carp in deep water using our X Bloc lens technology to eliminate surface glare from the sun will put more fish on the bank\" \/>\n<meta name=\"robots\" content=\"index, follow, max-snippet:-1, max-image-preview:large, max-video-preview:-1\" \/>\n<link rel=\"canonical\" href=\"https:\/\/fortiseyewear.co.uk\/fr\/collective\/oli-davies\/\" \/>\n<meta property=\"og:locale\" content=\"fr_FR\" \/>\n<meta property=\"og:type\" content=\"article\" \/>\n<meta property=\"og:title\" content=\"Oli Davies\" \/>\n<meta property=\"og:description\" content=\"Angler\u2019s such as Terry Dempsey, Gareth Fareham &amp; Oli Davies use polarised fishing sunglasses by Fortis Eyewear will help you catch more fish. Targeting Carp in deep water using our X Bloc lens technology to eliminate surface glare from the sun will put more fish on the bank\" \/>\n<meta property=\"og:url\" content=\"https:\/\/fortiseyewear.co.uk\/fr\/collective\/oli-davies\/\" \/>\n<meta property=\"og:site_name\" content=\"Fortis Eyewear\" \/>\n<meta property=\"article:publisher\" content=\"https:\/\/www.facebook.com\/FortisEyewear\" \/>\n<meta property=\"article:modified_time\" content=\"2020-02-12T13:52:29+00:00\" \/>\n<meta property=\"og:image\" content=\"https:\/\/fortiseyewear.co.uk\/wp-content\/uploads\/2013\/04\/OliDaviesHeader.jpg\" \/>\n<meta name=\"twitter:card\" content=\"summary_large_image\" \/>\n<meta name=\"twitter:site\" content=\"@fortiseyewear\" \/>\n<meta name=\"twitter:label1\" content=\"Dur\u00e9e de lecture estim\u00e9e\" \/>\n\t<meta name=\"twitter:data1\" content=\"2 minutes\" \/>\n<!-- \/ Yoast SEO Premium plugin. -->","yoast_head_json":{"title":"Fortis Eyewear Polarised Fishing Sunglasses Oli Davies Carp Fisherman UK","description":"Angler\u2019s such as Terry Dempsey, Gareth Fareham & Oli Davies use polarised fishing sunglasses by Fortis Eyewear will help you catch more fish. Targeting Carp in deep water using our X Bloc lens technology to eliminate surface glare from the sun will put more fish on the bank","robots":{"index":"index","follow":"follow","max-snippet":"max-snippet:-1","max-image-preview":"max-image-preview:large","max-video-preview":"max-video-preview:-1"},"canonical":"https:\/\/fortiseyewear.co.uk\/fr\/collective\/oli-davies\/","og_locale":"fr_FR","og_type":"article","og_title":"Oli Davies","og_description":"Angler\u2019s such as Terry Dempsey, Gareth Fareham & Oli Davies use polarised fishing sunglasses by Fortis Eyewear will help you catch more fish. Targeting Carp in deep water using our X Bloc lens technology to eliminate surface glare from the sun will put more fish on the bank","og_url":"https:\/\/fortiseyewear.co.uk\/fr\/collective\/oli-davies\/","og_site_name":"Fortis Eyewear","article_publisher":"https:\/\/www.facebook.com\/FortisEyewear","article_modified_time":"2020-02-12T13:52:29+00:00","og_image":[{"url":"https:\/\/fortiseyewear.co.uk\/wp-content\/uploads\/2013\/04\/OliDaviesHeader.jpg","type":"","width":"","height":""}],"twitter_card":"summary_large_image","twitter_site":"@fortiseyewear","twitter_misc":{"Dur\u00e9e de lecture estim\u00e9e":"2 minutes"},"schema":{"@context":"https:\/\/schema.org","@graph":[{"@type":"WebPage","@id":"https:\/\/fortiseyewear.co.uk\/collective\/oli-davies\/","url":"https:\/\/fortiseyewear.co.uk\/collective\/oli-davies\/","name":"Fortis Eyewear Polarised Fishing Sunglasses Oli Davies Carp Fisherman UK","isPartOf":{"@id":"https:\/\/fortiseyewear.co.uk\/#website"},"primaryImageOfPage":{"@id":"https:\/\/fortiseyewear.co.uk\/collective\/oli-davies\/#primaryimage"},"image":{"@id":"https:\/\/fortiseyewear.co.uk\/collective\/oli-davies\/#primaryimage"},"thumbnailUrl":"https:\/\/fortiseyewear.co.uk\/wp-content\/uploads\/2013\/04\/OliDaviesHeader.jpg","datePublished":"2013-04-01T11:44:53+00:00","dateModified":"2020-02-12T13:52:29+00:00","description":"Angler\u2019s such as Terry Dempsey, Gareth Fareham & Oli Davies use polarised fishing sunglasses by Fortis Eyewear will help you catch more fish. Targeting Carp in deep water using our X Bloc lens technology to eliminate surface glare from the sun will put more fish on the bank","breadcrumb":{"@id":"https:\/\/fortiseyewear.co.uk\/collective\/oli-davies\/#breadcrumb"},"inLanguage":"fr-FR","potentialAction":[{"@type":"ReadAction","target":["https:\/\/fortiseyewear.co.uk\/collective\/oli-davies\/"]}]},{"@type":"ImageObject","inLanguage":"fr-FR","@id":"https:\/\/fortiseyewear.co.uk\/collective\/oli-davies\/#primaryimage","url":"https:\/\/fortiseyewear.co.uk\/wp-content\/uploads\/2013\/04\/OliDaviesHeader.jpg","contentUrl":"https:\/\/fortiseyewear.co.uk\/wp-content\/uploads\/2013\/04\/OliDaviesHeader.jpg"},{"@type":"BreadcrumbList","@id":"https:\/\/fortiseyewear.co.uk\/collective\/oli-davies\/#breadcrumb","itemListElement":[{"@type":"ListItem","position":1,"name":"Home","item":"https:\/\/fortiseyewear.co.uk\/"},{"@type":"ListItem","position":2,"name":"The Collective","item":"https:\/\/fortiseyewear.co.uk\/collective\/"},{"@type":"ListItem","position":3,"name":"Oli Davies"}]},{"@type":"WebSite","@id":"https:\/\/fortiseyewear.co.uk\/#website","url":"https:\/\/fortiseyewear.co.uk\/","name":"Fortis Eyewear","description":"Lunettes de soleil polaris\u00e9es pour la p\u00eache","publisher":{"@id":"https:\/\/fortiseyewear.co.uk\/#organization"},"alternateName":"Fortis","potentialAction":[{"@type":"SearchAction","target":{"@type":"EntryPoint","urlTemplate":"https:\/\/fortiseyewear.co.uk\/?s={search_term_string}"},"query-input":{"@type":"PropertyValueSpecification","valueRequired":true,"valueName":"search_term_string"}}],"inLanguage":"fr-FR"},{"@type":"Organization","@id":"https:\/\/fortiseyewear.co.uk\/#organization","name":"Fortis Eyewear","alternateName":"Fortis","url":"https:\/\/fortiseyewear.co.uk\/","logo":{"@type":"ImageObject","inLanguage":"fr-FR","@id":"https:\/\/fortiseyewear.co.uk\/#\/schema\/logo\/image\/","url":"https:\/\/fortiseyewear.co.uk\/wp-content\/uploads\/2019\/05\/1.FinalLogoMOBILE.jpg","contentUrl":"https:\/\/fortiseyewear.co.uk\/wp-content\/uploads\/2019\/05\/1.FinalLogoMOBILE.jpg","width":766,"height":541,"caption":"Fortis Eyewear"},"image":{"@id":"https:\/\/fortiseyewear.co.uk\/#\/schema\/logo\/image\/"},"sameAs":["https:\/\/www.facebook.com\/FortisEyewear","https:\/\/x.com\/fortiseyewear","https:\/\/www.instagram.com\/FortisEyewear","https:\/\/www.youtube.com\/channel\/UC5uI6lYx37ltUVATG5skJLw"]}]}},"_links":{"self":[{"href":"https:\/\/fortiseyewear.co.uk\/fr\/wp-json\/wp\/v2\/pages\/667","targetHints":{"allow":["GET"]}}],"collection":[{"href":"https:\/\/fortiseyewear.co.uk\/fr\/wp-json\/wp\/v2\/pages"}],"about":[{"href":"https:\/\/fortiseyewear.co.uk\/fr\/wp-json\/wp\/v2\/types\/page"}],"author":[{"embeddable":true,"href":"https:\/\/fortiseyewear.co.uk\/fr\/wp-json\/wp\/v2\/users\/11"}],"replies":[{"embeddable":true,"href":"https:\/\/fortiseyewear.co.uk\/fr\/wp-json\/wp\/v2\/comments?post=667"}],"version-history":[{"count":0,"href":"https:\/\/fortiseyewear.co.uk\/fr\/wp-json\/wp\/v2\/pages\/667\/revisions"}],"up":[{"embeddable":true,"href":"https:\/\/fortiseyewear.co.uk\/fr\/wp-json\/wp\/v2\/pages\/67"}],"wp:attachment":[{"href":"https:\/\/fortiseyewear.co.uk\/fr\/wp-json\/wp\/v2\/media?parent=667"}],"curies":[{"name":"wp","href":"https:\/\/api.w.org\/{rel}","templated":true}]}}