{"id":67,"date":"2012-12-10T11:49:58","date_gmt":"2012-12-10T11:49:58","guid":{"rendered":"https:\/\/fortiseyewear.co.uk\/?page_id=67"},"modified":"2022-08-09T13:46:50","modified_gmt":"2022-08-09T13:46:50","slug":"collective","status":"publish","type":"page","link":"https:\/\/fortiseyewear.co.uk\/fr\/collective\/","title":{"rendered":"Le collectif"},"content":{"rendered":"<p>&nbsp;<\/p>\n<p><iframe loading=\"lazy\" src=\"https:\/\/player.vimeo.com\/video\/285294861?app_id=122963\" width=\"680\" height=\"383\" frameborder=\"0\" title=\"Le collectif\" webkitallowfullscreen mozallowfullscreen allowfullscreen><\/iframe><\/p>\n<hr \/>\n<h3>ROYAUME-UNI<\/h3>\n<p><a href=\"https:\/\/fortiseyewear.co.uk\/fr\/collective\/stuart-court\/\"><img decoding=\"async\" class=\"size-full wp-image-10528\" src=\"https:\/\/fortiseyewear.co.uk\/wp-content\/uploads\/2016\/03\/CollectiveStuart.jpg\" alt=\"Fortis Eyewear Stuart Court Carp Angler\" width=\"332\" height=\"226\" srcset=\"https:\/\/fortiseyewear.co.uk\/wp-content\/uploads\/2016\/03\/CollectiveStuart.jpg 332w, https:\/\/fortiseyewear.co.uk\/wp-content\/uploads\/2016\/03\/CollectiveStuart-300x204.jpg 300w, https:\/\/fortiseyewear.co.uk\/wp-content\/uploads\/2016\/03\/CollectiveStuart-150x102.jpg 150w, https:\/\/fortiseyewear.co.uk\/wp-content\/uploads\/2016\/03\/CollectiveStuart-275x187.jpg 275w, https:\/\/fortiseyewear.co.uk\/wp-content\/uploads\/2016\/03\/CollectiveStuart-160x109.jpg 160w, https:\/\/fortiseyewear.co.uk\/wp-content\/uploads\/2016\/03\/CollectiveStuart-320x218.jpg 320w\" sizes=\"(max-width: 332px) 100vw, 332px\" \/><\/a> <a href=\"https:\/\/fortiseyewear.co.uk\/fr\/collective\/oli-davies\/\"><img decoding=\"async\" class=\"size-full wp-image-10524\" src=\"https:\/\/fortiseyewear.co.uk\/wp-content\/uploads\/2016\/03\/CollectiveOli.jpg\" alt=\"Fortis Eyewear Oli Davies Carp Angler\" width=\"332\" height=\"226\" srcset=\"https:\/\/fortiseyewear.co.uk\/wp-content\/uploads\/2016\/03\/CollectiveOli.jpg 332w, https:\/\/fortiseyewear.co.uk\/wp-content\/uploads\/2016\/03\/CollectiveOli-300x204.jpg 300w, https:\/\/fortiseyewear.co.uk\/wp-content\/uploads\/2016\/03\/CollectiveOli-150x102.jpg 150w, https:\/\/fortiseyewear.co.uk\/wp-content\/uploads\/2016\/03\/CollectiveOli-275x187.jpg 275w, https:\/\/fortiseyewear.co.uk\/wp-content\/uploads\/2016\/03\/CollectiveOli-160x109.jpg 160w, https:\/\/fortiseyewear.co.uk\/wp-content\/uploads\/2016\/03\/CollectiveOli-320x218.jpg 320w\" sizes=\"(max-width: 332px) 100vw, 332px\" \/><\/a> <a href=\"https:\/\/fortiseyewear.co.uk\/fr\/collective\/terry-dempsey\/\"><img decoding=\"async\" class=\"size-full wp-image-10530\" src=\"https:\/\/fortiseyewear.co.uk\/wp-content\/uploads\/2016\/03\/CollectiveTerry.jpg\" alt=\"Fortis Eyewear Terry Dempsey Carp Angler\" width=\"332\" height=\"226\" srcset=\"https:\/\/fortiseyewear.co.uk\/wp-content\/uploads\/2016\/03\/CollectiveTerry.jpg 332w, https:\/\/fortiseyewear.co.uk\/wp-content\/uploads\/2016\/03\/CollectiveTerry-300x204.jpg 300w, https:\/\/fortiseyewear.co.uk\/wp-content\/uploads\/2016\/03\/CollectiveTerry-150x102.jpg 150w, https:\/\/fortiseyewear.co.uk\/wp-content\/uploads\/2016\/03\/CollectiveTerry-275x187.jpg 275w, https:\/\/fortiseyewear.co.uk\/wp-content\/uploads\/2016\/03\/CollectiveTerry-160x109.jpg 160w, https:\/\/fortiseyewear.co.uk\/wp-content\/uploads\/2016\/03\/CollectiveTerry-320x218.jpg 320w\" sizes=\"(max-width: 332px) 100vw, 332px\" \/><\/a> <a href=\"https:\/\/fortiseyewear.co.uk\/fr\/collective\/gareth-fareham\/\"><img decoding=\"async\" class=\"size-full wp-image-10518\" src=\"https:\/\/fortiseyewear.co.uk\/wp-content\/uploads\/2016\/03\/CollectiveGareth.jpg\" alt=\"Fortis Eyewear Gareth Fareham Carp Angler\" width=\"332\" height=\"226\" srcset=\"https:\/\/fortiseyewear.co.uk\/wp-content\/uploads\/2016\/03\/CollectiveGareth.jpg 332w, https:\/\/fortiseyewear.co.uk\/wp-content\/uploads\/2016\/03\/CollectiveGareth-300x204.jpg 300w, https:\/\/fortiseyewear.co.uk\/wp-content\/uploads\/2016\/03\/CollectiveGareth-150x102.jpg 150w, https:\/\/fortiseyewear.co.uk\/wp-content\/uploads\/2016\/03\/CollectiveGareth-275x187.jpg 275w, https:\/\/fortiseyewear.co.uk\/wp-content\/uploads\/2016\/03\/CollectiveGareth-160x109.jpg 160w, https:\/\/fortiseyewear.co.uk\/wp-content\/uploads\/2016\/03\/CollectiveGareth-320x218.jpg 320w\" sizes=\"(max-width: 332px) 100vw, 332px\" \/><\/a><a href=\"https:\/\/fortiseyewear.co.uk\/fr\/collective\/darran-goulder\/\"><img decoding=\"async\" class=\"alignnone size-full wp-image-10516\" src=\"https:\/\/fortiseyewear.co.uk\/wp-content\/uploads\/2016\/03\/CollectiveDarran.jpg\" alt=\"Fortis Eyewear Darran Goulder Specimen Angler\" width=\"332\" height=\"226\" srcset=\"https:\/\/fortiseyewear.co.uk\/wp-content\/uploads\/2016\/03\/CollectiveDarran.jpg 332w, https:\/\/fortiseyewear.co.uk\/wp-content\/uploads\/2016\/03\/CollectiveDarran-300x204.jpg 300w, https:\/\/fortiseyewear.co.uk\/wp-content\/uploads\/2016\/03\/CollectiveDarran-150x102.jpg 150w, https:\/\/fortiseyewear.co.uk\/wp-content\/uploads\/2016\/03\/CollectiveDarran-275x187.jpg 275w, https:\/\/fortiseyewear.co.uk\/wp-content\/uploads\/2016\/03\/CollectiveDarran-160x109.jpg 160w, https:\/\/fortiseyewear.co.uk\/wp-content\/uploads\/2016\/03\/CollectiveDarran-320x218.jpg 320w\" sizes=\"(max-width: 332px) 100vw, 332px\" \/><\/a>\u00a0<a href=\"https:\/\/fortiseyewear.co.uk\/fr\/collective\/myles-gibson\/\"><img decoding=\"async\" class=\"size-full wp-image-13043\" src=\"https:\/\/fortiseyewear.co.uk\/wp-content\/uploads\/2017\/11\/CollectiveMyles.jpg\" alt=\"Big Carp Angler Myles Gibson\" width=\"332\" height=\"226\" srcset=\"https:\/\/fortiseyewear.co.uk\/wp-content\/uploads\/2017\/11\/CollectiveMyles.jpg 332w, https:\/\/fortiseyewear.co.uk\/wp-content\/uploads\/2017\/11\/CollectiveMyles-300x204.jpg 300w, https:\/\/fortiseyewear.co.uk\/wp-content\/uploads\/2017\/11\/CollectiveMyles-150x102.jpg 150w, https:\/\/fortiseyewear.co.uk\/wp-content\/uploads\/2017\/11\/CollectiveMyles-275x187.jpg 275w, https:\/\/fortiseyewear.co.uk\/wp-content\/uploads\/2017\/11\/CollectiveMyles-160x109.jpg 160w, https:\/\/fortiseyewear.co.uk\/wp-content\/uploads\/2017\/11\/CollectiveMyles-320x218.jpg 320w\" sizes=\"(max-width: 332px) 100vw, 332px\" \/> <\/a><a href=\"https:\/\/fortiseyewear.co.uk\/fr\/collective\/oz-holness\/\"><img decoding=\"async\" class=\"size-full wp-image-10526\" src=\"https:\/\/fortiseyewear.co.uk\/wp-content\/uploads\/2016\/03\/CollectiveOz.jpg\" alt=\"Fortis Eyewear Oz Holness Carp Angler\" width=\"332\" height=\"226\" srcset=\"https:\/\/fortiseyewear.co.uk\/wp-content\/uploads\/2016\/03\/CollectiveOz.jpg 332w, https:\/\/fortiseyewear.co.uk\/wp-content\/uploads\/2016\/03\/CollectiveOz-300x204.jpg 300w, https:\/\/fortiseyewear.co.uk\/wp-content\/uploads\/2016\/03\/CollectiveOz-150x102.jpg 150w, https:\/\/fortiseyewear.co.uk\/wp-content\/uploads\/2016\/03\/CollectiveOz-275x187.jpg 275w, https:\/\/fortiseyewear.co.uk\/wp-content\/uploads\/2016\/03\/CollectiveOz-160x109.jpg 160w, https:\/\/fortiseyewear.co.uk\/wp-content\/uploads\/2016\/03\/CollectiveOz-320x218.jpg 320w\" sizes=\"(max-width: 332px) 100vw, 332px\" \/><\/a><a href=\"https:\/\/fortiseyewear.co.uk\/fr\/collective\/marcus-howarth\/\"><img decoding=\"async\" class=\"size-full wp-image-10522\" src=\"https:\/\/fortiseyewear.co.uk\/wp-content\/uploads\/2016\/03\/CollectiveMarcus.jpg\" alt=\"Fortis Eyewear Marcus Howarth Carp Angler\" width=\"332\" height=\"226\" srcset=\"https:\/\/fortiseyewear.co.uk\/wp-content\/uploads\/2016\/03\/CollectiveMarcus.jpg 332w, https:\/\/fortiseyewear.co.uk\/wp-content\/uploads\/2016\/03\/CollectiveMarcus-300x204.jpg 300w, https:\/\/fortiseyewear.co.uk\/wp-content\/uploads\/2016\/03\/CollectiveMarcus-150x102.jpg 150w, https:\/\/fortiseyewear.co.uk\/wp-content\/uploads\/2016\/03\/CollectiveMarcus-275x187.jpg 275w, https:\/\/fortiseyewear.co.uk\/wp-content\/uploads\/2016\/03\/CollectiveMarcus-160x109.jpg 160w, https:\/\/fortiseyewear.co.uk\/wp-content\/uploads\/2016\/03\/CollectiveMarcus-320x218.jpg 320w\" sizes=\"(max-width: 332px) 100vw, 332px\" \/><\/a><a href=\"https:\/\/fortiseyewear.co.uk\/fr\/collective\/scott-lloyd\/\"><img decoding=\"async\" class=\"size-full wp-image-10522\" src=\"https:\/\/fortiseyewear.co.uk\/wp-content\/uploads\/2017\/09\/CollectiveScott.jpg\" alt=\"Fortis Eyewear Scott Lloyd Carp Angler\" width=\"332\" height=\"226\" \/><\/a><a href=\"https:\/\/fortiseyewear.co.uk\/fr\/collective\/simon-bater\/\"><img decoding=\"async\" class=\"size-full wp-image-10522\" src=\"https:\/\/fortiseyewear.co.uk\/wp-content\/uploads\/2018\/08\/Collective-Simon.jpg\" alt=\"Fortis Eyewear Simon Bater Carp Angler\" width=\"332\" height=\"226\" \/><\/a><\/p>\n<hr \/>\n<h3>EUROPE<\/h3>\n<p><a href=\"https:\/\/fortiseyewear.co.uk\/fr\/collective\/roy-alofs\/\"><img decoding=\"async\" class=\"size-full wp-image-10498\" src=\"https:\/\/fortiseyewear.co.uk\/wp-content\/uploads\/2012\/12\/CollectiveRoy.jpg\" alt=\"Fortis Eyewear Roy Alofs Carp Angler\" width=\"332\" height=\"226\" srcset=\"https:\/\/fortiseyewear.co.uk\/wp-content\/uploads\/2012\/12\/CollectiveRoy.jpg 332w, https:\/\/fortiseyewear.co.uk\/wp-content\/uploads\/2012\/12\/CollectiveRoy-300x204.jpg 300w, https:\/\/fortiseyewear.co.uk\/wp-content\/uploads\/2012\/12\/CollectiveRoy-150x102.jpg 150w, https:\/\/fortiseyewear.co.uk\/wp-content\/uploads\/2012\/12\/CollectiveRoy-275x187.jpg 275w, https:\/\/fortiseyewear.co.uk\/wp-content\/uploads\/2012\/12\/CollectiveRoy-160x109.jpg 160w, https:\/\/fortiseyewear.co.uk\/wp-content\/uploads\/2012\/12\/CollectiveRoy-320x218.jpg 320w\" sizes=\"(max-width: 332px) 100vw, 332px\" \/><\/a> <a href=\"https:\/\/fortiseyewear.co.uk\/fr\/collective\/stephan-dombaj\/\"><img decoding=\"async\" class=\"size-full wp-image-10500\" src=\"https:\/\/fortiseyewear.co.uk\/wp-content\/uploads\/2012\/12\/CollectiveStef.jpg\" alt=\"Stefan Dombaj Fly Fishing Angler Fortis Eyewear\" width=\"332\" height=\"226\" srcset=\"https:\/\/fortiseyewear.co.uk\/wp-content\/uploads\/2012\/12\/CollectiveStef.jpg 332w, https:\/\/fortiseyewear.co.uk\/wp-content\/uploads\/2012\/12\/CollectiveStef-300x204.jpg 300w, https:\/\/fortiseyewear.co.uk\/wp-content\/uploads\/2012\/12\/CollectiveStef-150x102.jpg 150w, https:\/\/fortiseyewear.co.uk\/wp-content\/uploads\/2012\/12\/CollectiveStef-275x187.jpg 275w, https:\/\/fortiseyewear.co.uk\/wp-content\/uploads\/2012\/12\/CollectiveStef-160x109.jpg 160w, https:\/\/fortiseyewear.co.uk\/wp-content\/uploads\/2012\/12\/CollectiveStef-320x218.jpg 320w\" sizes=\"(max-width: 332px) 100vw, 332px\" \/><\/a> <a href=\"https:\/\/fortiseyewear.co.uk\/fr\/collective\/etienne-gebel\/\"><img decoding=\"async\" class=\"size-full wp-image-10490\" src=\"https:\/\/fortiseyewear.co.uk\/wp-content\/uploads\/2012\/12\/CollectiveEtienne.jpg\" alt=\"Collective Etienne Gebel Carp Angler\" width=\"332\" height=\"226\" srcset=\"https:\/\/fortiseyewear.co.uk\/wp-content\/uploads\/2012\/12\/CollectiveEtienne.jpg 332w, https:\/\/fortiseyewear.co.uk\/wp-content\/uploads\/2012\/12\/CollectiveEtienne-300x204.jpg 300w, https:\/\/fortiseyewear.co.uk\/wp-content\/uploads\/2012\/12\/CollectiveEtienne-150x102.jpg 150w, https:\/\/fortiseyewear.co.uk\/wp-content\/uploads\/2012\/12\/CollectiveEtienne-275x187.jpg 275w, https:\/\/fortiseyewear.co.uk\/wp-content\/uploads\/2012\/12\/CollectiveEtienne-160x109.jpg 160w, https:\/\/fortiseyewear.co.uk\/wp-content\/uploads\/2012\/12\/CollectiveEtienne-320x218.jpg 320w\" sizes=\"(max-width: 332px) 100vw, 332px\" \/><\/a> <a href=\"https:\/\/fortiseyewear.co.uk\/fr\/collective\/roderick-langeveld\/\"><img decoding=\"async\" class=\"size-full wp-image-10502\" src=\"https:\/\/fortiseyewear.co.uk\/wp-content\/uploads\/2016\/03\/CollectiveRoderick.jpg\" alt=\"Fortis Eyewear Roderick Langeveld Carp Angler\" width=\"332\" height=\"226\" srcset=\"https:\/\/fortiseyewear.co.uk\/wp-content\/uploads\/2016\/03\/CollectiveRoderick.jpg 332w, https:\/\/fortiseyewear.co.uk\/wp-content\/uploads\/2016\/03\/CollectiveRoderick-300x204.jpg 300w, https:\/\/fortiseyewear.co.uk\/wp-content\/uploads\/2016\/03\/CollectiveRoderick-150x102.jpg 150w, https:\/\/fortiseyewear.co.uk\/wp-content\/uploads\/2016\/03\/CollectiveRoderick-275x187.jpg 275w, https:\/\/fortiseyewear.co.uk\/wp-content\/uploads\/2016\/03\/CollectiveRoderick-160x109.jpg 160w, https:\/\/fortiseyewear.co.uk\/wp-content\/uploads\/2016\/03\/CollectiveRoderick-320x218.jpg 320w\" sizes=\"(max-width: 332px) 100vw, 332px\" \/><\/a> <a href=\"https:\/\/fortiseyewear.co.uk\/fr\/collective\/frederik-lorentzen\/\"><img decoding=\"async\" class=\"size-full wp-image-10478\" src=\"https:\/\/fortiseyewear.co.uk\/wp-content\/uploads\/2016\/03\/CollectiveFred.jpg\" alt=\"Collective Member Frederik Lorentzen Fly Fishing Angler\" width=\"332\" height=\"226\" srcset=\"https:\/\/fortiseyewear.co.uk\/wp-content\/uploads\/2016\/03\/CollectiveFred.jpg 332w, https:\/\/fortiseyewear.co.uk\/wp-content\/uploads\/2016\/03\/CollectiveFred-300x204.jpg 300w, https:\/\/fortiseyewear.co.uk\/wp-content\/uploads\/2016\/03\/CollectiveFred-150x102.jpg 150w, https:\/\/fortiseyewear.co.uk\/wp-content\/uploads\/2016\/03\/CollectiveFred-275x187.jpg 275w, https:\/\/fortiseyewear.co.uk\/wp-content\/uploads\/2016\/03\/CollectiveFred-160x109.jpg 160w, https:\/\/fortiseyewear.co.uk\/wp-content\/uploads\/2016\/03\/CollectiveFred-320x218.jpg 320w\" sizes=\"(max-width: 332px) 100vw, 332px\" \/><\/a> <a href=\"https:\/\/fortiseyewear.co.uk\/fr\/collective\/geert-ooms\/\"><img decoding=\"async\" class=\"size-full wp-image-10492\" src=\"https:\/\/fortiseyewear.co.uk\/wp-content\/uploads\/2012\/12\/CollectiveGeert.jpg\" alt=\"Fortis Eyewear Geert Ooms Carp Angler\" width=\"332\" height=\"226\" srcset=\"https:\/\/fortiseyewear.co.uk\/wp-content\/uploads\/2012\/12\/CollectiveGeert.jpg 332w, https:\/\/fortiseyewear.co.uk\/wp-content\/uploads\/2012\/12\/CollectiveGeert-300x204.jpg 300w, https:\/\/fortiseyewear.co.uk\/wp-content\/uploads\/2012\/12\/CollectiveGeert-150x102.jpg 150w, https:\/\/fortiseyewear.co.uk\/wp-content\/uploads\/2012\/12\/CollectiveGeert-275x187.jpg 275w, https:\/\/fortiseyewear.co.uk\/wp-content\/uploads\/2012\/12\/CollectiveGeert-160x109.jpg 160w, https:\/\/fortiseyewear.co.uk\/wp-content\/uploads\/2012\/12\/CollectiveGeert-320x218.jpg 320w\" sizes=\"(max-width: 332px) 100vw, 332px\" \/><\/a> <a href=\"https:\/\/fortiseyewear.co.uk\/fr\/collective\/andreas-tatzreiter\/\"><img decoding=\"async\" class=\"size-full wp-image-10486\" src=\"https:\/\/fortiseyewear.co.uk\/wp-content\/uploads\/2012\/12\/CollectiveAndreas.jpg\" alt=\"Collective Andreas Tatzreiter Carp Angler\" width=\"332\" height=\"226\" srcset=\"https:\/\/fortiseyewear.co.uk\/wp-content\/uploads\/2012\/12\/CollectiveAndreas.jpg 332w, https:\/\/fortiseyewear.co.uk\/wp-content\/uploads\/2012\/12\/CollectiveAndreas-300x204.jpg 300w, https:\/\/fortiseyewear.co.uk\/wp-content\/uploads\/2012\/12\/CollectiveAndreas-150x102.jpg 150w, https:\/\/fortiseyewear.co.uk\/wp-content\/uploads\/2012\/12\/CollectiveAndreas-275x187.jpg 275w, https:\/\/fortiseyewear.co.uk\/wp-content\/uploads\/2012\/12\/CollectiveAndreas-160x109.jpg 160w, https:\/\/fortiseyewear.co.uk\/wp-content\/uploads\/2012\/12\/CollectiveAndreas-320x218.jpg 320w\" sizes=\"(max-width: 332px) 100vw, 332px\" \/><\/a> <a href=\"https:\/\/fortiseyewear.co.uk\/fr\/collective\/giovanni-vanhooren\/\"><img decoding=\"async\" class=\"size-full wp-image-10494\" src=\"https:\/\/fortiseyewear.co.uk\/wp-content\/uploads\/2012\/12\/CollectiveGio.jpg\" alt=\"Fortis Eyewear Giovanni Vanhooren Carp Angler\" width=\"332\" height=\"226\" srcset=\"https:\/\/fortiseyewear.co.uk\/wp-content\/uploads\/2012\/12\/CollectiveGio.jpg 332w, https:\/\/fortiseyewear.co.uk\/wp-content\/uploads\/2012\/12\/CollectiveGio-300x204.jpg 300w, https:\/\/fortiseyewear.co.uk\/wp-content\/uploads\/2012\/12\/CollectiveGio-150x102.jpg 150w, https:\/\/fortiseyewear.co.uk\/wp-content\/uploads\/2012\/12\/CollectiveGio-275x187.jpg 275w, https:\/\/fortiseyewear.co.uk\/wp-content\/uploads\/2012\/12\/CollectiveGio-160x109.jpg 160w, https:\/\/fortiseyewear.co.uk\/wp-content\/uploads\/2012\/12\/CollectiveGio-320x218.jpg 320w\" sizes=\"(max-width: 332px) 100vw, 332px\" \/><\/a> <a href=\"https:\/\/fortiseyewear.co.uk\/fr\/collective\/dennis-de-wilde\/\"><img decoding=\"async\" class=\"size-full wp-image-10488\" src=\"https:\/\/fortiseyewear.co.uk\/wp-content\/uploads\/2012\/12\/CollectiveDennis.jpg\" alt=\"Collective Dennis De Wilde Carp Angler\" width=\"332\" height=\"226\" srcset=\"https:\/\/fortiseyewear.co.uk\/wp-content\/uploads\/2012\/12\/CollectiveDennis.jpg 332w, https:\/\/fortiseyewear.co.uk\/wp-content\/uploads\/2012\/12\/CollectiveDennis-300x204.jpg 300w, https:\/\/fortiseyewear.co.uk\/wp-content\/uploads\/2012\/12\/CollectiveDennis-150x102.jpg 150w, https:\/\/fortiseyewear.co.uk\/wp-content\/uploads\/2012\/12\/CollectiveDennis-275x187.jpg 275w, https:\/\/fortiseyewear.co.uk\/wp-content\/uploads\/2012\/12\/CollectiveDennis-160x109.jpg 160w, https:\/\/fortiseyewear.co.uk\/wp-content\/uploads\/2012\/12\/CollectiveDennis-320x218.jpg 320w\" sizes=\"(max-width: 332px) 100vw, 332px\" \/><\/a><\/p>","protected":false},"excerpt":{"rendered":"<p>&nbsp; ROYAUME-UNI EUROPE<\/p>","protected":false},"author":11,"featured_media":0,"parent":0,"menu_order":0,"comment_status":"closed","ping_status":"open","template":"","meta":{"_acf_changed":false,"footnotes":""},"class_list":["post-67","page","type-page","status-publish","hentry","prodpage-classic"],"acf":[],"yoast_head":"<!-- This site is optimized with the Yoast SEO Premium plugin v26.7 (Yoast SEO v26.7) - https:\/\/yoast.com\/wordpress\/plugins\/seo\/ -->\n<title>Polarised Fishing Sunglasses for Anglers<\/title>\n<meta name=\"description\" content=\"Polarised Fishing Sunglasses for Anglers by Fortis Eyewear help the angler find fish in rivers, streams &amp; lakes, using our X Bloc lens technology to eliminate surface glare from the sun\" \/>\n<meta name=\"robots\" content=\"index, follow, max-snippet:-1, max-image-preview:large, max-video-preview:-1\" \/>\n<link rel=\"canonical\" href=\"https:\/\/fortiseyewear.co.uk\/fr\/collective\/\" \/>\n<meta property=\"og:locale\" content=\"fr_FR\" \/>\n<meta property=\"og:type\" content=\"article\" \/>\n<meta property=\"og:title\" content=\"The Collective\" \/>\n<meta property=\"og:description\" content=\"Polarised Fishing Sunglasses for Anglers by Fortis Eyewear help the angler find fish in rivers, streams &amp; lakes, using our X Bloc lens technology to eliminate surface glare from the sun\" \/>\n<meta property=\"og:url\" content=\"https:\/\/fortiseyewear.co.uk\/fr\/collective\/\" \/>\n<meta property=\"og:site_name\" content=\"Fortis Eyewear\" \/>\n<meta property=\"article:publisher\" content=\"https:\/\/www.facebook.com\/FortisEyewear\" \/>\n<meta property=\"article:modified_time\" content=\"2022-08-09T13:46:50+00:00\" \/>\n<meta property=\"og:image\" content=\"https:\/\/fortiseyewear.co.uk\/wp-content\/uploads\/2016\/03\/CollectiveStuart.jpg\" \/>\n<meta name=\"twitter:card\" content=\"summary_large_image\" \/>\n<meta name=\"twitter:site\" content=\"@fortiseyewear\" \/>\n<!-- \/ Yoast SEO Premium plugin. -->","yoast_head_json":{"title":"Lunettes de soleil polaris\u00e9es pour p\u00eacheurs","description":"Les lunettes de soleil polaris\u00e9es pour p\u00eacheurs de Fortis Eyewear aident le p\u00eacheur \u00e0 trouver les poissons dans les rivi\u00e8res, les ruisseaux et les lacs, en utilisant notre technologie de verre X Bloc pour \u00e9liminer l'\u00e9blouissement de surface du soleil.","robots":{"index":"index","follow":"follow","max-snippet":"max-snippet:-1","max-image-preview":"max-image-preview:large","max-video-preview":"max-video-preview:-1"},"canonical":"https:\/\/fortiseyewear.co.uk\/fr\/collective\/","og_locale":"fr_FR","og_type":"article","og_title":"The Collective","og_description":"Polarised Fishing Sunglasses for Anglers by Fortis Eyewear help the angler find fish in rivers, streams & lakes, using our X Bloc lens technology to eliminate surface glare from the sun","og_url":"https:\/\/fortiseyewear.co.uk\/fr\/collective\/","og_site_name":"Fortis Eyewear","article_publisher":"https:\/\/www.facebook.com\/FortisEyewear","article_modified_time":"2022-08-09T13:46:50+00:00","og_image":[{"url":"https:\/\/fortiseyewear.co.uk\/wp-content\/uploads\/2016\/03\/CollectiveStuart.jpg","type":"","width":"","height":""}],"twitter_card":"summary_large_image","twitter_site":"@fortiseyewear","schema":{"@context":"https:\/\/schema.org","@graph":[{"@type":"WebPage","@id":"https:\/\/fortiseyewear.co.uk\/collective\/","url":"https:\/\/fortiseyewear.co.uk\/collective\/","name":"Lunettes de soleil polaris\u00e9es pour p\u00eacheurs","isPartOf":{"@id":"https:\/\/fortiseyewear.co.uk\/#website"},"primaryImageOfPage":{"@id":"https:\/\/fortiseyewear.co.uk\/collective\/#primaryimage"},"image":{"@id":"https:\/\/fortiseyewear.co.uk\/collective\/#primaryimage"},"thumbnailUrl":"https:\/\/fortiseyewear.co.uk\/wp-content\/uploads\/2016\/03\/CollectiveStuart.jpg","datePublished":"2012-12-10T11:49:58+00:00","dateModified":"2022-08-09T13:46:50+00:00","description":"Les lunettes de soleil polaris\u00e9es pour p\u00eacheurs de Fortis Eyewear aident le p\u00eacheur \u00e0 trouver les poissons dans les rivi\u00e8res, les ruisseaux et les lacs, en utilisant notre technologie de verre X Bloc pour \u00e9liminer l'\u00e9blouissement de surface du soleil.","breadcrumb":{"@id":"https:\/\/fortiseyewear.co.uk\/collective\/#breadcrumb"},"inLanguage":"fr-FR","potentialAction":[{"@type":"ReadAction","target":["https:\/\/fortiseyewear.co.uk\/collective\/"]}]},{"@type":"ImageObject","inLanguage":"fr-FR","@id":"https:\/\/fortiseyewear.co.uk\/collective\/#primaryimage","url":"https:\/\/fortiseyewear.co.uk\/wp-content\/uploads\/2016\/03\/CollectiveStuart.jpg","contentUrl":"https:\/\/fortiseyewear.co.uk\/wp-content\/uploads\/2016\/03\/CollectiveStuart.jpg"},{"@type":"BreadcrumbList","@id":"https:\/\/fortiseyewear.co.uk\/collective\/#breadcrumb","itemListElement":[{"@type":"ListItem","position":1,"name":"Home","item":"https:\/\/fortiseyewear.co.uk\/"},{"@type":"ListItem","position":2,"name":"The Collective"}]},{"@type":"WebSite","@id":"https:\/\/fortiseyewear.co.uk\/#website","url":"https:\/\/fortiseyewear.co.uk\/","name":"Fortis Eyewear","description":"Lunettes de soleil polaris\u00e9es pour la p\u00eache","publisher":{"@id":"https:\/\/fortiseyewear.co.uk\/#organization"},"alternateName":"Fortis","potentialAction":[{"@type":"SearchAction","target":{"@type":"EntryPoint","urlTemplate":"https:\/\/fortiseyewear.co.uk\/?s={search_term_string}"},"query-input":{"@type":"PropertyValueSpecification","valueRequired":true,"valueName":"search_term_string"}}],"inLanguage":"fr-FR"},{"@type":"Organization","@id":"https:\/\/fortiseyewear.co.uk\/#organization","name":"Fortis Eyewear","alternateName":"Fortis","url":"https:\/\/fortiseyewear.co.uk\/","logo":{"@type":"ImageObject","inLanguage":"fr-FR","@id":"https:\/\/fortiseyewear.co.uk\/#\/schema\/logo\/image\/","url":"https:\/\/fortiseyewear.co.uk\/wp-content\/uploads\/2019\/05\/1.FinalLogoMOBILE.jpg","contentUrl":"https:\/\/fortiseyewear.co.uk\/wp-content\/uploads\/2019\/05\/1.FinalLogoMOBILE.jpg","width":766,"height":541,"caption":"Fortis Eyewear"},"image":{"@id":"https:\/\/fortiseyewear.co.uk\/#\/schema\/logo\/image\/"},"sameAs":["https:\/\/www.facebook.com\/FortisEyewear","https:\/\/x.com\/fortiseyewear","https:\/\/www.instagram.com\/FortisEyewear","https:\/\/www.youtube.com\/channel\/UC5uI6lYx37ltUVATG5skJLw"]}]}},"_links":{"self":[{"href":"https:\/\/fortiseyewear.co.uk\/fr\/wp-json\/wp\/v2\/pages\/67","targetHints":{"allow":["GET"]}}],"collection":[{"href":"https:\/\/fortiseyewear.co.uk\/fr\/wp-json\/wp\/v2\/pages"}],"about":[{"href":"https:\/\/fortiseyewear.co.uk\/fr\/wp-json\/wp\/v2\/types\/page"}],"author":[{"embeddable":true,"href":"https:\/\/fortiseyewear.co.uk\/fr\/wp-json\/wp\/v2\/users\/11"}],"replies":[{"embeddable":true,"href":"https:\/\/fortiseyewear.co.uk\/fr\/wp-json\/wp\/v2\/comments?post=67"}],"version-history":[{"count":0,"href":"https:\/\/fortiseyewear.co.uk\/fr\/wp-json\/wp\/v2\/pages\/67\/revisions"}],"wp:attachment":[{"href":"https:\/\/fortiseyewear.co.uk\/fr\/wp-json\/wp\/v2\/media?parent=67"}],"curies":[{"name":"wp","href":"https:\/\/api.w.org\/{rel}","templated":true}]}}