{"id":75,"date":"2012-12-10T12:03:50","date_gmt":"2012-12-10T12:03:50","guid":{"rendered":"https:\/\/fortiseyewear.co.uk\/?page_id=75"},"modified":"2023-05-07T08:42:44","modified_gmt":"2023-05-07T08:42:44","slug":"news","status":"publish","type":"page","link":"https:\/\/fortiseyewear.co.uk\/fr\/news\/","title":{"rendered":"Actualit\u00e9s"},"content":{"rendered":"<p><span style=\"color: #000000;\">.<\/span><a href=\"\/fr\/?page_id=2527\"><img decoding=\"async\" class=\"alignnone size-full wp-image-5203\" src=\"https:\/\/fortiseyewear.co.uk\/wp-content\/uploads\/2016\/04\/Header-News.jpg\" alt=\"Fortis Eyewear News\" width=\"680\" height=\"226\"><\/a><\/p>\n<h3><span style=\"color: #ff6600;\">Les derni\u00e8res nouvelles sur les lunettes de p\u00eache polaris\u00e9es<\/span><\/h3>\n<p>Restez au courant des derni\u00e8res nouvelles en cliquant sur le bouton \"s'abonner\" !<\/p>\n[display-posts include_excerpt=\"true\" image_size=\"true\" category=\"news\" exclude \"SeeDeeper\" \"take-part\" posts_per_page=\"200\u2033]","protected":false},"excerpt":{"rendered":"<p>. Les derni\u00e8res nouvelles sur les lunettes de p\u00eache polaris\u00e9es Restez \u00e0 l'aff\u00fbt des derni\u00e8res nouvelles en cliquant sur le bouton d'abonnement ! [display-posts include_excerpt=\"true\" image_size=\"true\" category=\"news\" exclude \"SeeDeeper\" \"take-part\" posts_per_page=\"200\u2033]<\/p>","protected":false},"author":11,"featured_media":0,"parent":0,"menu_order":0,"comment_status":"closed","ping_status":"open","template":"","meta":{"_acf_changed":false,"footnotes":""},"class_list":["post-75","page","type-page","status-publish","hentry","prodpage-classic"],"acf":[],"yoast_head":"<!-- This site is optimized with the Yoast SEO Premium plugin v26.7 (Yoast SEO v26.7) - https:\/\/yoast.com\/wordpress\/plugins\/seo\/ -->\n<title>News | Fortis Eyewear | Polarised Fishing Sunglasses UK<\/title>\n<meta name=\"description\" content=\"All the latest news from Fortis Eyewear, producers of high tech polarised fishing sunglasses UK to enable the angler to see deeper into the water. Many expert angler&#039;s wear polarised sunglasses\" \/>\n<meta name=\"robots\" content=\"index, follow, max-snippet:-1, max-image-preview:large, max-video-preview:-1\" \/>\n<link rel=\"canonical\" href=\"https:\/\/fortiseyewear.co.uk\/fr\/news\/\" \/>\n<meta property=\"og:locale\" content=\"fr_FR\" \/>\n<meta property=\"og:type\" content=\"article\" \/>\n<meta property=\"og:title\" content=\"News\" \/>\n<meta property=\"og:description\" content=\"All the latest news from Fortis Eyewear, producers of high tech polarised fishing sunglasses UK to enable the angler to see deeper into the water. Many expert angler&#039;s wear polarised sunglasses\" \/>\n<meta property=\"og:url\" content=\"https:\/\/fortiseyewear.co.uk\/fr\/news\/\" \/>\n<meta property=\"og:site_name\" content=\"Fortis Eyewear\" \/>\n<meta property=\"article:publisher\" content=\"https:\/\/www.facebook.com\/FortisEyewear\" \/>\n<meta property=\"article:modified_time\" content=\"2023-05-07T08:42:44+00:00\" \/>\n<meta property=\"og:image\" content=\"https:\/\/fortiseyewear.co.uk\/wp-content\/uploads\/2016\/04\/Header-News.jpg\" \/>\n<meta name=\"twitter:card\" content=\"summary_large_image\" \/>\n<meta name=\"twitter:site\" content=\"@fortiseyewear\" \/>\n<meta name=\"twitter:label1\" content=\"Dur\u00e9e de lecture estim\u00e9e\" \/>\n\t<meta name=\"twitter:data1\" content=\"1 minute\" \/>\n<!-- \/ Yoast SEO Premium plugin. -->","yoast_head_json":{"title":"News | Fortis Eyewear | Lunettes de soleil de p\u00eache polaris\u00e9es UK","description":"Toutes les derni\u00e8res nouvelles de Fortis Eyewear, fabricant de lunettes de soleil polarisantes de haute technologie pour la p\u00eache au Royaume-Uni, qui permettent au p\u00eacheur de voir plus profond\u00e9ment dans l'eau. De nombreux p\u00eacheurs experts portent des lunettes de soleil polaris\u00e9es.","robots":{"index":"index","follow":"follow","max-snippet":"max-snippet:-1","max-image-preview":"max-image-preview:large","max-video-preview":"max-video-preview:-1"},"canonical":"https:\/\/fortiseyewear.co.uk\/fr\/news\/","og_locale":"fr_FR","og_type":"article","og_title":"News","og_description":"All the latest news from Fortis Eyewear, producers of high tech polarised fishing sunglasses UK to enable the angler to see deeper into the water. Many expert angler's wear polarised sunglasses","og_url":"https:\/\/fortiseyewear.co.uk\/fr\/news\/","og_site_name":"Fortis Eyewear","article_publisher":"https:\/\/www.facebook.com\/FortisEyewear","article_modified_time":"2023-05-07T08:42:44+00:00","og_image":[{"url":"https:\/\/fortiseyewear.co.uk\/wp-content\/uploads\/2016\/04\/Header-News.jpg","type":"","width":"","height":""}],"twitter_card":"summary_large_image","twitter_site":"@fortiseyewear","twitter_misc":{"Dur\u00e9e de lecture estim\u00e9e":"1 minute"},"schema":{"@context":"https:\/\/schema.org","@graph":[{"@type":"WebPage","@id":"https:\/\/fortiseyewear.co.uk\/news\/","url":"https:\/\/fortiseyewear.co.uk\/news\/","name":"News | Fortis Eyewear | Lunettes de soleil de p\u00eache polaris\u00e9es UK","isPartOf":{"@id":"https:\/\/fortiseyewear.co.uk\/#website"},"primaryImageOfPage":{"@id":"https:\/\/fortiseyewear.co.uk\/news\/#primaryimage"},"image":{"@id":"https:\/\/fortiseyewear.co.uk\/news\/#primaryimage"},"thumbnailUrl":"https:\/\/fortiseyewear.co.uk\/wp-content\/uploads\/2016\/04\/Header-News.jpg","datePublished":"2012-12-10T12:03:50+00:00","dateModified":"2023-05-07T08:42:44+00:00","description":"Toutes les derni\u00e8res nouvelles de Fortis Eyewear, fabricant de lunettes de soleil polarisantes de haute technologie pour la p\u00eache au Royaume-Uni, qui permettent au p\u00eacheur de voir plus profond\u00e9ment dans l'eau. De nombreux p\u00eacheurs experts portent des lunettes de soleil polaris\u00e9es.","breadcrumb":{"@id":"https:\/\/fortiseyewear.co.uk\/news\/#breadcrumb"},"inLanguage":"fr-FR","potentialAction":[{"@type":"ReadAction","target":["https:\/\/fortiseyewear.co.uk\/news\/"]}]},{"@type":"ImageObject","inLanguage":"fr-FR","@id":"https:\/\/fortiseyewear.co.uk\/news\/#primaryimage","url":"https:\/\/fortiseyewear.co.uk\/wp-content\/uploads\/2016\/04\/Header-News.jpg","contentUrl":"https:\/\/fortiseyewear.co.uk\/wp-content\/uploads\/2016\/04\/Header-News.jpg"},{"@type":"BreadcrumbList","@id":"https:\/\/fortiseyewear.co.uk\/news\/#breadcrumb","itemListElement":[{"@type":"ListItem","position":1,"name":"Home","item":"https:\/\/fortiseyewear.co.uk\/"},{"@type":"ListItem","position":2,"name":"News"}]},{"@type":"WebSite","@id":"https:\/\/fortiseyewear.co.uk\/#website","url":"https:\/\/fortiseyewear.co.uk\/","name":"Fortis Eyewear","description":"Lunettes de soleil polaris\u00e9es pour la p\u00eache","publisher":{"@id":"https:\/\/fortiseyewear.co.uk\/#organization"},"alternateName":"Fortis","potentialAction":[{"@type":"SearchAction","target":{"@type":"EntryPoint","urlTemplate":"https:\/\/fortiseyewear.co.uk\/?s={search_term_string}"},"query-input":{"@type":"PropertyValueSpecification","valueRequired":true,"valueName":"search_term_string"}}],"inLanguage":"fr-FR"},{"@type":"Organization","@id":"https:\/\/fortiseyewear.co.uk\/#organization","name":"Fortis Eyewear","alternateName":"Fortis","url":"https:\/\/fortiseyewear.co.uk\/","logo":{"@type":"ImageObject","inLanguage":"fr-FR","@id":"https:\/\/fortiseyewear.co.uk\/#\/schema\/logo\/image\/","url":"https:\/\/fortiseyewear.co.uk\/wp-content\/uploads\/2019\/05\/1.FinalLogoMOBILE.jpg","contentUrl":"https:\/\/fortiseyewear.co.uk\/wp-content\/uploads\/2019\/05\/1.FinalLogoMOBILE.jpg","width":766,"height":541,"caption":"Fortis Eyewear"},"image":{"@id":"https:\/\/fortiseyewear.co.uk\/#\/schema\/logo\/image\/"},"sameAs":["https:\/\/www.facebook.com\/FortisEyewear","https:\/\/x.com\/fortiseyewear","https:\/\/www.instagram.com\/FortisEyewear","https:\/\/www.youtube.com\/channel\/UC5uI6lYx37ltUVATG5skJLw"]}]}},"_links":{"self":[{"href":"https:\/\/fortiseyewear.co.uk\/fr\/wp-json\/wp\/v2\/pages\/75","targetHints":{"allow":["GET"]}}],"collection":[{"href":"https:\/\/fortiseyewear.co.uk\/fr\/wp-json\/wp\/v2\/pages"}],"about":[{"href":"https:\/\/fortiseyewear.co.uk\/fr\/wp-json\/wp\/v2\/types\/page"}],"author":[{"embeddable":true,"href":"https:\/\/fortiseyewear.co.uk\/fr\/wp-json\/wp\/v2\/users\/11"}],"replies":[{"embeddable":true,"href":"https:\/\/fortiseyewear.co.uk\/fr\/wp-json\/wp\/v2\/comments?post=75"}],"version-history":[{"count":0,"href":"https:\/\/fortiseyewear.co.uk\/fr\/wp-json\/wp\/v2\/pages\/75\/revisions"}],"wp:attachment":[{"href":"https:\/\/fortiseyewear.co.uk\/fr\/wp-json\/wp\/v2\/media?parent=75"}],"curies":[{"name":"wp","href":"https:\/\/api.w.org\/{rel}","templated":true}]}}