{"id":855,"date":"2013-04-03T18:13:48","date_gmt":"2013-04-03T18:13:48","guid":{"rendered":"https:\/\/fortiseyewear.co.uk\/?page_id=855"},"modified":"2020-02-12T13:59:09","modified_gmt":"2020-02-12T13:59:09","slug":"darran-goulder","status":"publish","type":"page","link":"https:\/\/fortiseyewear.co.uk\/fr\/collective\/darran-goulder\/","title":{"rendered":"Darran Goulder"},"content":{"rendered":"<h3><img decoding=\"async\" class=\"alignnone size-full wp-image-3997\" src=\"https:\/\/fortiseyewear.co.uk\/wp-content\/uploads\/2013\/04\/DarranGoulderHeader.jpg\" alt=\"DarranGoulderHeader\" width=\"680\" height=\"226\" srcset=\"https:\/\/fortiseyewear.co.uk\/wp-content\/uploads\/2013\/04\/DarranGoulderHeader.jpg 680w, https:\/\/fortiseyewear.co.uk\/wp-content\/uploads\/2013\/04\/DarranGoulderHeader-300x100.jpg 300w, https:\/\/fortiseyewear.co.uk\/wp-content\/uploads\/2013\/04\/DarranGoulderHeader-600x199.jpg 600w, https:\/\/fortiseyewear.co.uk\/wp-content\/uploads\/2013\/04\/DarranGoulderHeader-640x213.jpg 640w, https:\/\/fortiseyewear.co.uk\/wp-content\/uploads\/2013\/04\/DarranGoulderHeader-150x50.jpg 150w, https:\/\/fortiseyewear.co.uk\/wp-content\/uploads\/2013\/04\/DarranGoulderHeader-280x93.jpg 280w, https:\/\/fortiseyewear.co.uk\/wp-content\/uploads\/2013\/04\/DarranGoulderHeader-160x53.jpg 160w, https:\/\/fortiseyewear.co.uk\/wp-content\/uploads\/2013\/04\/DarranGoulderHeader-320x106.jpg 320w, https:\/\/fortiseyewear.co.uk\/wp-content\/uploads\/2013\/04\/DarranGoulderHeader-480x160.jpg 480w\" sizes=\"(max-width: 680px) 100vw, 680px\" \/><\/h3>\n<h3>At the Drop of a Hat<\/h3>\n<p>We welcome Darran Goulder to the Fortis Collective. As an all round specimen hunter Darran&#8217;s skills lie in his ability to be adaptable and follow weather conditions. As the youngest ever Drennan Cup winner he bares a fresh approach with boundless enthusiasm for all species. He is a key addition to the collective with a wealth of knowledge and ideas. Darran discusses his approach&#8230;<\/p>\n<p>As an all round specimen hunter, I pride myself on being organised and ready to fish for any different species at the drop of a hat. \u00a0The key to being consistent throughout the whole year, especially in the colder months is having the ability to distinguish how the weather forecast affects a fish\u2019s feeding patterns. All fish prefer different conditions, whether that be a spring Tench, a summer Rudd, autumn Barbel or winter Chub and that all revolves around climate.[toggle_basic title=&#8221;Read More&#8221;]\n<p>When not out there in pursuit, most of the spare time is spent plotting the downfall of the next target. Rises and Falls in pressure \u2013 which can be anything from a heat wave in the summer, or a cold snap in the winter, can be the kiss of death for Carp or Barbel\u2026 but can also be the trigger for an Eel or cold water Chub.<\/p>\n<p>It doesn\u2019t have to be rocket science, but if you was to set a couple of species for each season and stick to it, by the end of the year you\u2019d find you would have had a lot less blanks. For example \u2013 Tench and Carp in Spring, Carp &amp; Eels in the summer, Barbel &amp; Perch in the Autumn, and Chub &amp; Pike in the Winter \u2013 you\u2019d learn so much more about your quarry than if you would sitting it out \u201cno matter what\u201d.<\/p>\n<p>This February I took time out of a Chub campaign to have a go for a big reservoir Pike in a short window of opportunity when the rivers were flooded. \u00a0It was also, not by chance, to coincide with the Pike being at their heaviest. Grouping up in shallower water prior to spawning, feeding hard and therefore being up for a good much is textbook. \u00a0I caught my dream Pike, and then sat it out fishing for Chub again as the rivers fined down and the water temperatures rose. Unfortunately \u2013 the huge Chub didn\u2019t quite materialise, but I came close![\/toggle_basic]\n[shareprints gallery_id=&#8221;3923&#8243; gallery_type=&#8221;masonry&#8221; gallery_position=&#8221;pos_center&#8221; gallery_width=&#8221;width_100&#8243; image_size=&#8221;medium&#8221; image_padding=&#8221;5&#8243; theme=&#8221;dark&#8221; image_hover=&#8221;colortosepia&#8221; lightbox_type=&#8221;slide&#8221; titles=&#8221;true&#8221; captions=&#8221;true&#8221; descriptions=&#8221;true&#8221; comments=&#8221;false&#8221; sharing=&#8221;true&#8221;]\n<p style=\"text-align: center;\"><a href=\"https:\/\/instagram.com\/darrangoulder\"><img decoding=\"async\" class=\"wp-image-3901 size-full\" src=\"https:\/\/fortiseyewear.co.uk\/wp-content\/uploads\/2013\/04\/Instagram.png\" alt=\"Instagram\" width=\"20\" height=\"20\" \/><br \/>\n<\/a>Darran Goulder on Instagram<\/p>\n","protected":false},"excerpt":{"rendered":"<p>Au pied lev\u00e9 Nous souhaitons la bienvenue \u00e0 Darran Goulder au sein du collectif Fortis. En tant que chasseur de sp\u00e9cimens polyvalent, les comp\u00e9tences de Darran r\u00e9sident dans sa capacit\u00e9 \u00e0 s'adapter et \u00e0 suivre les conditions m\u00e9t\u00e9orologiques. En tant que plus jeune vainqueur de la Drennan Cup, il fait preuve d'une approche nouvelle et d'un enthousiasme d\u00e9bordant pour toutes les esp\u00e8ces. Il est un<\/p>","protected":false},"author":11,"featured_media":0,"parent":67,"menu_order":0,"comment_status":"closed","ping_status":"open","template":"","meta":{"_acf_changed":false,"footnotes":""},"class_list":["post-855","page","type-page","status-publish","hentry","prodpage-classic"],"acf":[],"yoast_head":"<!-- This site is optimized with the Yoast SEO Premium plugin v27.5 (Yoast SEO v27.5) - https:\/\/yoast.com\/product\/yoast-seo-premium-wordpress\/ -->\n<title>Fortis Eyewear Darran Goulder Specimen Angler UK<\/title>\n<meta name=\"description\" content=\"Specimen angler\u2019s such as Stuart Court &amp; Darran Goulder use polarised fishing sunglasses by Fortis Eyewear to help catch more fish. Targeting big fish in deep water using our X Bloc lens technology to eliminate surface glare from the sun will put more fish on the bank\" \/>\n<meta name=\"robots\" content=\"index, follow, max-snippet:-1, max-image-preview:large, max-video-preview:-1\" \/>\n<link rel=\"canonical\" href=\"https:\/\/fortiseyewear.co.uk\/fr\/collective\/darran-goulder\/\" \/>\n<meta property=\"og:locale\" content=\"fr_FR\" \/>\n<meta property=\"og:type\" content=\"article\" \/>\n<meta property=\"og:title\" content=\"Darran Goulder\" \/>\n<meta property=\"og:description\" content=\"Specimen angler\u2019s such as Stuart Court &amp; Darran Goulder use polarised fishing sunglasses by Fortis Eyewear to help catch more fish. Targeting big fish in deep water using our X Bloc lens technology to eliminate surface glare from the sun will put more fish on the bank\" \/>\n<meta property=\"og:url\" content=\"https:\/\/fortiseyewear.co.uk\/fr\/collective\/darran-goulder\/\" \/>\n<meta property=\"og:site_name\" content=\"Fortis Eyewear\" \/>\n<meta property=\"article:publisher\" content=\"https:\/\/www.facebook.com\/FortisEyewear\" \/>\n<meta property=\"article:modified_time\" content=\"2020-02-12T13:59:09+00:00\" \/>\n<meta property=\"og:image\" content=\"https:\/\/fortiseyewear.co.uk\/wp-content\/uploads\/2013\/04\/DarranGoulderHeader.jpg\" \/>\n<meta name=\"twitter:card\" content=\"summary_large_image\" \/>\n<meta name=\"twitter:site\" content=\"@fortiseyewear\" \/>\n<meta name=\"twitter:label1\" content=\"Dur\u00e9e de lecture estim\u00e9e\" \/>\n\t<meta name=\"twitter:data1\" content=\"2 minutes\" \/>\n<!-- \/ Yoast SEO Premium plugin. -->","yoast_head_json":{"title":"Fortis Eyewear Darran Goulder Specimen Angler UK","description":"Specimen angler\u2019s such as Stuart Court & Darran Goulder use polarised fishing sunglasses by Fortis Eyewear to help catch more fish. Targeting big fish in deep water using our X Bloc lens technology to eliminate surface glare from the sun will put more fish on the bank","robots":{"index":"index","follow":"follow","max-snippet":"max-snippet:-1","max-image-preview":"max-image-preview:large","max-video-preview":"max-video-preview:-1"},"canonical":"https:\/\/fortiseyewear.co.uk\/fr\/collective\/darran-goulder\/","og_locale":"fr_FR","og_type":"article","og_title":"Darran Goulder","og_description":"Specimen angler\u2019s such as Stuart Court & Darran Goulder use polarised fishing sunglasses by Fortis Eyewear to help catch more fish. Targeting big fish in deep water using our X Bloc lens technology to eliminate surface glare from the sun will put more fish on the bank","og_url":"https:\/\/fortiseyewear.co.uk\/fr\/collective\/darran-goulder\/","og_site_name":"Fortis Eyewear","article_publisher":"https:\/\/www.facebook.com\/FortisEyewear","article_modified_time":"2020-02-12T13:59:09+00:00","og_image":[{"url":"https:\/\/fortiseyewear.co.uk\/wp-content\/uploads\/2013\/04\/DarranGoulderHeader.jpg","type":"","width":"","height":""}],"twitter_card":"summary_large_image","twitter_site":"@fortiseyewear","twitter_misc":{"Dur\u00e9e de lecture estim\u00e9e":"2 minutes"},"schema":{"@context":"https:\/\/schema.org","@graph":[{"@type":"WebPage","@id":"https:\/\/fortiseyewear.co.uk\/collective\/darran-goulder\/","url":"https:\/\/fortiseyewear.co.uk\/collective\/darran-goulder\/","name":"Fortis Eyewear Darran Goulder Specimen Angler UK","isPartOf":{"@id":"https:\/\/fortiseyewear.co.uk\/#website"},"primaryImageOfPage":{"@id":"https:\/\/fortiseyewear.co.uk\/collective\/darran-goulder\/#primaryimage"},"image":{"@id":"https:\/\/fortiseyewear.co.uk\/collective\/darran-goulder\/#primaryimage"},"thumbnailUrl":"https:\/\/fortiseyewear.co.uk\/wp-content\/uploads\/2013\/04\/DarranGoulderHeader.jpg","datePublished":"2013-04-03T18:13:48+00:00","dateModified":"2020-02-12T13:59:09+00:00","description":"Specimen angler\u2019s such as Stuart Court & Darran Goulder use polarised fishing sunglasses by Fortis Eyewear to help catch more fish. Targeting big fish in deep water using our X Bloc lens technology to eliminate surface glare from the sun will put more fish on the bank","breadcrumb":{"@id":"https:\/\/fortiseyewear.co.uk\/collective\/darran-goulder\/#breadcrumb"},"inLanguage":"fr-FR","potentialAction":[{"@type":"ReadAction","target":["https:\/\/fortiseyewear.co.uk\/collective\/darran-goulder\/"]}]},{"@type":"ImageObject","inLanguage":"fr-FR","@id":"https:\/\/fortiseyewear.co.uk\/collective\/darran-goulder\/#primaryimage","url":"https:\/\/fortiseyewear.co.uk\/wp-content\/uploads\/2013\/04\/DarranGoulderHeader.jpg","contentUrl":"https:\/\/fortiseyewear.co.uk\/wp-content\/uploads\/2013\/04\/DarranGoulderHeader.jpg"},{"@type":"BreadcrumbList","@id":"https:\/\/fortiseyewear.co.uk\/collective\/darran-goulder\/#breadcrumb","itemListElement":[{"@type":"ListItem","position":1,"name":"Home","item":"https:\/\/fortiseyewear.co.uk\/"},{"@type":"ListItem","position":2,"name":"The Collective","item":"https:\/\/fortiseyewear.co.uk\/collective\/"},{"@type":"ListItem","position":3,"name":"Darran Goulder"}]},{"@type":"WebSite","@id":"https:\/\/fortiseyewear.co.uk\/#website","url":"https:\/\/fortiseyewear.co.uk\/","name":"Fortis Eyewear","description":"Lunettes de soleil polaris\u00e9es pour la p\u00eache","publisher":{"@id":"https:\/\/fortiseyewear.co.uk\/#organization"},"alternateName":"Fortis","potentialAction":[{"@type":"SearchAction","target":{"@type":"EntryPoint","urlTemplate":"https:\/\/fortiseyewear.co.uk\/?s={search_term_string}"},"query-input":{"@type":"PropertyValueSpecification","valueRequired":true,"valueName":"search_term_string"}}],"inLanguage":"fr-FR"},{"@type":"Organization","@id":"https:\/\/fortiseyewear.co.uk\/#organization","name":"Fortis Eyewear","alternateName":"Fortis","url":"https:\/\/fortiseyewear.co.uk\/","logo":{"@type":"ImageObject","inLanguage":"fr-FR","@id":"https:\/\/fortiseyewear.co.uk\/#\/schema\/logo\/image\/","url":"https:\/\/fortiseyewear.co.uk\/wp-content\/uploads\/2019\/05\/1.FinalLogoMOBILE.jpg","contentUrl":"https:\/\/fortiseyewear.co.uk\/wp-content\/uploads\/2019\/05\/1.FinalLogoMOBILE.jpg","width":766,"height":541,"caption":"Fortis Eyewear"},"image":{"@id":"https:\/\/fortiseyewear.co.uk\/#\/schema\/logo\/image\/"},"sameAs":["https:\/\/www.facebook.com\/FortisEyewear","https:\/\/x.com\/fortiseyewear","https:\/\/www.instagram.com\/FortisEyewear","https:\/\/www.youtube.com\/channel\/UC5uI6lYx37ltUVATG5skJLw"]}]}},"_links":{"self":[{"href":"https:\/\/fortiseyewear.co.uk\/fr\/wp-json\/wp\/v2\/pages\/855","targetHints":{"allow":["GET"]}}],"collection":[{"href":"https:\/\/fortiseyewear.co.uk\/fr\/wp-json\/wp\/v2\/pages"}],"about":[{"href":"https:\/\/fortiseyewear.co.uk\/fr\/wp-json\/wp\/v2\/types\/page"}],"author":[{"embeddable":true,"href":"https:\/\/fortiseyewear.co.uk\/fr\/wp-json\/wp\/v2\/users\/11"}],"replies":[{"embeddable":true,"href":"https:\/\/fortiseyewear.co.uk\/fr\/wp-json\/wp\/v2\/comments?post=855"}],"version-history":[{"count":0,"href":"https:\/\/fortiseyewear.co.uk\/fr\/wp-json\/wp\/v2\/pages\/855\/revisions"}],"up":[{"embeddable":true,"href":"https:\/\/fortiseyewear.co.uk\/fr\/wp-json\/wp\/v2\/pages\/67"}],"wp:attachment":[{"href":"https:\/\/fortiseyewear.co.uk\/fr\/wp-json\/wp\/v2\/media?parent=855"}],"curies":[{"name":"wp","href":"https:\/\/api.w.org\/{rel}","templated":true}]}}