{"id":9175,"date":"2014-11-13T11:20:02","date_gmt":"2014-11-13T11:20:02","guid":{"rendered":"https:\/\/fortiseyewear.co.uk\/?page_id=9175"},"modified":"2020-02-12T14:00:11","modified_gmt":"2020-02-12T14:00:11","slug":"oz-holness","status":"publish","type":"page","link":"https:\/\/fortiseyewear.co.uk\/fr\/collective\/oz-holness\/","title":{"rendered":"Oz Holness"},"content":{"rendered":"<p><img decoding=\"async\" class=\"size-full wp-image-9217\" src=\"https:\/\/fortiseyewear.co.uk\/wp-content\/uploads\/2014\/11\/Oz-Holness-Header.jpg\" alt=\"Oz Holness UK Carp Angler\" width=\"680\" height=\"226\" \/><\/p>\n<h3>That Feeling<\/h3>\n<p>That \u2018feeling\u2019 &#8230; You know the one. You can almost smell the water before you see it. Rolling through the gate for the first time, down a narrow wooded track, across a mist shrouded scrubland\u2026 wherever it may be. That intoxicating perfume of willow leaf, bull-rushes, waterweed and the humidity of the nettle beds never fails to ignite my senses.<\/p>\n<p>I like to arrive in the dark hours on a new lake&#8230; take time to wander the banks, acclimatising and tuning in to the environment. Getting a real \u2018feel\u2019 for it if you like. That\u2019s it for me, a \u2018feeling\u2019. Angling has to have a feeling , a soul. Something to captivate and fire the imagination. The mirror like surface of any lake is, to me, a looking glass into another realm. One that holds the dreams that push me out into the coldest of weathers, the darkest of stormy nights and for periods away from family and friends. That feeling of mystery unfolding before the eyes, the desire to experience whatever nature puts in your path, that\u2019s what inspires and pushes me on to fulfil those dreams. For the most part it\u2019s guessing and imagination, coupled with watercraft experience. But every so often conditions and circumstance allow a brief glimpse, into a world most non anglers will never see. What a rush watching the oily surface at dawn, as a chunky mirror turns over on a carefully pre-baited spot in a quiet corner. Or hours spent perched in the nook of an Alder tree, shadows ghosting in and out amongst the weed-beds in that over-looked bay. Those little experiences are what I look for and love in angling and are what keeps the fires burning bright so to speak.[toggle_basic title=&#8221;Read More&#8221;]\n<p>For me success is not measured in what I have caught or achieved but in what I have experienced. Those moments clinging onto the spokes of a brolly as a heavy squall rips through the valley at 1am, or watching the stoat dragging a rabbit five times his size off for dinner through the brambles. These things are as special as carefully cradling a 50 year old Leney back to her ancient home in the lillies.<\/p>\n<p>Carp angling not only fires the imagination, it evokes a strong and passionate response in most of us lucky enough to be \u2018part\u2019 of it . I always feel priveledged to be part of something so special and continue to look at everything with \u2018open\u2019 eyes .<\/p>\n<p>See you on the bank.[\/toggle_basic]\n[shareprints gallery_id=&#8221;9177&#8243; gallery_type=&#8221;masonry&#8221; gallery_position=&#8221;pos_center&#8221; gallery_width=&#8221;width_100&#8243; image_size=&#8221;medium&#8221; image_padding=&#8221;5&#8243; theme=&#8221;dark&#8221; image_hover=&#8221;colortosepia&#8221; lightbox_type=&#8221;slide&#8221; titles=&#8221;true&#8221; captions=&#8221;true&#8221; descriptions=&#8221;true&#8221; comments=&#8221;false&#8221; sharing=&#8221;true&#8221;]\n<p style=\"text-align: center;\"><a href=\"https:\/\/instagram.com\/ozholness\/\"><img decoding=\"async\" class=\"wp-image-3901 size-full aligncenter\" src=\"https:\/\/fortiseyewear.co.uk\/wp-content\/uploads\/2013\/04\/Instagram.png\" alt=\"Instagram\" width=\"20\" height=\"20\" \/><br \/>\nOz Holness on Instagram<\/a><\/p>\n","protected":false},"excerpt":{"rendered":"<p>Ce sentiment Ce \"sentiment\"... Vous le connaissez. Vous pouvez presque sentir l'eau avant de la voir. Vous passez le portail pour la premi\u00e8re fois, vous descendez un chemin bois\u00e9 \u00e9troit, vous traversez un maquis envelopp\u00e9 de brume... o\u00f9 que ce soit. Ce parfum enivrant de feuilles de saule, de joncs, d'herbes aquatiques et de l'humidit\u00e9 de l'ortie.<\/p>","protected":false},"author":11,"featured_media":0,"parent":67,"menu_order":0,"comment_status":"closed","ping_status":"open","template":"","meta":{"_acf_changed":false,"footnotes":""},"class_list":["post-9175","page","type-page","status-publish","hentry","prodpage-classic"],"acf":[],"yoast_head":"<!-- This site is optimized with the Yoast SEO Premium plugin v27.5 (Yoast SEO v27.5) - https:\/\/yoast.com\/product\/yoast-seo-premium-wordpress\/ -->\n<title>Oz Holness - Fortis Eyewear<\/title>\n<meta name=\"robots\" content=\"index, follow, max-snippet:-1, max-image-preview:large, max-video-preview:-1\" \/>\n<link rel=\"canonical\" href=\"https:\/\/fortiseyewear.co.uk\/fr\/collective\/oz-holness\/\" \/>\n<meta property=\"og:locale\" content=\"fr_FR\" \/>\n<meta property=\"og:type\" content=\"article\" \/>\n<meta property=\"og:title\" content=\"Oz Holness\" \/>\n<meta property=\"og:description\" content=\"That Feeling That \u2018feeling\u2019 &#8230; You know the one. You can almost smell the water before you see it. Rolling through the gate for the first time, down a narrow wooded track, across a mist shrouded scrubland\u2026 wherever it may be. That intoxicating perfume of willow leaf, bull-rushes, waterweed and the humidity of the nettle\" \/>\n<meta property=\"og:url\" content=\"https:\/\/fortiseyewear.co.uk\/fr\/collective\/oz-holness\/\" \/>\n<meta property=\"og:site_name\" content=\"Fortis Eyewear\" \/>\n<meta property=\"article:publisher\" content=\"https:\/\/www.facebook.com\/FortisEyewear\" \/>\n<meta property=\"article:modified_time\" content=\"2020-02-12T14:00:11+00:00\" \/>\n<meta property=\"og:image\" content=\"https:\/\/fortiseyewear.co.uk\/wp-content\/uploads\/2014\/11\/Oz-Holness-Header.jpg\" \/>\n<meta name=\"twitter:card\" content=\"summary_large_image\" \/>\n<meta name=\"twitter:site\" content=\"@fortiseyewear\" \/>\n<meta name=\"twitter:label1\" content=\"Dur\u00e9e de lecture estim\u00e9e\" \/>\n\t<meta name=\"twitter:data1\" content=\"2 minutes\" \/>\n<!-- \/ Yoast SEO Premium plugin. -->","yoast_head_json":{"title":"Oz Holness - Fortis Eyewear","robots":{"index":"index","follow":"follow","max-snippet":"max-snippet:-1","max-image-preview":"max-image-preview:large","max-video-preview":"max-video-preview:-1"},"canonical":"https:\/\/fortiseyewear.co.uk\/fr\/collective\/oz-holness\/","og_locale":"fr_FR","og_type":"article","og_title":"Oz Holness","og_description":"That Feeling That \u2018feeling\u2019 &#8230; You know the one. You can almost smell the water before you see it. Rolling through the gate for the first time, down a narrow wooded track, across a mist shrouded scrubland\u2026 wherever it may be. That intoxicating perfume of willow leaf, bull-rushes, waterweed and the humidity of the nettle","og_url":"https:\/\/fortiseyewear.co.uk\/fr\/collective\/oz-holness\/","og_site_name":"Fortis Eyewear","article_publisher":"https:\/\/www.facebook.com\/FortisEyewear","article_modified_time":"2020-02-12T14:00:11+00:00","og_image":[{"url":"https:\/\/fortiseyewear.co.uk\/wp-content\/uploads\/2014\/11\/Oz-Holness-Header.jpg","type":"","width":"","height":""}],"twitter_card":"summary_large_image","twitter_site":"@fortiseyewear","twitter_misc":{"Dur\u00e9e de lecture estim\u00e9e":"2 minutes"},"schema":{"@context":"https:\/\/schema.org","@graph":[{"@type":"WebPage","@id":"https:\/\/fortiseyewear.co.uk\/collective\/oz-holness\/","url":"https:\/\/fortiseyewear.co.uk\/collective\/oz-holness\/","name":"Oz Holness - Fortis Eyewear","isPartOf":{"@id":"https:\/\/fortiseyewear.co.uk\/#website"},"primaryImageOfPage":{"@id":"https:\/\/fortiseyewear.co.uk\/collective\/oz-holness\/#primaryimage"},"image":{"@id":"https:\/\/fortiseyewear.co.uk\/collective\/oz-holness\/#primaryimage"},"thumbnailUrl":"https:\/\/fortiseyewear.co.uk\/wp-content\/uploads\/2014\/11\/Oz-Holness-Header.jpg","datePublished":"2014-11-13T11:20:02+00:00","dateModified":"2020-02-12T14:00:11+00:00","breadcrumb":{"@id":"https:\/\/fortiseyewear.co.uk\/collective\/oz-holness\/#breadcrumb"},"inLanguage":"fr-FR","potentialAction":[{"@type":"ReadAction","target":["https:\/\/fortiseyewear.co.uk\/collective\/oz-holness\/"]}]},{"@type":"ImageObject","inLanguage":"fr-FR","@id":"https:\/\/fortiseyewear.co.uk\/collective\/oz-holness\/#primaryimage","url":"https:\/\/fortiseyewear.co.uk\/wp-content\/uploads\/2014\/11\/Oz-Holness-Header.jpg","contentUrl":"https:\/\/fortiseyewear.co.uk\/wp-content\/uploads\/2014\/11\/Oz-Holness-Header.jpg"},{"@type":"BreadcrumbList","@id":"https:\/\/fortiseyewear.co.uk\/collective\/oz-holness\/#breadcrumb","itemListElement":[{"@type":"ListItem","position":1,"name":"Home","item":"https:\/\/fortiseyewear.co.uk\/"},{"@type":"ListItem","position":2,"name":"The Collective","item":"https:\/\/fortiseyewear.co.uk\/collective\/"},{"@type":"ListItem","position":3,"name":"Oz Holness"}]},{"@type":"WebSite","@id":"https:\/\/fortiseyewear.co.uk\/#website","url":"https:\/\/fortiseyewear.co.uk\/","name":"Fortis Eyewear","description":"Lunettes de soleil polaris\u00e9es pour la p\u00eache","publisher":{"@id":"https:\/\/fortiseyewear.co.uk\/#organization"},"alternateName":"Fortis","potentialAction":[{"@type":"SearchAction","target":{"@type":"EntryPoint","urlTemplate":"https:\/\/fortiseyewear.co.uk\/?s={search_term_string}"},"query-input":{"@type":"PropertyValueSpecification","valueRequired":true,"valueName":"search_term_string"}}],"inLanguage":"fr-FR"},{"@type":"Organization","@id":"https:\/\/fortiseyewear.co.uk\/#organization","name":"Fortis Eyewear","alternateName":"Fortis","url":"https:\/\/fortiseyewear.co.uk\/","logo":{"@type":"ImageObject","inLanguage":"fr-FR","@id":"https:\/\/fortiseyewear.co.uk\/#\/schema\/logo\/image\/","url":"https:\/\/fortiseyewear.co.uk\/wp-content\/uploads\/2019\/05\/1.FinalLogoMOBILE.jpg","contentUrl":"https:\/\/fortiseyewear.co.uk\/wp-content\/uploads\/2019\/05\/1.FinalLogoMOBILE.jpg","width":766,"height":541,"caption":"Fortis Eyewear"},"image":{"@id":"https:\/\/fortiseyewear.co.uk\/#\/schema\/logo\/image\/"},"sameAs":["https:\/\/www.facebook.com\/FortisEyewear","https:\/\/x.com\/fortiseyewear","https:\/\/www.instagram.com\/FortisEyewear","https:\/\/www.youtube.com\/channel\/UC5uI6lYx37ltUVATG5skJLw"]}]}},"_links":{"self":[{"href":"https:\/\/fortiseyewear.co.uk\/fr\/wp-json\/wp\/v2\/pages\/9175","targetHints":{"allow":["GET"]}}],"collection":[{"href":"https:\/\/fortiseyewear.co.uk\/fr\/wp-json\/wp\/v2\/pages"}],"about":[{"href":"https:\/\/fortiseyewear.co.uk\/fr\/wp-json\/wp\/v2\/types\/page"}],"author":[{"embeddable":true,"href":"https:\/\/fortiseyewear.co.uk\/fr\/wp-json\/wp\/v2\/users\/11"}],"replies":[{"embeddable":true,"href":"https:\/\/fortiseyewear.co.uk\/fr\/wp-json\/wp\/v2\/comments?post=9175"}],"version-history":[{"count":0,"href":"https:\/\/fortiseyewear.co.uk\/fr\/wp-json\/wp\/v2\/pages\/9175\/revisions"}],"up":[{"embeddable":true,"href":"https:\/\/fortiseyewear.co.uk\/fr\/wp-json\/wp\/v2\/pages\/67"}],"wp:attachment":[{"href":"https:\/\/fortiseyewear.co.uk\/fr\/wp-json\/wp\/v2\/media?parent=9175"}],"curies":[{"name":"wp","href":"https:\/\/api.w.org\/{rel}","templated":true}]}}