{"id":927,"date":"2013-04-05T09:50:51","date_gmt":"2013-04-05T09:50:51","guid":{"rendered":"https:\/\/fortiseyewear.co.uk\/?page_id=927"},"modified":"2020-02-12T13:50:11","modified_gmt":"2020-02-12T13:50:11","slug":"stuart-court","status":"publish","type":"page","link":"https:\/\/fortiseyewear.co.uk\/fr\/collective\/stuart-court\/","title":{"rendered":"Cour Stuart"},"content":{"rendered":"<h3><img decoding=\"async\" class=\"alignnone size-full wp-image-3857\" src=\"https:\/\/fortiseyewear.co.uk\/wp-content\/uploads\/2013\/04\/StuartHeader.jpg\" alt=\"StuartHeader\" width=\"680\" height=\"226\" srcset=\"https:\/\/fortiseyewear.co.uk\/wp-content\/uploads\/2013\/04\/StuartHeader.jpg 680w, https:\/\/fortiseyewear.co.uk\/wp-content\/uploads\/2013\/04\/StuartHeader-300x100.jpg 300w, https:\/\/fortiseyewear.co.uk\/wp-content\/uploads\/2013\/04\/StuartHeader-600x199.jpg 600w, https:\/\/fortiseyewear.co.uk\/wp-content\/uploads\/2013\/04\/StuartHeader-640x213.jpg 640w, https:\/\/fortiseyewear.co.uk\/wp-content\/uploads\/2013\/04\/StuartHeader-150x50.jpg 150w, https:\/\/fortiseyewear.co.uk\/wp-content\/uploads\/2013\/04\/StuartHeader-280x93.jpg 280w, https:\/\/fortiseyewear.co.uk\/wp-content\/uploads\/2013\/04\/StuartHeader-160x53.jpg 160w, https:\/\/fortiseyewear.co.uk\/wp-content\/uploads\/2013\/04\/StuartHeader-320x106.jpg 320w, https:\/\/fortiseyewear.co.uk\/wp-content\/uploads\/2013\/04\/StuartHeader-480x160.jpg 480w\" sizes=\"(max-width: 680px) 100vw, 680px\" \/><\/h3>\n<h3>Attraper l'impossible<\/h3>\n<p>Nous souhaitons la bienvenue \u00e0 Stuart Court au sein du collectif Fortis. Stuart, le p\u00eacheur de Watford, peut p\u00eacher aussi bien en eaux courantes qu'en eaux calmes. Stuart a p\u00each\u00e9 Adams Mill sur la rivi\u00e8re Great Ouse \u00e0 l'\u00e9poque de sa splendeur, et a depuis attrap\u00e9 de gros barbeaux dans la Loddon et la Kennet \u00e9galement. Lorsqu'il n'est pas \u00e0 la recherche d'un barbeau record, vous pouvez le trouver nich\u00e9 sur \"Rota\" sur les rives sacr\u00e9es de Savay dans la vall\u00e9e de la Colne.<\/p>\n<p>En tant que p\u00eacheur polyvalent, j'ai accumul\u00e9 une montagne de mat\u00e9riel de p\u00eache au fil des ans, diff\u00e9rentes cannes, moulinets, bo\u00eetes \u00e0 p\u00eache, \u00e9puisettes, etc. tous con\u00e7us sp\u00e9cifiquement pour certains styles de p\u00eache. Il existe cependant un outil extr\u00eamement important qui permet d'attraper toutes les esp\u00e8ces et qui ne prend pas de place dans le sac de p\u00eache. Il s'agit sans doute de l'objet le plus important que nous poss\u00e9dons : nos yeux ![toggle_basic title=\"Read More\"]\n<p>Qu'il s'agisse de traquer la carpe sur les bords d'un beau lac ou d'observer le barbeau glisser sur le gravier propre d'une rivi\u00e8re d'\u00e9t\u00e9, pratiquement tous les aspects de la navigation tournent autour de ce que l'on peut voir.<\/p>\n<p>L'importance de localiser visuellement mes esp\u00e8ces cibles avant m\u00eame de penser \u00e0 les p\u00eacher m'est apparue tr\u00e8s clairement il y a de nombreuses ann\u00e9es, alors que je ciblais de gros barbeaux dans les eaux claires de la Grande Ouse. Lorsque j'arrivais \u00e0 la rivi\u00e8re, au lieu de m'installer dans la nage la plus proche, il \u00e9tait devenu naturel pour moi de parcourir tout le tron\u00e7on en scrutant le lit de la rivi\u00e8re \u00e0 la recherche de signes de pr\u00e9sence de poissons. Une fois les poissons trouv\u00e9s, ce n'est qu'\u00e0 ce moment-l\u00e0 que j'envisage de remonter une canne \u00e0 p\u00eache et de leur pr\u00e9senter un montage app\u00e2t\u00e9. Ceux d'entre vous qui ont d\u00e9j\u00e0 observ\u00e9 des barbeaux vaquer \u00e0 leurs occupations, m\u00eame dans des eaux tr\u00e8s claires, savent \u00e0 quel point ils peuvent \u00eatre difficiles \u00e0 rep\u00e9rer, car ils se fondent extr\u00eamement bien dans leur environnement. Parfois, tout ce que vous obtenez, c'est le faible aper\u00e7u d'une nageoire pectorale rose corail se d\u00e9tachant sur le gravier ou peut-\u00eatre un centim\u00e8tre de queue d\u00e9passant de l'herbe d'un streamer flottant alors qu'un poisson se repose en dessous. Localiser votre proie, quelle qu'elle soit, est le plus grand obstacle \u00e0 surmonter dans toutes les formes de p\u00eache. Une fois que vous savez o\u00f9 ils se trouvent, le plus dur est fait ![\/toggle_basic]\n[shareprints gallery_id=\"3775\u2033 gallery_type=\"masonry\" gallery_position=\"pos_center\" gallery_width=\"width_100\u2033 image_size=\"medium\" image_padding=\"10\u2033 theme=\"dark\" image_hover=\"colortosepia\" lightbox_type=\"slide\" titles=\"true\" captions=\"true\" descriptions=\"true\" comments=\"false\" sharing=\"true\"]\n<p style=\"text-align: center;\"><a href=\"https:\/\/instagram.com\/stuartcourt12\"><img decoding=\"async\" class=\"wp-image-3901 size-full\" src=\"https:\/\/fortiseyewear.co.uk\/wp-content\/uploads\/2013\/04\/Instagram.png\" alt=\"Instagram\" width=\"20\" height=\"20\" \/><br \/>\n<\/a>Stuart Court sur Instagram<\/p>","protected":false},"excerpt":{"rendered":"<p>Attraper l'impossible Nous souhaitons la bienvenue \u00e0 Stuart Court au sein du collectif Fortis. Stuart, le p\u00eacheur de Watford, peut p\u00eacher aussi bien en eaux courantes qu'en eaux calmes. Stuart a p\u00each\u00e9 Adams Mill sur la rivi\u00e8re Great Ouse \u00e0 l'\u00e9poque de sa splendeur, et a depuis attrap\u00e9 de gros barbeaux dans la Loddon et la Kennet \u00e9galement. Lorsqu'il n'est pas \u00e0 la recherche d'un barbeau record,<\/p>","protected":false},"author":11,"featured_media":0,"parent":67,"menu_order":0,"comment_status":"closed","ping_status":"open","template":"","meta":{"_acf_changed":false,"footnotes":""},"class_list":["post-927","page","type-page","status-publish","hentry","prodpage-classic"],"acf":[],"yoast_head":"<!-- This site is optimized with the Yoast SEO Premium plugin v26.7 (Yoast SEO v26.7) - https:\/\/yoast.com\/wordpress\/plugins\/seo\/ -->\n<title>Polarised Fishing Sunglasses Fortis Eyewear Stuart Court Specimen Angler UK<\/title>\n<meta name=\"description\" content=\"Specimen angler\u2019s such as Stuart Court &amp; Darran Goulder use polarised fishing sunglasses by Fortis Eyewear to help catch more fish. Targeting big fish in deep water using our X Bloc lens technology to eliminate surface glare from the sun will put more fish on the bank\" \/>\n<meta name=\"robots\" content=\"index, follow, max-snippet:-1, max-image-preview:large, max-video-preview:-1\" \/>\n<link rel=\"canonical\" href=\"https:\/\/fortiseyewear.co.uk\/fr\/collective\/stuart-court\/\" \/>\n<meta property=\"og:locale\" content=\"fr_FR\" \/>\n<meta property=\"og:type\" content=\"article\" \/>\n<meta property=\"og:title\" content=\"Stuart Court\" \/>\n<meta property=\"og:description\" content=\"Specimen angler\u2019s such as Stuart Court &amp; Darran Goulder use polarised fishing sunglasses by Fortis Eyewear to help catch more fish. Targeting big fish in deep water using our X Bloc lens technology to eliminate surface glare from the sun will put more fish on the bank\" \/>\n<meta property=\"og:url\" content=\"https:\/\/fortiseyewear.co.uk\/fr\/collective\/stuart-court\/\" \/>\n<meta property=\"og:site_name\" content=\"Fortis Eyewear\" \/>\n<meta property=\"article:publisher\" content=\"https:\/\/www.facebook.com\/FortisEyewear\" \/>\n<meta property=\"article:modified_time\" content=\"2020-02-12T13:50:11+00:00\" \/>\n<meta property=\"og:image\" content=\"https:\/\/fortiseyewear.co.uk\/wp-content\/uploads\/2013\/04\/StuartHeader.jpg\" \/>\n<meta name=\"twitter:card\" content=\"summary_large_image\" \/>\n<meta name=\"twitter:site\" content=\"@fortiseyewear\" \/>\n<meta name=\"twitter:label1\" content=\"Dur\u00e9e de lecture estim\u00e9e\" \/>\n\t<meta name=\"twitter:data1\" content=\"2 minutes\" \/>\n<!-- \/ Yoast SEO Premium plugin. -->","yoast_head_json":{"title":"Polarised Fishing Sunglasses Fortis Eyewear Stuart Court Specimen Angler UK","description":"Specimen angler\u2019s such as Stuart Court & Darran Goulder use polarised fishing sunglasses by Fortis Eyewear to help catch more fish. Targeting big fish in deep water using our X Bloc lens technology to eliminate surface glare from the sun will put more fish on the bank","robots":{"index":"index","follow":"follow","max-snippet":"max-snippet:-1","max-image-preview":"max-image-preview:large","max-video-preview":"max-video-preview:-1"},"canonical":"https:\/\/fortiseyewear.co.uk\/fr\/collective\/stuart-court\/","og_locale":"fr_FR","og_type":"article","og_title":"Stuart Court","og_description":"Specimen angler\u2019s such as Stuart Court & Darran Goulder use polarised fishing sunglasses by Fortis Eyewear to help catch more fish. Targeting big fish in deep water using our X Bloc lens technology to eliminate surface glare from the sun will put more fish on the bank","og_url":"https:\/\/fortiseyewear.co.uk\/fr\/collective\/stuart-court\/","og_site_name":"Fortis Eyewear","article_publisher":"https:\/\/www.facebook.com\/FortisEyewear","article_modified_time":"2020-02-12T13:50:11+00:00","og_image":[{"url":"https:\/\/fortiseyewear.co.uk\/wp-content\/uploads\/2013\/04\/StuartHeader.jpg","type":"","width":"","height":""}],"twitter_card":"summary_large_image","twitter_site":"@fortiseyewear","twitter_misc":{"Dur\u00e9e de lecture estim\u00e9e":"2 minutes"},"schema":{"@context":"https:\/\/schema.org","@graph":[{"@type":"WebPage","@id":"https:\/\/fortiseyewear.co.uk\/collective\/stuart-court\/","url":"https:\/\/fortiseyewear.co.uk\/collective\/stuart-court\/","name":"Polarised Fishing Sunglasses Fortis Eyewear Stuart Court Specimen Angler UK","isPartOf":{"@id":"https:\/\/fortiseyewear.co.uk\/#website"},"primaryImageOfPage":{"@id":"https:\/\/fortiseyewear.co.uk\/collective\/stuart-court\/#primaryimage"},"image":{"@id":"https:\/\/fortiseyewear.co.uk\/collective\/stuart-court\/#primaryimage"},"thumbnailUrl":"https:\/\/fortiseyewear.co.uk\/wp-content\/uploads\/2013\/04\/StuartHeader.jpg","datePublished":"2013-04-05T09:50:51+00:00","dateModified":"2020-02-12T13:50:11+00:00","description":"Specimen angler\u2019s such as Stuart Court & Darran Goulder use polarised fishing sunglasses by Fortis Eyewear to help catch more fish. Targeting big fish in deep water using our X Bloc lens technology to eliminate surface glare from the sun will put more fish on the bank","breadcrumb":{"@id":"https:\/\/fortiseyewear.co.uk\/collective\/stuart-court\/#breadcrumb"},"inLanguage":"fr-FR","potentialAction":[{"@type":"ReadAction","target":["https:\/\/fortiseyewear.co.uk\/collective\/stuart-court\/"]}]},{"@type":"ImageObject","inLanguage":"fr-FR","@id":"https:\/\/fortiseyewear.co.uk\/collective\/stuart-court\/#primaryimage","url":"https:\/\/fortiseyewear.co.uk\/wp-content\/uploads\/2013\/04\/StuartHeader.jpg","contentUrl":"https:\/\/fortiseyewear.co.uk\/wp-content\/uploads\/2013\/04\/StuartHeader.jpg"},{"@type":"BreadcrumbList","@id":"https:\/\/fortiseyewear.co.uk\/collective\/stuart-court\/#breadcrumb","itemListElement":[{"@type":"ListItem","position":1,"name":"Home","item":"https:\/\/fortiseyewear.co.uk\/"},{"@type":"ListItem","position":2,"name":"The Collective","item":"https:\/\/fortiseyewear.co.uk\/collective\/"},{"@type":"ListItem","position":3,"name":"Stuart Court"}]},{"@type":"WebSite","@id":"https:\/\/fortiseyewear.co.uk\/#website","url":"https:\/\/fortiseyewear.co.uk\/","name":"Fortis Eyewear","description":"Lunettes de soleil polaris\u00e9es pour la p\u00eache","publisher":{"@id":"https:\/\/fortiseyewear.co.uk\/#organization"},"alternateName":"Fortis","potentialAction":[{"@type":"SearchAction","target":{"@type":"EntryPoint","urlTemplate":"https:\/\/fortiseyewear.co.uk\/?s={search_term_string}"},"query-input":{"@type":"PropertyValueSpecification","valueRequired":true,"valueName":"search_term_string"}}],"inLanguage":"fr-FR"},{"@type":"Organization","@id":"https:\/\/fortiseyewear.co.uk\/#organization","name":"Fortis Eyewear","alternateName":"Fortis","url":"https:\/\/fortiseyewear.co.uk\/","logo":{"@type":"ImageObject","inLanguage":"fr-FR","@id":"https:\/\/fortiseyewear.co.uk\/#\/schema\/logo\/image\/","url":"https:\/\/fortiseyewear.co.uk\/wp-content\/uploads\/2019\/05\/1.FinalLogoMOBILE.jpg","contentUrl":"https:\/\/fortiseyewear.co.uk\/wp-content\/uploads\/2019\/05\/1.FinalLogoMOBILE.jpg","width":766,"height":541,"caption":"Fortis Eyewear"},"image":{"@id":"https:\/\/fortiseyewear.co.uk\/#\/schema\/logo\/image\/"},"sameAs":["https:\/\/www.facebook.com\/FortisEyewear","https:\/\/x.com\/fortiseyewear","https:\/\/www.instagram.com\/FortisEyewear","https:\/\/www.youtube.com\/channel\/UC5uI6lYx37ltUVATG5skJLw"]}]}},"_links":{"self":[{"href":"https:\/\/fortiseyewear.co.uk\/fr\/wp-json\/wp\/v2\/pages\/927","targetHints":{"allow":["GET"]}}],"collection":[{"href":"https:\/\/fortiseyewear.co.uk\/fr\/wp-json\/wp\/v2\/pages"}],"about":[{"href":"https:\/\/fortiseyewear.co.uk\/fr\/wp-json\/wp\/v2\/types\/page"}],"author":[{"embeddable":true,"href":"https:\/\/fortiseyewear.co.uk\/fr\/wp-json\/wp\/v2\/users\/11"}],"replies":[{"embeddable":true,"href":"https:\/\/fortiseyewear.co.uk\/fr\/wp-json\/wp\/v2\/comments?post=927"}],"version-history":[{"count":0,"href":"https:\/\/fortiseyewear.co.uk\/fr\/wp-json\/wp\/v2\/pages\/927\/revisions"}],"up":[{"embeddable":true,"href":"https:\/\/fortiseyewear.co.uk\/fr\/wp-json\/wp\/v2\/pages\/67"}],"wp:attachment":[{"href":"https:\/\/fortiseyewear.co.uk\/fr\/wp-json\/wp\/v2\/media?parent=927"}],"curies":[{"name":"wp","href":"https:\/\/api.w.org\/{rel}","templated":true}]}}