{"id":14709,"date":"2019-01-21T16:07:38","date_gmt":"2019-01-21T16:07:38","guid":{"rendered":"https:\/\/fortiseyewear.co.uk\/?post_type=product&#038;p=14709"},"modified":"2025-12-20T20:09:25","modified_gmt":"2025-12-20T20:09:25","slug":"t-shirt-minimal","status":"publish","type":"product","link":"https:\/\/fortiseyewear.co.uk\/fr\/produit\/t-shirt-minimal\/","title":{"rendered":"T-Shirt Minimal"},"content":{"rendered":"<h3><strong>Minimal T-Shirt \u2013 Heavyweight Comfort for Everyday Wear<\/strong><\/h3>\n<p>The Minimal T-Shirt in Dusty Olive is a simple, dependable layer for anglers who prefer clean design and practical comfort. Made from 100% heavyweight 190 GSM cotton, it offers a breathable yet durable feel suited to both time on the bank and everyday use.<\/p>\n<hr \/>\n<h3><strong>Coton lourd pour un confort tout au long de la journ\u00e9e<\/strong><\/h3>\n<p>Constructed from premium 190 GSM cotton, the fabric provides a soft hand-feel with long-lasting structure. The relaxed fit supports natural movement and stays comfortable through extended sessions or off-duty days.<\/p>\n<hr \/>\n<h3><strong>Signature Fortis D\u00e9tails<\/strong><\/h3>\n<p>A subtle dropped back hem carries the \u201cSee Deeper\u201d print, adding a refined touch while maintaining the clean, understated aesthetic. Designed to work alone or layered under outerwear, it transitions easily across conditions.<\/p>\n<hr \/>\n<h3><strong>Con\u00e7u pour la polyvalence<\/strong><\/h3>\n<p>From early starts on the water to everyday wear, the Minimal T-Shirt delivers dependable comfort and adaptability. Its stripped-back look pairs smoothly with joggers, cargos or shorts, making it a reliable go-to piece.<\/p>","protected":false},"excerpt":{"rendered":"<h2><em>Un T-shirt \u00e0 poche subtilement marqu\u00e9<\/em><\/h2>\n<p data-start=\"130\" data-end=\"475\">Le T-Shirt Minimal est un essentiel de premi\u00e8re qualit\u00e9 con\u00e7u pour un confort quotidien et un style sans effort. Fabriqu\u00e9 en coton 100% poids lourd 190 GSM, il offre une coupe d\u00e9contract\u00e9e et une sensation de douceur et de respirabilit\u00e9. L'impression subtile \"See Deeper\" sur l'ourlet arri\u00e8re ajoute une touche Fortis caract\u00e9ristique. Qu'il soit port\u00e9 seul ou en superposition, c'est une pi\u00e8ce intemporelle con\u00e7ue pour durer.<\/p>\n<p><strong>Chaleur :<\/strong> [rating stars=\"1.0\"]<br \/>\n<strong>L\u00e9ger :<\/strong> [rating stars=\"4.0\"]<br \/>\n<strong>Protection de l'eau :<\/strong> [rating stars=\"1.0\"]<br \/>\n<strong>Respirabilit\u00e9 :<\/strong> [rating stars=\"4.5\"]<\/p>\n<p>Pour plus d'informations, consultez notre site <a href=\"\/fr\/clothing-guide\/\">Guide de l'habillement<\/a>.<br \/>\nInstructions de lavage sur le v\u00eatement.<\/p>\n<p>Prix : \u00a324.99<\/p>\n<p><strong>*Disponible uniquement chez les d\u00e9taillants de p\u00eache \u00e0 la ligne que nous recommandons.<\/strong><br \/>\nVisitez notre <a href=\"https:\/\/fortiseyewear.co.uk\/fr\/stockists\/\">STOCKISTS<\/a> page.<\/p>","protected":false},"featured_media":53857,"template":"","meta":{"_acf_changed":false},"collection":[1427],"product_brand":[],"product_cat":[557],"product_tag":[],"class_list":{"0":"post-14709","1":"product","2":"type-product","3":"status-publish","4":"has-post-thumbnail","6":"collection-minimal","7":"product_cat-carp-fishing-clothing","9":"first","10":"instock","11":"taxable","12":"shipping-taxable","13":"purchasable","14":"product-type-variable","15":"prodpage-classic"},"acf":[],"yoast_head":"<!-- This site is optimized with the Yoast SEO Premium plugin v26.7 (Yoast SEO v26.7) - https:\/\/yoast.com\/wordpress\/plugins\/seo\/ -->\n<title>Minimal T-Shirt | Performance Fishing Clothing \u2013 Fortis Eyewear<\/title>\n<meta name=\"description\" content=\"Minimal T-Shirt is a soft fishing T-shirt with subtle Fortis branding. Comfortable everyday fit on and off the bank.\" \/>\n<meta name=\"robots\" content=\"index, follow, max-snippet:-1, max-image-preview:large, max-video-preview:-1\" \/>\n<link rel=\"canonical\" href=\"https:\/\/fortiseyewear.co.uk\/fr\/produit\/t-shirt-minimal\/\" \/>\n<meta property=\"og:locale\" content=\"fr_FR\" \/>\n<meta property=\"og:type\" content=\"article\" \/>\n<meta property=\"og:title\" content=\"T-Shirt Minimal\" \/>\n<meta property=\"og:description\" content=\"Minimal T-Shirt is a soft fishing T-shirt with subtle Fortis branding. Comfortable everyday fit on and off the bank.\" \/>\n<meta property=\"og:url\" content=\"https:\/\/fortiseyewear.co.uk\/fr\/produit\/t-shirt-minimal\/\" \/>\n<meta property=\"og:site_name\" content=\"Fortis Eyewear\" \/>\n<meta property=\"article:publisher\" content=\"https:\/\/www.facebook.com\/FortisEyewear\" \/>\n<meta property=\"article:modified_time\" content=\"2025-12-20T20:09:25+00:00\" \/>\n<meta property=\"og:image\" content=\"https:\/\/fortiseyewear.co.uk\/wp-content\/uploads\/2019\/01\/833A4145_1.jpg\" \/>\n\t<meta property=\"og:image:width\" content=\"600\" \/>\n\t<meta property=\"og:image:height\" content=\"800\" \/>\n\t<meta property=\"og:image:type\" content=\"image\/jpeg\" \/>\n<meta name=\"twitter:card\" content=\"summary_large_image\" \/>\n<meta name=\"twitter:site\" content=\"@fortiseyewear\" \/>\n<meta name=\"twitter:label1\" content=\"Dur\u00e9e de lecture estim\u00e9e\" \/>\n\t<meta name=\"twitter:data1\" content=\"1 minute\" \/>\n<!-- \/ Yoast SEO Premium plugin. -->","yoast_head_json":{"title":"Minimal T-Shirt | Performance Fishing Clothing \u2013 Fortis Eyewear","description":"Minimal T-Shirt is a soft fishing T-shirt with subtle Fortis branding. Comfortable everyday fit on and off the bank.","robots":{"index":"index","follow":"follow","max-snippet":"max-snippet:-1","max-image-preview":"max-image-preview:large","max-video-preview":"max-video-preview:-1"},"canonical":"https:\/\/fortiseyewear.co.uk\/fr\/produit\/t-shirt-minimal\/","og_locale":"fr_FR","og_type":"article","og_title":"T-Shirt Minimal","og_description":"Minimal T-Shirt is a soft fishing T-shirt with subtle Fortis branding. Comfortable everyday fit on and off the bank.","og_url":"https:\/\/fortiseyewear.co.uk\/fr\/produit\/t-shirt-minimal\/","og_site_name":"Fortis Eyewear","article_publisher":"https:\/\/www.facebook.com\/FortisEyewear","article_modified_time":"2025-12-20T20:09:25+00:00","og_image":[{"width":600,"height":800,"url":"https:\/\/fortiseyewear.co.uk\/wp-content\/uploads\/2019\/01\/833A4145_1.jpg","type":"image\/jpeg"}],"twitter_card":"summary_large_image","twitter_site":"@fortiseyewear","twitter_misc":{"Dur\u00e9e de lecture estim\u00e9e":"1 minute"},"schema":{"@context":"https:\/\/schema.org","@graph":[{"@type":"WebPage","@id":"https:\/\/fortiseyewear.co.uk\/product\/t-shirt-minimal\/","url":"https:\/\/fortiseyewear.co.uk\/product\/t-shirt-minimal\/","name":"Minimal T-Shirt | Performance Fishing Clothing \u2013 Fortis Eyewear","isPartOf":{"@id":"https:\/\/fortiseyewear.co.uk\/#website"},"primaryImageOfPage":{"@id":"https:\/\/fortiseyewear.co.uk\/product\/t-shirt-minimal\/#primaryimage"},"image":{"@id":"https:\/\/fortiseyewear.co.uk\/product\/t-shirt-minimal\/#primaryimage"},"thumbnailUrl":"https:\/\/fortiseyewear.co.uk\/wp-content\/uploads\/2019\/01\/833A4145_1.jpg","datePublished":"2019-01-21T16:07:38+00:00","dateModified":"2025-12-20T20:09:25+00:00","description":"Minimal T-Shirt is a soft fishing T-shirt with subtle Fortis branding. Comfortable everyday fit on and off the bank.","breadcrumb":{"@id":"https:\/\/fortiseyewear.co.uk\/product\/t-shirt-minimal\/#breadcrumb"},"inLanguage":"fr-FR","potentialAction":[{"@type":"ReadAction","target":["https:\/\/fortiseyewear.co.uk\/product\/t-shirt-minimal\/"]}]},{"@type":"ImageObject","inLanguage":"fr-FR","@id":"https:\/\/fortiseyewear.co.uk\/product\/t-shirt-minimal\/#primaryimage","url":"https:\/\/fortiseyewear.co.uk\/wp-content\/uploads\/2019\/01\/833A4145_1.jpg","contentUrl":"https:\/\/fortiseyewear.co.uk\/wp-content\/uploads\/2019\/01\/833A4145_1.jpg","width":600,"height":800,"caption":"Fortis Minimal T-Shirt"},{"@type":"BreadcrumbList","@id":"https:\/\/fortiseyewear.co.uk\/product\/t-shirt-minimal\/#breadcrumb","itemListElement":[{"@type":"ListItem","position":1,"name":"Home","item":"https:\/\/fortiseyewear.co.uk\/"},{"@type":"ListItem","position":2,"name":"Products","item":"https:\/\/fortiseyewear.co.uk\/products\/"},{"@type":"ListItem","position":3,"name":"T-Shirt Minimal"}]},{"@type":"WebSite","@id":"https:\/\/fortiseyewear.co.uk\/#website","url":"https:\/\/fortiseyewear.co.uk\/","name":"Fortis Eyewear","description":"Lunettes de soleil polaris\u00e9es pour la p\u00eache","publisher":{"@id":"https:\/\/fortiseyewear.co.uk\/#organization"},"alternateName":"Fortis","potentialAction":[{"@type":"SearchAction","target":{"@type":"EntryPoint","urlTemplate":"https:\/\/fortiseyewear.co.uk\/?s={search_term_string}"},"query-input":{"@type":"PropertyValueSpecification","valueRequired":true,"valueName":"search_term_string"}}],"inLanguage":"fr-FR"},{"@type":"Organization","@id":"https:\/\/fortiseyewear.co.uk\/#organization","name":"Fortis Eyewear","alternateName":"Fortis","url":"https:\/\/fortiseyewear.co.uk\/","logo":{"@type":"ImageObject","inLanguage":"fr-FR","@id":"https:\/\/fortiseyewear.co.uk\/#\/schema\/logo\/image\/","url":"https:\/\/fortiseyewear.co.uk\/wp-content\/uploads\/2019\/05\/1.FinalLogoMOBILE.jpg","contentUrl":"https:\/\/fortiseyewear.co.uk\/wp-content\/uploads\/2019\/05\/1.FinalLogoMOBILE.jpg","width":766,"height":541,"caption":"Fortis Eyewear"},"image":{"@id":"https:\/\/fortiseyewear.co.uk\/#\/schema\/logo\/image\/"},"sameAs":["https:\/\/www.facebook.com\/FortisEyewear","https:\/\/x.com\/fortiseyewear","https:\/\/www.instagram.com\/FortisEyewear","https:\/\/www.youtube.com\/channel\/UC5uI6lYx37ltUVATG5skJLw"]}]}},"_links":{"self":[{"href":"https:\/\/fortiseyewear.co.uk\/fr\/wp-json\/wp\/v2\/product\/14709","targetHints":{"allow":["GET"]}}],"collection":[{"href":"https:\/\/fortiseyewear.co.uk\/fr\/wp-json\/wp\/v2\/product"}],"about":[{"href":"https:\/\/fortiseyewear.co.uk\/fr\/wp-json\/wp\/v2\/types\/product"}],"wp:featuredmedia":[{"embeddable":true,"href":"https:\/\/fortiseyewear.co.uk\/fr\/wp-json\/wp\/v2\/media\/53857"}],"wp:attachment":[{"href":"https:\/\/fortiseyewear.co.uk\/fr\/wp-json\/wp\/v2\/media?parent=14709"}],"wp:term":[{"taxonomy":"collection","embeddable":true,"href":"https:\/\/fortiseyewear.co.uk\/fr\/wp-json\/wp\/v2\/collection?post=14709"},{"taxonomy":"product_brand","embeddable":true,"href":"https:\/\/fortiseyewear.co.uk\/fr\/wp-json\/wp\/v2\/product_brand?post=14709"},{"taxonomy":"product_cat","embeddable":true,"href":"https:\/\/fortiseyewear.co.uk\/fr\/wp-json\/wp\/v2\/product_cat?post=14709"},{"taxonomy":"product_tag","embeddable":true,"href":"https:\/\/fortiseyewear.co.uk\/fr\/wp-json\/wp\/v2\/product_tag?post=14709"}],"curies":[{"name":"wp","href":"https:\/\/api.w.org\/{rel}","templated":true}]}}