{"id":23541,"date":"2019-11-05T14:51:57","date_gmt":"2019-11-05T14:51:57","guid":{"rendered":"https:\/\/fortiseyewear.co.uk\/?post_type=product&#038;p=23541"},"modified":"2025-11-21T21:40:38","modified_gmt":"2025-11-21T21:40:38","slug":"hand-towel","status":"publish","type":"product","link":"https:\/\/fortiseyewear.co.uk\/fr\/produit\/hand-towel\/","title":{"rendered":"Serviette de toilette"},"content":{"rendered":"<h3><strong>See Deeper Hand Towel \u2013 Practical Bankside Utility<\/strong><\/h3>\n<p>The See Deeper Hand Towel is a compact, ultra-practical accessory designed for everyday use on the bank. Featuring our unmistakable branding and now improved with a secure carabiner attachment, it keeps essential cleaning and drying duties within easy reach \u2014 from wiping cookware to drying hands before tying rigs or prepping PVA. A simple tool with endless applications.<\/p>","protected":false},"excerpt":{"rendered":"<h2><em>A See Deeper Serviette de toilette stylis\u00e9e<\/em><\/h2>\n<p>Cette petite serviette pratique a \u00e9t\u00e9 marqu\u00e9e de l'incontournable logo \"See Deeper\" et est de nouveau en stock. Id\u00e9ale pour des millions d'utilisations en bord de mer, que ce soit pour garder vos ustensiles de cuisine propres ou vos mains s\u00e8ches lorsque vous attachez un sac PVA, ses utilisations sont infinies. Ce sac est d\u00e9sormais dot\u00e9 d'un mousqueton pratique qui vous permet de l'attacher \u00e0 la sangle de votre bagage.<\/p>\n<p><strong>Prix :<\/strong> \u00a39.99<\/p>\n<p><strong>*Disponible uniquement chez les d\u00e9taillants de p\u00eache \u00e0 la ligne que nous recommandons.<\/strong><br \/>\nVisitez notre <a href=\"https:\/\/fortiseyewear.co.uk\/fr\/stockists\/\">STOCKISTS<\/a> page.<\/p>","protected":false},"featured_media":47929,"template":"","meta":{"_acf_changed":false},"collection":[],"product_brand":[],"product_cat":[575],"product_tag":[],"class_list":{"0":"post-23541","1":"product","2":"type-product","3":"status-publish","4":"has-post-thumbnail","6":"product_cat-carp-fishing-luggage-accessories","8":"first","9":"instock","10":"taxable","11":"shipping-taxable","12":"purchasable","13":"product-type-simple","14":"prodpage-classic"},"acf":[],"yoast_head":"<!-- This site is optimized with the Yoast SEO Premium plugin v27.5 (Yoast SEO v27.5) - https:\/\/yoast.com\/product\/yoast-seo-premium-wordpress\/ -->\n<title>Hand Towel | Bankside Fishing Towel \u2013 Fortis Eyewear<\/title>\n<meta name=\"description\" content=\"Hand Towel is a bankside towel for wet hands, rigs and clean-up on the bank. Compact and fast-drying.\" \/>\n<meta name=\"robots\" content=\"index, follow, max-snippet:-1, max-image-preview:large, max-video-preview:-1\" \/>\n<link rel=\"canonical\" href=\"https:\/\/fortiseyewear.co.uk\/fr\/produit\/hand-towel\/\" \/>\n<meta property=\"og:locale\" content=\"fr_FR\" \/>\n<meta property=\"og:type\" content=\"article\" \/>\n<meta property=\"og:title\" content=\"Hand Towel\" \/>\n<meta property=\"og:description\" content=\"Hand Towel is a bankside towel for wet hands, rigs and clean-up on the bank. Compact and fast-drying.\" \/>\n<meta property=\"og:url\" content=\"https:\/\/fortiseyewear.co.uk\/fr\/produit\/hand-towel\/\" \/>\n<meta property=\"og:site_name\" content=\"Fortis Eyewear\" \/>\n<meta property=\"article:publisher\" content=\"https:\/\/www.facebook.com\/FortisEyewear\" \/>\n<meta property=\"article:modified_time\" content=\"2025-11-21T21:40:38+00:00\" \/>\n<meta property=\"og:image\" content=\"https:\/\/fortiseyewear.co.uk\/wp-content\/uploads\/2019\/11\/HT01-NEW.jpg\" \/>\n\t<meta property=\"og:image:width\" content=\"600\" \/>\n\t<meta property=\"og:image:height\" content=\"800\" \/>\n\t<meta property=\"og:image:type\" content=\"image\/jpeg\" \/>\n<meta name=\"twitter:card\" content=\"summary_large_image\" \/>\n<meta name=\"twitter:site\" content=\"@fortiseyewear\" \/>\n<meta name=\"twitter:label1\" content=\"Dur\u00e9e de lecture estim\u00e9e\" \/>\n\t<meta name=\"twitter:data1\" content=\"1 minute\" \/>\n<!-- \/ Yoast SEO Premium plugin. -->","yoast_head_json":{"title":"Hand Towel | Bankside Fishing Towel \u2013 Fortis Eyewear","description":"Hand Towel is a bankside towel for wet hands, rigs and clean-up on the bank. Compact and fast-drying.","robots":{"index":"index","follow":"follow","max-snippet":"max-snippet:-1","max-image-preview":"max-image-preview:large","max-video-preview":"max-video-preview:-1"},"canonical":"https:\/\/fortiseyewear.co.uk\/fr\/produit\/hand-towel\/","og_locale":"fr_FR","og_type":"article","og_title":"Hand Towel","og_description":"Hand Towel is a bankside towel for wet hands, rigs and clean-up on the bank. Compact and fast-drying.","og_url":"https:\/\/fortiseyewear.co.uk\/fr\/produit\/hand-towel\/","og_site_name":"Fortis Eyewear","article_publisher":"https:\/\/www.facebook.com\/FortisEyewear","article_modified_time":"2025-11-21T21:40:38+00:00","og_image":[{"width":600,"height":800,"url":"https:\/\/fortiseyewear.co.uk\/wp-content\/uploads\/2019\/11\/HT01-NEW.jpg","type":"image\/jpeg"}],"twitter_card":"summary_large_image","twitter_site":"@fortiseyewear","twitter_misc":{"Dur\u00e9e de lecture estim\u00e9e":"1 minute"},"schema":{"@context":"https:\/\/schema.org","@graph":[{"@type":"WebPage","@id":"https:\/\/fortiseyewear.co.uk\/product\/hand-towel\/","url":"https:\/\/fortiseyewear.co.uk\/product\/hand-towel\/","name":"Hand Towel | Bankside Fishing Towel \u2013 Fortis Eyewear","isPartOf":{"@id":"https:\/\/fortiseyewear.co.uk\/#website"},"primaryImageOfPage":{"@id":"https:\/\/fortiseyewear.co.uk\/product\/hand-towel\/#primaryimage"},"image":{"@id":"https:\/\/fortiseyewear.co.uk\/product\/hand-towel\/#primaryimage"},"thumbnailUrl":"https:\/\/fortiseyewear.co.uk\/wp-content\/uploads\/2019\/11\/HT01-NEW.jpg","datePublished":"2019-11-05T14:51:57+00:00","dateModified":"2025-11-21T21:40:38+00:00","description":"Hand Towel is a bankside towel for wet hands, rigs and clean-up on the bank. Compact and fast-drying.","breadcrumb":{"@id":"https:\/\/fortiseyewear.co.uk\/product\/hand-towel\/#breadcrumb"},"inLanguage":"fr-FR","potentialAction":[{"@type":"ReadAction","target":["https:\/\/fortiseyewear.co.uk\/product\/hand-towel\/"]}]},{"@type":"ImageObject","inLanguage":"fr-FR","@id":"https:\/\/fortiseyewear.co.uk\/product\/hand-towel\/#primaryimage","url":"https:\/\/fortiseyewear.co.uk\/wp-content\/uploads\/2019\/11\/HT01-NEW.jpg","contentUrl":"https:\/\/fortiseyewear.co.uk\/wp-content\/uploads\/2019\/11\/HT01-NEW.jpg","width":600,"height":800,"caption":"Fortis Eyewear See Deeper Hand Towel 2025"},{"@type":"BreadcrumbList","@id":"https:\/\/fortiseyewear.co.uk\/product\/hand-towel\/#breadcrumb","itemListElement":[{"@type":"ListItem","position":1,"name":"Home","item":"https:\/\/fortiseyewear.co.uk\/"},{"@type":"ListItem","position":2,"name":"Products","item":"https:\/\/fortiseyewear.co.uk\/products\/"},{"@type":"ListItem","position":3,"name":"Hand Towel"}]},{"@type":"WebSite","@id":"https:\/\/fortiseyewear.co.uk\/#website","url":"https:\/\/fortiseyewear.co.uk\/","name":"Fortis Eyewear","description":"Lunettes de soleil polaris\u00e9es pour la p\u00eache","publisher":{"@id":"https:\/\/fortiseyewear.co.uk\/#organization"},"alternateName":"Fortis","potentialAction":[{"@type":"SearchAction","target":{"@type":"EntryPoint","urlTemplate":"https:\/\/fortiseyewear.co.uk\/?s={search_term_string}"},"query-input":{"@type":"PropertyValueSpecification","valueRequired":true,"valueName":"search_term_string"}}],"inLanguage":"fr-FR"},{"@type":"Organization","@id":"https:\/\/fortiseyewear.co.uk\/#organization","name":"Fortis Eyewear","alternateName":"Fortis","url":"https:\/\/fortiseyewear.co.uk\/","logo":{"@type":"ImageObject","inLanguage":"fr-FR","@id":"https:\/\/fortiseyewear.co.uk\/#\/schema\/logo\/image\/","url":"https:\/\/fortiseyewear.co.uk\/wp-content\/uploads\/2019\/05\/1.FinalLogoMOBILE.jpg","contentUrl":"https:\/\/fortiseyewear.co.uk\/wp-content\/uploads\/2019\/05\/1.FinalLogoMOBILE.jpg","width":766,"height":541,"caption":"Fortis Eyewear"},"image":{"@id":"https:\/\/fortiseyewear.co.uk\/#\/schema\/logo\/image\/"},"sameAs":["https:\/\/www.facebook.com\/FortisEyewear","https:\/\/x.com\/fortiseyewear","https:\/\/www.instagram.com\/FortisEyewear","https:\/\/www.youtube.com\/channel\/UC5uI6lYx37ltUVATG5skJLw"]}]}},"_links":{"self":[{"href":"https:\/\/fortiseyewear.co.uk\/fr\/wp-json\/wp\/v2\/product\/23541","targetHints":{"allow":["GET"]}}],"collection":[{"href":"https:\/\/fortiseyewear.co.uk\/fr\/wp-json\/wp\/v2\/product"}],"about":[{"href":"https:\/\/fortiseyewear.co.uk\/fr\/wp-json\/wp\/v2\/types\/product"}],"wp:featuredmedia":[{"embeddable":true,"href":"https:\/\/fortiseyewear.co.uk\/fr\/wp-json\/wp\/v2\/media\/47929"}],"wp:attachment":[{"href":"https:\/\/fortiseyewear.co.uk\/fr\/wp-json\/wp\/v2\/media?parent=23541"}],"wp:term":[{"taxonomy":"collection","embeddable":true,"href":"https:\/\/fortiseyewear.co.uk\/fr\/wp-json\/wp\/v2\/collection?post=23541"},{"taxonomy":"product_brand","embeddable":true,"href":"https:\/\/fortiseyewear.co.uk\/fr\/wp-json\/wp\/v2\/product_brand?post=23541"},{"taxonomy":"product_cat","embeddable":true,"href":"https:\/\/fortiseyewear.co.uk\/fr\/wp-json\/wp\/v2\/product_cat?post=23541"},{"taxonomy":"product_tag","embeddable":true,"href":"https:\/\/fortiseyewear.co.uk\/fr\/wp-json\/wp\/v2\/product_tag?post=23541"}],"curies":[{"name":"wp","href":"https:\/\/api.w.org\/{rel}","templated":true}]}}