{"id":35891,"date":"2020-12-07T13:08:53","date_gmt":"2020-12-07T13:08:53","guid":{"rendered":"https:\/\/fortiseyewear.co.uk\/?post_type=product&#038;p=35891"},"modified":"2025-11-21T21:23:39","modified_gmt":"2025-11-21T21:23:39","slug":"scarf","status":"publish","type":"product","link":"https:\/\/fortiseyewear.co.uk\/fr\/produit\/scarf\/","title":{"rendered":"Foulard"},"content":{"rendered":"<h3><strong>Elements Scarf \u2013 Deep Pile Fleece Warmth for Winter Sessions<\/strong><\/h3>\n<p>The Elements Scarf delivers reliable, bankside warmth thanks to its ultra-soft deep pile fleece construction. Designed to trap warm air and eliminate drafts, it keeps your neck and lower face protected through the coldest winter sessions.<\/p>\n<hr \/>\n<h3><strong>Breathable, Dry &#038; Comfortable<\/strong><\/h3>\n<p>Despite its heavyweight insulation, the fleece remains fully breathable \u2014 wicking moisture away to keep you dry during long walks, active fishing or early-morning setup missions. Consistent comfort, even in damp or freezing conditions.<\/p>\n<hr \/>\n<h3><strong>Clean Styling with Iconic Fortis Details<\/strong><\/h3>\n<p>Finished with our subtle \u201cSee Deeper\u201d patch, the Elements Scarf keeps your cold-weather kit looking clean and understated. One size fits all, offering dependable warmth without bulk.<\/p>\n<hr \/>\n<h3><strong>Caract\u00e9ristiques principales<\/strong><\/h3>\n<ul>\n<li><strong>Deep pile fleece<\/strong> \u2013 exc<br \/>","protected":false},"excerpt":{"rendered":"<h2><em>Polaire irr\u00e9sistible pour r\u00e9chauffer les journ\u00e9es d'hiver<\/em><\/h2>\n<p>Enveloppez-vous dans notre \u00e9charpe irr\u00e9sistiblement douce et chaude en polaire \u00e0 poils profonds. Cette \u00e9charpe douillette \u00e9liminera les courants d'air et gardera l'air chaud autour de votre cou et de votre visage. Suffisamment chaude pour repousser les coups de froid et suffisamment respirante pour \u00e9vacuer l'humidit\u00e9 et vous garder au sec. Elle est orn\u00e9e de notre logo subtil mais embl\u00e9matique \"See Deeper\". Taille unique.<\/p>\n<p><strong>Chaleur :<\/strong> [rating stars=\"5.0\"]<br \/>\n<strong>L\u00e9ger :<\/strong> [rating stars=\"4.0\"]<br \/>\n<strong>Protection de l'eau :<\/strong> [rating stars=\"1.0\"]<br \/>\n<strong>Respirabilit\u00e9 :<\/strong> [rating stars=\"4.5\"]<\/p>\n<p>Pour plus d'informations, consultez notre site <a href=\"\/fr\/clothing-guide\/\">Guide de l'habillement<\/a>.<br \/>\nInstructions de lavage sur le v\u00eatement.<\/p>\n<p>Prix : \u00a319.99<\/p>\n<p><strong>*Disponible uniquement chez les d\u00e9taillants de p\u00eache \u00e0 la ligne que nous recommandons.<\/strong><br \/>\nVisitez notre <a href=\"https:\/\/fortiseyewear.co.uk\/fr\/stockists\/\">STOCKISTS<\/a> page.<\/p>","protected":false},"featured_media":35892,"template":"","meta":{"_acf_changed":false},"collection":[1430],"product_brand":[],"product_cat":[557],"product_tag":[],"class_list":{"0":"post-35891","1":"product","2":"type-product","3":"status-publish","4":"has-post-thumbnail","6":"collection-elements","7":"product_cat-carp-fishing-clothing","9":"first","10":"instock","11":"taxable","12":"shipping-taxable","13":"purchasable","14":"product-type-simple","15":"prodpage-classic"},"acf":[],"yoast_head":"<!-- This site is optimized with the Yoast SEO Premium plugin v26.7 (Yoast SEO v26.7) - https:\/\/yoast.com\/wordpress\/plugins\/seo\/ -->\n<title>Scarf | Performance Fishing Clothing \u2013 Fortis Eyewear<\/title>\n<meta name=\"description\" content=\"Scarf is a warm sherpa fishing scarf for cold mornings on the bank. Soft, comfortable and easy to wrap over your chin in biting wind.\" \/>\n<meta name=\"robots\" content=\"index, follow, max-snippet:-1, max-image-preview:large, max-video-preview:-1\" \/>\n<link rel=\"canonical\" href=\"https:\/\/fortiseyewear.co.uk\/fr\/produit\/scarf\/\" \/>\n<meta property=\"og:locale\" content=\"fr_FR\" \/>\n<meta property=\"og:type\" content=\"article\" \/>\n<meta property=\"og:title\" content=\"Scarf\" \/>\n<meta property=\"og:description\" content=\"Scarf is a warm sherpa fishing scarf for cold mornings on the bank. Soft, comfortable and easy to wrap over your chin in biting wind.\" \/>\n<meta property=\"og:url\" content=\"https:\/\/fortiseyewear.co.uk\/fr\/produit\/scarf\/\" \/>\n<meta property=\"og:site_name\" content=\"Fortis Eyewear\" \/>\n<meta property=\"article:publisher\" content=\"https:\/\/www.facebook.com\/FortisEyewear\" \/>\n<meta property=\"article:modified_time\" content=\"2025-11-21T21:23:39+00:00\" \/>\n<meta property=\"og:image\" content=\"https:\/\/fortiseyewear.co.uk\/wp-content\/uploads\/2020\/12\/ES01.jpg\" \/>\n\t<meta property=\"og:image:width\" content=\"600\" \/>\n\t<meta property=\"og:image:height\" content=\"800\" \/>\n\t<meta property=\"og:image:type\" content=\"image\/jpeg\" \/>\n<meta name=\"twitter:card\" content=\"summary_large_image\" \/>\n<meta name=\"twitter:site\" content=\"@fortiseyewear\" \/>\n<meta name=\"twitter:label1\" content=\"Dur\u00e9e de lecture estim\u00e9e\" \/>\n\t<meta name=\"twitter:data1\" content=\"1 minute\" \/>\n<!-- \/ Yoast SEO Premium plugin. -->","yoast_head_json":{"title":"Scarf | Performance Fishing Clothing \u2013 Fortis Eyewear","description":"Scarf is a warm sherpa fishing scarf for cold mornings on the bank. Soft, comfortable and easy to wrap over your chin in biting wind.","robots":{"index":"index","follow":"follow","max-snippet":"max-snippet:-1","max-image-preview":"max-image-preview:large","max-video-preview":"max-video-preview:-1"},"canonical":"https:\/\/fortiseyewear.co.uk\/fr\/produit\/scarf\/","og_locale":"fr_FR","og_type":"article","og_title":"Scarf","og_description":"Scarf is a warm sherpa fishing scarf for cold mornings on the bank. Soft, comfortable and easy to wrap over your chin in biting wind.","og_url":"https:\/\/fortiseyewear.co.uk\/fr\/produit\/scarf\/","og_site_name":"Fortis Eyewear","article_publisher":"https:\/\/www.facebook.com\/FortisEyewear","article_modified_time":"2025-11-21T21:23:39+00:00","og_image":[{"width":600,"height":800,"url":"https:\/\/fortiseyewear.co.uk\/wp-content\/uploads\/2020\/12\/ES01.jpg","type":"image\/jpeg"}],"twitter_card":"summary_large_image","twitter_site":"@fortiseyewear","twitter_misc":{"Dur\u00e9e de lecture estim\u00e9e":"1 minute"},"schema":{"@context":"https:\/\/schema.org","@graph":[{"@type":"WebPage","@id":"https:\/\/fortiseyewear.co.uk\/product\/scarf\/","url":"https:\/\/fortiseyewear.co.uk\/product\/scarf\/","name":"Scarf | Performance Fishing Clothing \u2013 Fortis Eyewear","isPartOf":{"@id":"https:\/\/fortiseyewear.co.uk\/#website"},"primaryImageOfPage":{"@id":"https:\/\/fortiseyewear.co.uk\/product\/scarf\/#primaryimage"},"image":{"@id":"https:\/\/fortiseyewear.co.uk\/product\/scarf\/#primaryimage"},"thumbnailUrl":"https:\/\/fortiseyewear.co.uk\/wp-content\/uploads\/2020\/12\/ES01.jpg","datePublished":"2020-12-07T13:08:53+00:00","dateModified":"2025-11-21T21:23:39+00:00","description":"Scarf is a warm sherpa fishing scarf for cold mornings on the bank. Soft, comfortable and easy to wrap over your chin in biting wind.","breadcrumb":{"@id":"https:\/\/fortiseyewear.co.uk\/product\/scarf\/#breadcrumb"},"inLanguage":"fr-FR","potentialAction":[{"@type":"ReadAction","target":["https:\/\/fortiseyewear.co.uk\/product\/scarf\/"]}]},{"@type":"ImageObject","inLanguage":"fr-FR","@id":"https:\/\/fortiseyewear.co.uk\/product\/scarf\/#primaryimage","url":"https:\/\/fortiseyewear.co.uk\/wp-content\/uploads\/2020\/12\/ES01.jpg","contentUrl":"https:\/\/fortiseyewear.co.uk\/wp-content\/uploads\/2020\/12\/ES01.jpg","width":600,"height":800,"caption":"Fortis Elements Scarf"},{"@type":"BreadcrumbList","@id":"https:\/\/fortiseyewear.co.uk\/product\/scarf\/#breadcrumb","itemListElement":[{"@type":"ListItem","position":1,"name":"Home","item":"https:\/\/fortiseyewear.co.uk\/"},{"@type":"ListItem","position":2,"name":"Products","item":"https:\/\/fortiseyewear.co.uk\/products\/"},{"@type":"ListItem","position":3,"name":"Scarf"}]},{"@type":"WebSite","@id":"https:\/\/fortiseyewear.co.uk\/#website","url":"https:\/\/fortiseyewear.co.uk\/","name":"Fortis Eyewear","description":"Lunettes de soleil polaris\u00e9es pour la p\u00eache","publisher":{"@id":"https:\/\/fortiseyewear.co.uk\/#organization"},"alternateName":"Fortis","potentialAction":[{"@type":"SearchAction","target":{"@type":"EntryPoint","urlTemplate":"https:\/\/fortiseyewear.co.uk\/?s={search_term_string}"},"query-input":{"@type":"PropertyValueSpecification","valueRequired":true,"valueName":"search_term_string"}}],"inLanguage":"fr-FR"},{"@type":"Organization","@id":"https:\/\/fortiseyewear.co.uk\/#organization","name":"Fortis Eyewear","alternateName":"Fortis","url":"https:\/\/fortiseyewear.co.uk\/","logo":{"@type":"ImageObject","inLanguage":"fr-FR","@id":"https:\/\/fortiseyewear.co.uk\/#\/schema\/logo\/image\/","url":"https:\/\/fortiseyewear.co.uk\/wp-content\/uploads\/2019\/05\/1.FinalLogoMOBILE.jpg","contentUrl":"https:\/\/fortiseyewear.co.uk\/wp-content\/uploads\/2019\/05\/1.FinalLogoMOBILE.jpg","width":766,"height":541,"caption":"Fortis Eyewear"},"image":{"@id":"https:\/\/fortiseyewear.co.uk\/#\/schema\/logo\/image\/"},"sameAs":["https:\/\/www.facebook.com\/FortisEyewear","https:\/\/x.com\/fortiseyewear","https:\/\/www.instagram.com\/FortisEyewear","https:\/\/www.youtube.com\/channel\/UC5uI6lYx37ltUVATG5skJLw"]}]}},"_links":{"self":[{"href":"https:\/\/fortiseyewear.co.uk\/fr\/wp-json\/wp\/v2\/product\/35891","targetHints":{"allow":["GET"]}}],"collection":[{"href":"https:\/\/fortiseyewear.co.uk\/fr\/wp-json\/wp\/v2\/product"}],"about":[{"href":"https:\/\/fortiseyewear.co.uk\/fr\/wp-json\/wp\/v2\/types\/product"}],"wp:featuredmedia":[{"embeddable":true,"href":"https:\/\/fortiseyewear.co.uk\/fr\/wp-json\/wp\/v2\/media\/35892"}],"wp:attachment":[{"href":"https:\/\/fortiseyewear.co.uk\/fr\/wp-json\/wp\/v2\/media?parent=35891"}],"wp:term":[{"taxonomy":"collection","embeddable":true,"href":"https:\/\/fortiseyewear.co.uk\/fr\/wp-json\/wp\/v2\/collection?post=35891"},{"taxonomy":"product_brand","embeddable":true,"href":"https:\/\/fortiseyewear.co.uk\/fr\/wp-json\/wp\/v2\/product_brand?post=35891"},{"taxonomy":"product_cat","embeddable":true,"href":"https:\/\/fortiseyewear.co.uk\/fr\/wp-json\/wp\/v2\/product_cat?post=35891"},{"taxonomy":"product_tag","embeddable":true,"href":"https:\/\/fortiseyewear.co.uk\/fr\/wp-json\/wp\/v2\/product_tag?post=35891"}],"curies":[{"name":"wp","href":"https:\/\/api.w.org\/{rel}","templated":true}]}}