{"id":36913,"date":"2021-08-05T14:50:31","date_gmt":"2021-08-05T14:50:31","guid":{"rendered":"https:\/\/fortiseyewear.co.uk\/?post_type=product&#038;p=36913"},"modified":"2025-11-21T21:09:28","modified_gmt":"2025-11-21T21:09:28","slug":"boonie-hat","status":"publish","type":"product","link":"https:\/\/fortiseyewear.co.uk\/fr\/produit\/boonie-hat\/","title":{"rendered":"Chapeau Boonie"},"content":{"rendered":"<h3><strong>Boonie Hat \u2013 Lightweight Sun Protection for Long Sessions<\/strong><\/h3>\n<p>The Fortis Boonie Hat is built for high-sun, high-heat conditions \u2014 delivering dependable protection so you can stay focused on the water rather than the weather.<\/p>\n<hr \/>\n<h3><strong>Cool, Dry and Breathable<\/strong><\/h3>\n<p>Lightweight fabrics, an internal sweatband and mesh venting combine to keep air moving and wick moisture away from the skin. The result is reduced overheating and all-day comfort, even during relentless sun.<\/p>\n<hr \/>\n<h3><strong>Secure, Adjustable Fit<\/strong><\/h3>\n<p>A rear drawcord and toggle system allow quick, precise adjustments to ensure the hat stays put \u2014 whether you\u2019re casting, moving swims or locked into a fish at close quarters.<\/p>\n<hr \/>\n<h3><strong>Built-In Eyewear Retainers<\/strong><\/h3>\n<p>Elasticated eyewear retainers keep your Fortis sunglasses securely in place. No slipping, no dropping \u2014 just seamless bankside functionality.<\/p>\n<hr \/>\n<p>Beat the heat and fish in complete comfort with the Fortis Boonie Hat. <strong>Stay Cooler.<\/strong><\/p>","protected":false},"excerpt":{"rendered":"<h2><em>Un bonnet classique pour une protection maximale<\/em><\/h2>\n<p>Cette veste Boonie haute performance lutte contre la chaleur et le soleil en vous gardant au frais, au sec et prot\u00e9g\u00e9 des rayons nocifs. Il est suffisamment l\u00e9ger et a\u00e9r\u00e9 pour que vous restiez \u00e0 l'aise. Le bandeau de transpiration et les a\u00e9rations en maille respirent activement et \u00e9vacuent l'humidit\u00e9 de votre peau pour que vous ne transpiriez pas. Le bonnet est dot\u00e9 d'un cordon de serrage r\u00e9glable et d'une fermeture \u00e0 glissi\u00e8re \u00e0 l'arri\u00e8re pour garantir un ajustement s\u00fbr et confortable. Nos \u00e9lastiques de maintien des lunettes sont int\u00e9gr\u00e9s de s\u00e9rie.<\/p>\n<p><strong>Chaleur :<\/strong> [rating stars=\"1.0\"]<br \/>\n<strong>L\u00e9ger :<\/strong> [rating stars=\"5.0\"]<br \/>\n<strong>Protection de l'eau :<\/strong> [rating stars=\"2.5\"]<br \/>\n<strong>Respirabilit\u00e9 :<\/strong> [rating stars=\"4.0\"]<br \/>\n<strong>Protection contre les UV :<\/strong> [rating stars=\"4.5\"]<\/p>\n<p>Pour plus d'informations, consultez notre site <a href=\"\/fr\/clothing-guide\/\">Guide de l'habillement<\/a>.<br \/>\nInstructions de lavage sur le v\u00eatement.<\/p>\n<p>Prix : \u00a319.99<\/p>\n<p><strong>*Disponible uniquement chez les d\u00e9taillants de p\u00eache \u00e0 la ligne que nous recommandons.<\/strong><br \/>\nVisitez notre <a href=\"https:\/\/fortiseyewear.co.uk\/fr\/stockists\/\">STOCKISTS<\/a> page.<\/p>","protected":false},"featured_media":36917,"template":"","meta":{"_acf_changed":false},"collection":[],"product_brand":[],"product_cat":[557],"product_tag":[],"class_list":{"0":"post-36913","1":"product","2":"type-product","3":"status-publish","4":"has-post-thumbnail","6":"product_cat-carp-fishing-clothing","8":"first","9":"instock","10":"taxable","11":"shipping-taxable","12":"purchasable","13":"product-type-variable","14":"prodpage-classic"},"acf":[],"yoast_head":"<!-- This site is optimized with the Yoast SEO Premium plugin v26.7 (Yoast SEO v26.7) - https:\/\/yoast.com\/wordpress\/plugins\/seo\/ -->\n<title>Boonie Hat | Fishing Boonie Hat \u2013 Fortis Eyewear<\/title>\n<meta name=\"description\" content=\"Boonie Hat is a wide-brim fishing boonie hat for sun and showers. Quick-drying comfort and Fortis styling for long days on the bank.\" \/>\n<meta name=\"robots\" content=\"index, follow, max-snippet:-1, max-image-preview:large, max-video-preview:-1\" \/>\n<link rel=\"canonical\" href=\"https:\/\/fortiseyewear.co.uk\/fr\/produit\/boonie-hat\/\" \/>\n<meta property=\"og:locale\" content=\"fr_FR\" \/>\n<meta property=\"og:type\" content=\"article\" \/>\n<meta property=\"og:title\" content=\"Boonie Hat\" \/>\n<meta property=\"og:description\" content=\"Boonie Hat is a wide-brim fishing boonie hat for sun and showers. Quick-drying comfort and Fortis styling for long days on the bank.\" \/>\n<meta property=\"og:url\" content=\"https:\/\/fortiseyewear.co.uk\/fr\/produit\/boonie-hat\/\" \/>\n<meta property=\"og:site_name\" content=\"Fortis Eyewear\" \/>\n<meta property=\"article:publisher\" content=\"https:\/\/www.facebook.com\/FortisEyewear\" \/>\n<meta property=\"article:modified_time\" content=\"2025-11-21T21:09:28+00:00\" \/>\n<meta property=\"og:image\" content=\"https:\/\/fortiseyewear.co.uk\/wp-content\/uploads\/2021\/08\/BHDPM01.jpg\" \/>\n\t<meta property=\"og:image:width\" content=\"600\" \/>\n\t<meta property=\"og:image:height\" content=\"800\" \/>\n\t<meta property=\"og:image:type\" content=\"image\/jpeg\" \/>\n<meta name=\"twitter:card\" content=\"summary_large_image\" \/>\n<meta name=\"twitter:site\" content=\"@fortiseyewear\" \/>\n<meta name=\"twitter:label1\" content=\"Dur\u00e9e de lecture estim\u00e9e\" \/>\n\t<meta name=\"twitter:data1\" content=\"1 minute\" \/>\n<!-- \/ Yoast SEO Premium plugin. -->","yoast_head_json":{"title":"Boonie Hat | Fishing Boonie Hat \u2013 Fortis Eyewear","description":"Boonie Hat is a wide-brim fishing boonie hat for sun and showers. Quick-drying comfort and Fortis styling for long days on the bank.","robots":{"index":"index","follow":"follow","max-snippet":"max-snippet:-1","max-image-preview":"max-image-preview:large","max-video-preview":"max-video-preview:-1"},"canonical":"https:\/\/fortiseyewear.co.uk\/fr\/produit\/boonie-hat\/","og_locale":"fr_FR","og_type":"article","og_title":"Boonie Hat","og_description":"Boonie Hat is a wide-brim fishing boonie hat for sun and showers. Quick-drying comfort and Fortis styling for long days on the bank.","og_url":"https:\/\/fortiseyewear.co.uk\/fr\/produit\/boonie-hat\/","og_site_name":"Fortis Eyewear","article_publisher":"https:\/\/www.facebook.com\/FortisEyewear","article_modified_time":"2025-11-21T21:09:28+00:00","og_image":[{"width":600,"height":800,"url":"https:\/\/fortiseyewear.co.uk\/wp-content\/uploads\/2021\/08\/BHDPM01.jpg","type":"image\/jpeg"}],"twitter_card":"summary_large_image","twitter_site":"@fortiseyewear","twitter_misc":{"Dur\u00e9e de lecture estim\u00e9e":"1 minute"},"schema":{"@context":"https:\/\/schema.org","@graph":[{"@type":"WebPage","@id":"https:\/\/fortiseyewear.co.uk\/product\/boonie-hat\/","url":"https:\/\/fortiseyewear.co.uk\/product\/boonie-hat\/","name":"Boonie Hat | Fishing Boonie Hat \u2013 Fortis Eyewear","isPartOf":{"@id":"https:\/\/fortiseyewear.co.uk\/#website"},"primaryImageOfPage":{"@id":"https:\/\/fortiseyewear.co.uk\/product\/boonie-hat\/#primaryimage"},"image":{"@id":"https:\/\/fortiseyewear.co.uk\/product\/boonie-hat\/#primaryimage"},"thumbnailUrl":"https:\/\/fortiseyewear.co.uk\/wp-content\/uploads\/2021\/08\/BHDPM01.jpg","datePublished":"2021-08-05T14:50:31+00:00","dateModified":"2025-11-21T21:09:28+00:00","description":"Boonie Hat is a wide-brim fishing boonie hat for sun and showers. Quick-drying comfort and Fortis styling for long days on the bank.","breadcrumb":{"@id":"https:\/\/fortiseyewear.co.uk\/product\/boonie-hat\/#breadcrumb"},"inLanguage":"fr-FR","potentialAction":[{"@type":"ReadAction","target":["https:\/\/fortiseyewear.co.uk\/product\/boonie-hat\/"]}]},{"@type":"ImageObject","inLanguage":"fr-FR","@id":"https:\/\/fortiseyewear.co.uk\/product\/boonie-hat\/#primaryimage","url":"https:\/\/fortiseyewear.co.uk\/wp-content\/uploads\/2021\/08\/BHDPM01.jpg","contentUrl":"https:\/\/fortiseyewear.co.uk\/wp-content\/uploads\/2021\/08\/BHDPM01.jpg","width":600,"height":800,"caption":"Fortis Bonnie Hat in DPM"},{"@type":"BreadcrumbList","@id":"https:\/\/fortiseyewear.co.uk\/product\/boonie-hat\/#breadcrumb","itemListElement":[{"@type":"ListItem","position":1,"name":"Home","item":"https:\/\/fortiseyewear.co.uk\/"},{"@type":"ListItem","position":2,"name":"Products","item":"https:\/\/fortiseyewear.co.uk\/products\/"},{"@type":"ListItem","position":3,"name":"Boonie Hat"}]},{"@type":"WebSite","@id":"https:\/\/fortiseyewear.co.uk\/#website","url":"https:\/\/fortiseyewear.co.uk\/","name":"Fortis Eyewear","description":"Lunettes de soleil polaris\u00e9es pour la p\u00eache","publisher":{"@id":"https:\/\/fortiseyewear.co.uk\/#organization"},"alternateName":"Fortis","potentialAction":[{"@type":"SearchAction","target":{"@type":"EntryPoint","urlTemplate":"https:\/\/fortiseyewear.co.uk\/?s={search_term_string}"},"query-input":{"@type":"PropertyValueSpecification","valueRequired":true,"valueName":"search_term_string"}}],"inLanguage":"fr-FR"},{"@type":"Organization","@id":"https:\/\/fortiseyewear.co.uk\/#organization","name":"Fortis Eyewear","alternateName":"Fortis","url":"https:\/\/fortiseyewear.co.uk\/","logo":{"@type":"ImageObject","inLanguage":"fr-FR","@id":"https:\/\/fortiseyewear.co.uk\/#\/schema\/logo\/image\/","url":"https:\/\/fortiseyewear.co.uk\/wp-content\/uploads\/2019\/05\/1.FinalLogoMOBILE.jpg","contentUrl":"https:\/\/fortiseyewear.co.uk\/wp-content\/uploads\/2019\/05\/1.FinalLogoMOBILE.jpg","width":766,"height":541,"caption":"Fortis Eyewear"},"image":{"@id":"https:\/\/fortiseyewear.co.uk\/#\/schema\/logo\/image\/"},"sameAs":["https:\/\/www.facebook.com\/FortisEyewear","https:\/\/x.com\/fortiseyewear","https:\/\/www.instagram.com\/FortisEyewear","https:\/\/www.youtube.com\/channel\/UC5uI6lYx37ltUVATG5skJLw"]}]}},"_links":{"self":[{"href":"https:\/\/fortiseyewear.co.uk\/fr\/wp-json\/wp\/v2\/product\/36913","targetHints":{"allow":["GET"]}}],"collection":[{"href":"https:\/\/fortiseyewear.co.uk\/fr\/wp-json\/wp\/v2\/product"}],"about":[{"href":"https:\/\/fortiseyewear.co.uk\/fr\/wp-json\/wp\/v2\/types\/product"}],"wp:featuredmedia":[{"embeddable":true,"href":"https:\/\/fortiseyewear.co.uk\/fr\/wp-json\/wp\/v2\/media\/36917"}],"wp:attachment":[{"href":"https:\/\/fortiseyewear.co.uk\/fr\/wp-json\/wp\/v2\/media?parent=36913"}],"wp:term":[{"taxonomy":"collection","embeddable":true,"href":"https:\/\/fortiseyewear.co.uk\/fr\/wp-json\/wp\/v2\/collection?post=36913"},{"taxonomy":"product_brand","embeddable":true,"href":"https:\/\/fortiseyewear.co.uk\/fr\/wp-json\/wp\/v2\/product_brand?post=36913"},{"taxonomy":"product_cat","embeddable":true,"href":"https:\/\/fortiseyewear.co.uk\/fr\/wp-json\/wp\/v2\/product_cat?post=36913"},{"taxonomy":"product_tag","embeddable":true,"href":"https:\/\/fortiseyewear.co.uk\/fr\/wp-json\/wp\/v2\/product_tag?post=36913"}],"curies":[{"name":"wp","href":"https:\/\/api.w.org\/{rel}","templated":true}]}}