{"id":37756,"date":"2022-05-06T14:04:38","date_gmt":"2022-05-06T14:04:38","guid":{"rendered":"https:\/\/fortiseyewear.co.uk\/?post_type=product&#038;p=37756"},"modified":"2025-11-21T22:16:07","modified_gmt":"2025-11-21T22:16:07","slug":"recce-dry-sack","status":"publish","type":"product","link":"https:\/\/fortiseyewear.co.uk\/fr\/produit\/recce-dry-sack\/","title":{"rendered":"Recce Dry Sack"},"content":{"rendered":"<h3><strong>Recce Dry Sack \u2013 Lightweight Waterproof Storage for Bait &#038; Essentials<\/strong><\/h3>\n<p>\nThe Recce Dry Sack is an ultra-lightweight waterproof storage bag designed to keep your essentials protected. Whether it\u2019s a spare Fortis jacket, a change of clothes or a load of bait, this sack keeps everything dry and sealed from the elements.\n<\/p>\n<hr \/>\n<h3><strong>Versatile 20L Capacity<\/strong><\/h3>\n<p>\nWith a 20-litre capacity, it\u2019s ideal for carrying clothing, accessories or bait \u2014 including particles and boilies. Fully taped seams ensure complete waterproof performance, making it a reliable daily companion on the bank.\n<\/p>\n<hr \/>\n<h3><strong>Perfect for Freezer Storage Between Trips<\/strong><\/h3>\n<p>\nUsed as a liner inside the<br \/>\n<a href=\"\/fr\/produit\/recce-dry-bag\/\">Sac sec de reconnaissance<\/a>, the Dry Sack becomes the perfect removable insert for freezing bait between sessions. Protect the outer bag, prolong its life and keep your bait fresh for the next trip.\n<\/p>\n<hr \/>\n<h3><strong>Caract\u00e9ristiques principales<\/strong><\/h3>\n<ul>\n<li><strong>Ultra-lightweight &#038; durable<\/strong><\/li>\n<li><strong>Fully waterproof<\/strong> with taped seams<\/li>\n<li><strong>20L capacity<\/strong> for clothing, tackle or bait<\/li>\n<li><strong>Ideal bait freezer liner<\/strong> when paired with the Recce Dry Bag<\/li>\n<\/ul>\n<p>Stay Drier.<\/p>","protected":false},"excerpt":{"rendered":"<h2><i>Un sac \u00e9tanche pour une protection essentielle<\/i><\/h2>\n<p>Le Recce Dry Sack est un moyen ultra-l\u00e9ger de s'assurer que votre \u00e9quipement reste sec. Que ce soit votre veste Fortis pr\u00e9f\u00e9r\u00e9e ou des v\u00eatements de rechange qui ont besoin d'\u00eatre prot\u00e9g\u00e9s, le Dry Sack vous couvre. D'une capacit\u00e9 de 20 litres, ce sac a \u00e9galement un atout dans sa manche : il est imperm\u00e9able et ses coutures sont enti\u00e8rement recouvertes d'un ruban adh\u00e9sif. Cela permet d'utiliser le sac pour une vari\u00e9t\u00e9 d'app\u00e2ts, des particules aux bouillettes. Utilisez ce sac comme doublure pour le Dry Bag (en haut) et vous aurez le sac parfait pour entrer et sortir du cong\u00e9lateur entre deux sorties.<\/p>\n<p><strong>Prix :<\/strong> \u00a39.99<\/p>\n<p><strong>*Disponible uniquement chez les d\u00e9taillants de p\u00eache \u00e0 la ligne que nous recommandons.<\/strong><br \/>\nVisitez notre <a href=\"https:\/\/fortiseyewear.co.uk\/fr\/stockists\/\">STOCKISTS<\/a> page.<\/p>","protected":false},"featured_media":37738,"template":"","meta":{"_acf_changed":false},"collection":[1429],"product_brand":[],"product_cat":[575],"product_tag":[],"class_list":{"0":"post-37756","1":"product","2":"type-product","3":"status-publish","4":"has-post-thumbnail","6":"collection-recce","7":"product_cat-carp-fishing-luggage-accessories","9":"first","10":"instock","11":"taxable","12":"shipping-taxable","13":"purchasable","14":"product-type-simple","15":"prodpage-classic"},"acf":[],"yoast_head":"<!-- This site is optimized with the Yoast SEO Premium plugin v26.7 (Yoast SEO v26.7) - https:\/\/yoast.com\/wordpress\/plugins\/seo\/ -->\n<title>Recce Dry Sack | Performance Fishing Luggage \u2013 Fortis Eyewear<\/title>\n<meta name=\"description\" content=\"Recce Dry Sack is a waterproof roll-top bag that keeps kit, clothing or camera gear dry on the bank. Lightweight and packable for mobile anglers.\" \/>\n<meta name=\"robots\" content=\"index, follow, max-snippet:-1, max-image-preview:large, max-video-preview:-1\" \/>\n<link rel=\"canonical\" href=\"https:\/\/fortiseyewear.co.uk\/fr\/produit\/recce-dry-sack\/\" \/>\n<meta property=\"og:locale\" content=\"fr_FR\" \/>\n<meta property=\"og:type\" content=\"article\" \/>\n<meta property=\"og:title\" content=\"Recce Dry Sack\" \/>\n<meta property=\"og:description\" content=\"Recce Dry Sack is a waterproof roll-top bag that keeps kit, clothing or camera gear dry on the bank. Lightweight and packable for mobile anglers.\" \/>\n<meta property=\"og:url\" content=\"https:\/\/fortiseyewear.co.uk\/fr\/produit\/recce-dry-sack\/\" \/>\n<meta property=\"og:site_name\" content=\"Fortis Eyewear\" \/>\n<meta property=\"article:publisher\" content=\"https:\/\/www.facebook.com\/FortisEyewear\" \/>\n<meta property=\"article:modified_time\" content=\"2025-11-21T22:16:07+00:00\" \/>\n<meta property=\"og:image\" content=\"https:\/\/fortiseyewear.co.uk\/wp-content\/uploads\/2022\/05\/RDS01-Front.jpg\" \/>\n\t<meta property=\"og:image:width\" content=\"600\" \/>\n\t<meta property=\"og:image:height\" content=\"800\" \/>\n\t<meta property=\"og:image:type\" content=\"image\/jpeg\" \/>\n<meta name=\"twitter:card\" content=\"summary_large_image\" \/>\n<meta name=\"twitter:site\" content=\"@fortiseyewear\" \/>\n<meta name=\"twitter:label1\" content=\"Dur\u00e9e de lecture estim\u00e9e\" \/>\n\t<meta name=\"twitter:data1\" content=\"1 minute\" \/>\n<!-- \/ Yoast SEO Premium plugin. -->","yoast_head_json":{"title":"Recce Dry Sack | Performance Fishing Luggage \u2013 Fortis Eyewear","description":"Recce Dry Sack is a waterproof roll-top bag that keeps kit, clothing or camera gear dry on the bank. Lightweight and packable for mobile anglers.","robots":{"index":"index","follow":"follow","max-snippet":"max-snippet:-1","max-image-preview":"max-image-preview:large","max-video-preview":"max-video-preview:-1"},"canonical":"https:\/\/fortiseyewear.co.uk\/fr\/produit\/recce-dry-sack\/","og_locale":"fr_FR","og_type":"article","og_title":"Recce Dry Sack","og_description":"Recce Dry Sack is a waterproof roll-top bag that keeps kit, clothing or camera gear dry on the bank. Lightweight and packable for mobile anglers.","og_url":"https:\/\/fortiseyewear.co.uk\/fr\/produit\/recce-dry-sack\/","og_site_name":"Fortis Eyewear","article_publisher":"https:\/\/www.facebook.com\/FortisEyewear","article_modified_time":"2025-11-21T22:16:07+00:00","og_image":[{"width":600,"height":800,"url":"https:\/\/fortiseyewear.co.uk\/wp-content\/uploads\/2022\/05\/RDS01-Front.jpg","type":"image\/jpeg"}],"twitter_card":"summary_large_image","twitter_site":"@fortiseyewear","twitter_misc":{"Dur\u00e9e de lecture estim\u00e9e":"1 minute"},"schema":{"@context":"https:\/\/schema.org","@graph":[{"@type":"WebPage","@id":"https:\/\/fortiseyewear.co.uk\/product\/recce-dry-sack\/","url":"https:\/\/fortiseyewear.co.uk\/product\/recce-dry-sack\/","name":"Recce Dry Sack | Performance Fishing Luggage \u2013 Fortis Eyewear","isPartOf":{"@id":"https:\/\/fortiseyewear.co.uk\/#website"},"primaryImageOfPage":{"@id":"https:\/\/fortiseyewear.co.uk\/product\/recce-dry-sack\/#primaryimage"},"image":{"@id":"https:\/\/fortiseyewear.co.uk\/product\/recce-dry-sack\/#primaryimage"},"thumbnailUrl":"https:\/\/fortiseyewear.co.uk\/wp-content\/uploads\/2022\/05\/RDS01-Front.jpg","datePublished":"2022-05-06T14:04:38+00:00","dateModified":"2025-11-21T22:16:07+00:00","description":"Recce Dry Sack is a waterproof roll-top bag that keeps kit, clothing or camera gear dry on the bank. Lightweight and packable for mobile anglers.","breadcrumb":{"@id":"https:\/\/fortiseyewear.co.uk\/product\/recce-dry-sack\/#breadcrumb"},"inLanguage":"fr-FR","potentialAction":[{"@type":"ReadAction","target":["https:\/\/fortiseyewear.co.uk\/product\/recce-dry-sack\/"]}]},{"@type":"ImageObject","inLanguage":"fr-FR","@id":"https:\/\/fortiseyewear.co.uk\/product\/recce-dry-sack\/#primaryimage","url":"https:\/\/fortiseyewear.co.uk\/wp-content\/uploads\/2022\/05\/RDS01-Front.jpg","contentUrl":"https:\/\/fortiseyewear.co.uk\/wp-content\/uploads\/2022\/05\/RDS01-Front.jpg","width":600,"height":800,"caption":"Fortis Recce Dry Sack"},{"@type":"BreadcrumbList","@id":"https:\/\/fortiseyewear.co.uk\/product\/recce-dry-sack\/#breadcrumb","itemListElement":[{"@type":"ListItem","position":1,"name":"Home","item":"https:\/\/fortiseyewear.co.uk\/"},{"@type":"ListItem","position":2,"name":"Products","item":"https:\/\/fortiseyewear.co.uk\/products\/"},{"@type":"ListItem","position":3,"name":"Recce Dry Sack"}]},{"@type":"WebSite","@id":"https:\/\/fortiseyewear.co.uk\/#website","url":"https:\/\/fortiseyewear.co.uk\/","name":"Fortis Eyewear","description":"Lunettes de soleil polaris\u00e9es pour la p\u00eache","publisher":{"@id":"https:\/\/fortiseyewear.co.uk\/#organization"},"alternateName":"Fortis","potentialAction":[{"@type":"SearchAction","target":{"@type":"EntryPoint","urlTemplate":"https:\/\/fortiseyewear.co.uk\/?s={search_term_string}"},"query-input":{"@type":"PropertyValueSpecification","valueRequired":true,"valueName":"search_term_string"}}],"inLanguage":"fr-FR"},{"@type":"Organization","@id":"https:\/\/fortiseyewear.co.uk\/#organization","name":"Fortis Eyewear","alternateName":"Fortis","url":"https:\/\/fortiseyewear.co.uk\/","logo":{"@type":"ImageObject","inLanguage":"fr-FR","@id":"https:\/\/fortiseyewear.co.uk\/#\/schema\/logo\/image\/","url":"https:\/\/fortiseyewear.co.uk\/wp-content\/uploads\/2019\/05\/1.FinalLogoMOBILE.jpg","contentUrl":"https:\/\/fortiseyewear.co.uk\/wp-content\/uploads\/2019\/05\/1.FinalLogoMOBILE.jpg","width":766,"height":541,"caption":"Fortis Eyewear"},"image":{"@id":"https:\/\/fortiseyewear.co.uk\/#\/schema\/logo\/image\/"},"sameAs":["https:\/\/www.facebook.com\/FortisEyewear","https:\/\/x.com\/fortiseyewear","https:\/\/www.instagram.com\/FortisEyewear","https:\/\/www.youtube.com\/channel\/UC5uI6lYx37ltUVATG5skJLw"]}]}},"_links":{"self":[{"href":"https:\/\/fortiseyewear.co.uk\/fr\/wp-json\/wp\/v2\/product\/37756","targetHints":{"allow":["GET"]}}],"collection":[{"href":"https:\/\/fortiseyewear.co.uk\/fr\/wp-json\/wp\/v2\/product"}],"about":[{"href":"https:\/\/fortiseyewear.co.uk\/fr\/wp-json\/wp\/v2\/types\/product"}],"wp:featuredmedia":[{"embeddable":true,"href":"https:\/\/fortiseyewear.co.uk\/fr\/wp-json\/wp\/v2\/media\/37738"}],"wp:attachment":[{"href":"https:\/\/fortiseyewear.co.uk\/fr\/wp-json\/wp\/v2\/media?parent=37756"}],"wp:term":[{"taxonomy":"collection","embeddable":true,"href":"https:\/\/fortiseyewear.co.uk\/fr\/wp-json\/wp\/v2\/collection?post=37756"},{"taxonomy":"product_brand","embeddable":true,"href":"https:\/\/fortiseyewear.co.uk\/fr\/wp-json\/wp\/v2\/product_brand?post=37756"},{"taxonomy":"product_cat","embeddable":true,"href":"https:\/\/fortiseyewear.co.uk\/fr\/wp-json\/wp\/v2\/product_cat?post=37756"},{"taxonomy":"product_tag","embeddable":true,"href":"https:\/\/fortiseyewear.co.uk\/fr\/wp-json\/wp\/v2\/product_tag?post=37756"}],"curies":[{"name":"wp","href":"https:\/\/api.w.org\/{rel}","templated":true}]}}