{"id":37850,"date":"2022-06-09T10:50:48","date_gmt":"2022-06-09T10:50:48","guid":{"rendered":"https:\/\/fortiseyewear.co.uk\/?post_type=product&#038;p=37850"},"modified":"2025-11-21T20:29:05","modified_gmt":"2025-11-21T20:29:05","slug":"minimal-jogger-shorts","status":"publish","type":"product","link":"https:\/\/fortiseyewear.co.uk\/fr\/produit\/minimal-jogger-shorts\/","title":{"rendered":"Short Jogger"},"content":{"rendered":"<h3><strong>Jogger Shorts \u2013 Comfortable, Minimal Fishing Shorts Built for the Bank<\/strong><\/h3>\n<p>\nIntroducing the Minimal Jogger Shorts in Dusty Olive \u2013 a clean, understated design built for comfort on and off the bank. Made from a robust 300gsm interlock fabric (80% cotton, 20% polyester), these shorts deliver softness, durability and all-day ease.\n<\/p>\n<hr \/>\n<h3><strong>Minimalist Styling with Subtle Branding<\/strong><\/h3>\n<p>\nA simple, refined silhouette keeps the look clean, finished with a subtle woven Fortis patch that adds just the right amount of detail without shouting.\n<\/p>\n<hr \/>\n<h3><strong>Rangement s\u00e9curis\u00e9 gr\u00e2ce aux fermetures \u00e0 glissi\u00e8re YKK<\/strong><\/h3>\n<p>\nTwo discreet YKK-zip hand pockets keep your essentials safe while you\u2019re climbing the barrow, moving swims or relaxing between bites.\n<\/p>\n<hr \/>\n<h3><strong>Customisable Fit for Everyday Comfort<\/strong><\/h3>\n<p>\nAn elasticated waistband with an adjustable drawcord ensures a secure, personalised fit. Whether you\u2019re wearing them around the lake or day-to-day, they sit comfortably and move with you.\n<\/p>\n<hr \/>\n<h3><strong>Caract\u00e9ristiques principales<\/strong><\/h3>\n<ul>\n<li><strong>300gsm interlock fabric<\/strong> \u2013 Durable, soft and comfortable.<\/li>\n<li><strong>80% cotton \/ 20% polyester<\/strong> \u2013 Balanced feel and longevity.<\/li>\n<li><strong>Subtle woven Fortis patch<\/strong> \u2013 Clean, minimal branding.<\/li>\n<li><strong>YKK zippered hand pockets<\/strong> \u2013 Secure storage for valuables.<\/li>\n<li><strong>Elasticated drawcord waist<\/strong> \u2013 Adjustable, comfortable fit.<\/li>\n<\/ul>\n<p>\nMinimal effort. Maximum comfort.<\/p>","protected":false},"excerpt":{"rendered":"<h2><i>Un short de jogging confortable avec un style minimal<\/i><\/h2>\n<p>Le short de jogging Minimal en olive poussi\u00e9reuse est fabriqu\u00e9 \u00e0 partir d'un m\u00e9lange de polyester 80% coton 20% interlock 300 g\/m\u00b2, confortable, \u00e9l\u00e9gant et con\u00e7u pour durer. Un subtil logo Fortis tiss\u00e9 sur la jambe et des poches zipp\u00e9es YKK permettent de garder les objets de valeur \u00e0 l'abri \u00e0 tout moment. Taille \u00e9lastiqu\u00e9e avec cordon de serrage en standard.<\/p>\n<p><strong>Chaleur :<\/strong> [rating stars=\"3.0\"]<br \/>\n<strong>L\u00e9ger :<\/strong> [rating stars=\"4.0\"]<br \/>\n<strong>Protection de l'eau :<\/strong> [rating stars=\"0.0\"]<br \/>\n<strong>Respirabilit\u00e9 :<\/strong> [rating stars=\"3.5\"]<\/p>\n<p>Pour plus d'informations, consultez notre site <a href=\"\/fr\/clothing-guide\/\">Guide de l'habillement<\/a>.<br \/>\nInstructions de lavage sur le v\u00eatement.<\/p>\n<p>Prix : \u00a329.99<\/p>\n<p><strong>*Disponible uniquement chez les d\u00e9taillants de p\u00eache \u00e0 la ligne que nous recommandons.<\/strong><br \/>\nVisitez notre <a href=\"https:\/\/fortiseyewear.co.uk\/fr\/stockists\/\">STOCKISTS<\/a> page.<\/p>","protected":false},"featured_media":37859,"template":"","meta":{"_acf_changed":false},"collection":[1427],"product_brand":[],"product_cat":[557],"product_tag":[],"class_list":{"0":"post-37850","1":"product","2":"type-product","3":"status-publish","4":"has-post-thumbnail","6":"collection-minimal","7":"product_cat-carp-fishing-clothing","9":"first","10":"instock","11":"taxable","12":"shipping-taxable","13":"purchasable","14":"product-type-variable","15":"prodpage-classic"},"acf":[],"yoast_head":"<!-- This site is optimized with the Yoast SEO Premium plugin v26.7 (Yoast SEO v26.7) - https:\/\/yoast.com\/wordpress\/plugins\/seo\/ -->\n<title>Minimal Jogger Shorts | Performance Fishing Clothing \u2013 Fortis Eyewear<\/title>\n<meta name=\"description\" content=\"Jogger Shorts are lightweight Fortis shorts with a relaxed fit for warm-weather sessions. Comfortable on the bank or off it.\" \/>\n<meta name=\"robots\" content=\"index, follow, max-snippet:-1, max-image-preview:large, max-video-preview:-1\" \/>\n<link rel=\"canonical\" href=\"https:\/\/fortiseyewear.co.uk\/fr\/produit\/minimal-jogger-shorts\/\" \/>\n<meta property=\"og:locale\" content=\"fr_FR\" \/>\n<meta property=\"og:type\" content=\"article\" \/>\n<meta property=\"og:title\" content=\"Jogger Shorts\" \/>\n<meta property=\"og:description\" content=\"Jogger Shorts are lightweight Fortis shorts with a relaxed fit for warm-weather sessions. Comfortable on the bank or off it.\" \/>\n<meta property=\"og:url\" content=\"https:\/\/fortiseyewear.co.uk\/fr\/produit\/minimal-jogger-shorts\/\" \/>\n<meta property=\"og:site_name\" content=\"Fortis Eyewear\" \/>\n<meta property=\"article:publisher\" content=\"https:\/\/www.facebook.com\/FortisEyewear\" \/>\n<meta property=\"article:modified_time\" content=\"2025-11-21T20:29:05+00:00\" \/>\n<meta property=\"og:image\" content=\"https:\/\/fortiseyewear.co.uk\/wp-content\/uploads\/2022\/06\/JS01-NEW.jpg\" \/>\n\t<meta property=\"og:image:width\" content=\"600\" \/>\n\t<meta property=\"og:image:height\" content=\"800\" \/>\n\t<meta property=\"og:image:type\" content=\"image\/jpeg\" \/>\n<meta name=\"twitter:card\" content=\"summary_large_image\" \/>\n<meta name=\"twitter:site\" content=\"@fortiseyewear\" \/>\n<meta name=\"twitter:label1\" content=\"Dur\u00e9e de lecture estim\u00e9e\" \/>\n\t<meta name=\"twitter:data1\" content=\"1 minute\" \/>\n<!-- \/ Yoast SEO Premium plugin. -->","yoast_head_json":{"title":"Minimal Jogger Shorts | Performance Fishing Clothing \u2013 Fortis Eyewear","description":"Jogger Shorts are lightweight Fortis shorts with a relaxed fit for warm-weather sessions. Comfortable on the bank or off it.","robots":{"index":"index","follow":"follow","max-snippet":"max-snippet:-1","max-image-preview":"max-image-preview:large","max-video-preview":"max-video-preview:-1"},"canonical":"https:\/\/fortiseyewear.co.uk\/fr\/produit\/minimal-jogger-shorts\/","og_locale":"fr_FR","og_type":"article","og_title":"Jogger Shorts","og_description":"Jogger Shorts are lightweight Fortis shorts with a relaxed fit for warm-weather sessions. Comfortable on the bank or off it.","og_url":"https:\/\/fortiseyewear.co.uk\/fr\/produit\/minimal-jogger-shorts\/","og_site_name":"Fortis Eyewear","article_publisher":"https:\/\/www.facebook.com\/FortisEyewear","article_modified_time":"2025-11-21T20:29:05+00:00","og_image":[{"width":600,"height":800,"url":"https:\/\/fortiseyewear.co.uk\/wp-content\/uploads\/2022\/06\/JS01-NEW.jpg","type":"image\/jpeg"}],"twitter_card":"summary_large_image","twitter_site":"@fortiseyewear","twitter_misc":{"Dur\u00e9e de lecture estim\u00e9e":"1 minute"},"schema":{"@context":"https:\/\/schema.org","@graph":[{"@type":"WebPage","@id":"https:\/\/fortiseyewear.co.uk\/product\/minimal-jogger-shorts\/","url":"https:\/\/fortiseyewear.co.uk\/product\/minimal-jogger-shorts\/","name":"Minimal Jogger Shorts | Performance Fishing Clothing \u2013 Fortis Eyewear","isPartOf":{"@id":"https:\/\/fortiseyewear.co.uk\/#website"},"primaryImageOfPage":{"@id":"https:\/\/fortiseyewear.co.uk\/product\/minimal-jogger-shorts\/#primaryimage"},"image":{"@id":"https:\/\/fortiseyewear.co.uk\/product\/minimal-jogger-shorts\/#primaryimage"},"thumbnailUrl":"https:\/\/fortiseyewear.co.uk\/wp-content\/uploads\/2022\/06\/JS01-NEW.jpg","datePublished":"2022-06-09T10:50:48+00:00","dateModified":"2025-11-21T20:29:05+00:00","description":"Jogger Shorts are lightweight Fortis shorts with a relaxed fit for warm-weather sessions. Comfortable on the bank or off it.","breadcrumb":{"@id":"https:\/\/fortiseyewear.co.uk\/product\/minimal-jogger-shorts\/#breadcrumb"},"inLanguage":"fr-FR","potentialAction":[{"@type":"ReadAction","target":["https:\/\/fortiseyewear.co.uk\/product\/minimal-jogger-shorts\/"]}]},{"@type":"ImageObject","inLanguage":"fr-FR","@id":"https:\/\/fortiseyewear.co.uk\/product\/minimal-jogger-shorts\/#primaryimage","url":"https:\/\/fortiseyewear.co.uk\/wp-content\/uploads\/2022\/06\/JS01-NEW.jpg","contentUrl":"https:\/\/fortiseyewear.co.uk\/wp-content\/uploads\/2022\/06\/JS01-NEW.jpg","width":600,"height":800,"caption":"Fortis Eyewear Minimal Jogger Shorts"},{"@type":"BreadcrumbList","@id":"https:\/\/fortiseyewear.co.uk\/product\/minimal-jogger-shorts\/#breadcrumb","itemListElement":[{"@type":"ListItem","position":1,"name":"Home","item":"https:\/\/fortiseyewear.co.uk\/"},{"@type":"ListItem","position":2,"name":"Products","item":"https:\/\/fortiseyewear.co.uk\/products\/"},{"@type":"ListItem","position":3,"name":"Jogger Shorts"}]},{"@type":"WebSite","@id":"https:\/\/fortiseyewear.co.uk\/#website","url":"https:\/\/fortiseyewear.co.uk\/","name":"Fortis Eyewear","description":"Lunettes de soleil polaris\u00e9es pour la p\u00eache","publisher":{"@id":"https:\/\/fortiseyewear.co.uk\/#organization"},"alternateName":"Fortis","potentialAction":[{"@type":"SearchAction","target":{"@type":"EntryPoint","urlTemplate":"https:\/\/fortiseyewear.co.uk\/?s={search_term_string}"},"query-input":{"@type":"PropertyValueSpecification","valueRequired":true,"valueName":"search_term_string"}}],"inLanguage":"fr-FR"},{"@type":"Organization","@id":"https:\/\/fortiseyewear.co.uk\/#organization","name":"Fortis Eyewear","alternateName":"Fortis","url":"https:\/\/fortiseyewear.co.uk\/","logo":{"@type":"ImageObject","inLanguage":"fr-FR","@id":"https:\/\/fortiseyewear.co.uk\/#\/schema\/logo\/image\/","url":"https:\/\/fortiseyewear.co.uk\/wp-content\/uploads\/2019\/05\/1.FinalLogoMOBILE.jpg","contentUrl":"https:\/\/fortiseyewear.co.uk\/wp-content\/uploads\/2019\/05\/1.FinalLogoMOBILE.jpg","width":766,"height":541,"caption":"Fortis Eyewear"},"image":{"@id":"https:\/\/fortiseyewear.co.uk\/#\/schema\/logo\/image\/"},"sameAs":["https:\/\/www.facebook.com\/FortisEyewear","https:\/\/x.com\/fortiseyewear","https:\/\/www.instagram.com\/FortisEyewear","https:\/\/www.youtube.com\/channel\/UC5uI6lYx37ltUVATG5skJLw"]}]}},"_links":{"self":[{"href":"https:\/\/fortiseyewear.co.uk\/fr\/wp-json\/wp\/v2\/product\/37850","targetHints":{"allow":["GET"]}}],"collection":[{"href":"https:\/\/fortiseyewear.co.uk\/fr\/wp-json\/wp\/v2\/product"}],"about":[{"href":"https:\/\/fortiseyewear.co.uk\/fr\/wp-json\/wp\/v2\/types\/product"}],"wp:featuredmedia":[{"embeddable":true,"href":"https:\/\/fortiseyewear.co.uk\/fr\/wp-json\/wp\/v2\/media\/37859"}],"wp:attachment":[{"href":"https:\/\/fortiseyewear.co.uk\/fr\/wp-json\/wp\/v2\/media?parent=37850"}],"wp:term":[{"taxonomy":"collection","embeddable":true,"href":"https:\/\/fortiseyewear.co.uk\/fr\/wp-json\/wp\/v2\/collection?post=37850"},{"taxonomy":"product_brand","embeddable":true,"href":"https:\/\/fortiseyewear.co.uk\/fr\/wp-json\/wp\/v2\/product_brand?post=37850"},{"taxonomy":"product_cat","embeddable":true,"href":"https:\/\/fortiseyewear.co.uk\/fr\/wp-json\/wp\/v2\/product_cat?post=37850"},{"taxonomy":"product_tag","embeddable":true,"href":"https:\/\/fortiseyewear.co.uk\/fr\/wp-json\/wp\/v2\/product_tag?post=37850"}],"curies":[{"name":"wp","href":"https:\/\/api.w.org\/{rel}","templated":true}]}}