{"id":37860,"date":"2022-06-09T11:07:54","date_gmt":"2022-06-09T11:07:54","guid":{"rendered":"https:\/\/fortiseyewear.co.uk\/?post_type=product&#038;p=37860"},"modified":"2025-11-21T20:29:05","modified_gmt":"2025-11-21T20:29:05","slug":"sliders","status":"publish","type":"product","link":"https:\/\/fortiseyewear.co.uk\/fr\/produit\/sliders\/","title":{"rendered":"Slider technologique"},"content":{"rendered":"<h3><strong>Tech Slider \u2013 Adjustable Fishing Sliders for Bankside Comfort<\/strong><\/h3>\n<p>\nThe Tech Slider is designed for anglers who want simple, reliable comfort before, after and between sessions. Lightweight, supportive and easy to slip on, they\u2019re made for life around the rods, on the bank or at home.\n<\/p>\n<hr \/>\n<h3><strong>Micro-Adjustable for a Secure Fit<\/strong><\/h3>\n<p>\nA performance-inspired strap system with Velcro adjustment and clasp allows you to fine-tune the fit. This added stability keeps the slider secure on your foot whether you\u2019re loading the barrow, walking the complex or moving between swims.\n<\/p>\n<hr \/>\n<h3><strong>Padded Mesh Upper for Comfort and Ventilation<\/strong><\/h3>\n<p>\nThe padded mesh upper provides soft comfort across the top of the foot while allowing airflow. Ideal for warmer conditions and long days spent in light footwear.\n<\/p>\n<hr \/>\n<h3><strong>Semelle l\u00e9g\u00e8re en EVA pour un soutien tout au long de la journ\u00e9e<\/strong><\/h3>\n<p>\nA cushioned EVA sole keeps things light underfoot while offering reliable support. Designed to reduce fatigue and provide a soft, forgiving feel on hard ground, platforms or gravel.\n<\/p>\n<hr \/>\n<h3><strong>Regular Fit, Easy to Wear<\/strong><\/h3>\n<p>\nThe Tech Slider features a regular fit designed to work with your usual size. Just slip them on and you\u2019re set for relaxed, functional comfort around the bank.\n<\/p>\n<hr \/>\n<h3><strong>Caract\u00e9ristiques principales<\/strong><\/h3>\n<ul>\n<li><strong>Micro-adjustable strap and clasp<\/strong> \u2013 Secure, customisable fit.<\/li>\n<li><strong>Padded mesh upper<\/strong> \u2013 Enhanced comfort and breathability.<\/li>\n<li><strong>Lightweight EVA sole<\/strong> \u2013 Cushioned support for all-day wear.<\/li>\n<li><strong>Regular fit<\/strong> \u2013 Take your normal size.<\/li>\n<\/ul>\n<p>\nBuilt for bankside downtime and everyday comfort.<\/p>","protected":false},"excerpt":{"rendered":"<h2><em>Une glissi\u00e8re d'\u00e9t\u00e9 pour un maximum de confort<\/em><\/h2>\n<p>Apr\u00e8s une dure journ\u00e9e de chasse, vous m\u00e9ritez de vous d\u00e9tendre dans le confort, et ces chaussons sont la r\u00e9ponse. Les Tech Sliders sont une version unique de la chaussure \u00e0 enfiler, avec une touche de performance qui peut \u00eatre ajust\u00e9e gr\u00e2ce \u00e0 une bande velcro et un fermoir. Cela ajoute une stabilit\u00e9 et un amorti cruciaux pour un soutien tout au long de la journ\u00e9e. L'empeigne en maille rembourr\u00e9e et la semelle EVA confortable compl\u00e8tent le pack. Coupe r\u00e9guli\u00e8re, prenez votre taille normale.<\/p>\n<p><strong>Chaleur :<\/strong> [rating stars=\"1.0\"]<br \/>\n<strong>L\u00e9ger :<\/strong> [rating stars=\"5.0\"]<br \/>\n<strong>Protection de l'eau :<\/strong> [rating stars=\"1.0\"]<br \/>\n<strong>Respirabilit\u00e9 :<\/strong> [rating stars=\"5.0\"]<\/p>\n<p>Pour plus d'informations, consultez notre site <a href=\"\/fr\/clothing-guide\/\">Guide de l'habillement<\/a>.<\/p>\n<p>Prix : \u00a324.99<\/p>\n<p><strong>*Disponible uniquement chez les d\u00e9taillants de p\u00eache \u00e0 la ligne que nous recommandons.<\/strong><br \/>\nVisitez notre <a href=\"https:\/\/fortiseyewear.co.uk\/fr\/stockists\/\">STOCKISTS<\/a> page.<\/p>","protected":false},"featured_media":37867,"template":"","meta":{"_acf_changed":false},"collection":[],"product_brand":[],"product_cat":[1110],"product_tag":[],"class_list":{"0":"post-37860","1":"product","2":"type-product","3":"status-publish","4":"has-post-thumbnail","6":"product_cat-carp-fishing-waders-footwear","8":"first","9":"instock","10":"taxable","11":"shipping-taxable","12":"purchasable","13":"product-type-variable","14":"prodpage-classic"},"acf":[],"yoast_head":"<!-- This site is optimized with the Yoast SEO Premium plugin v26.7 (Yoast SEO v26.7) - https:\/\/yoast.com\/wordpress\/plugins\/seo\/ -->\n<title>Tech Slider | Carp Fishing Sliders \u2013 Fortis Eyewear<\/title>\n<meta name=\"description\" content=\"Tech Slider are cushioned sliders for comfort around the swim. Fast-dry strap, easy to slip on, carpy styling.\" \/>\n<meta name=\"robots\" content=\"index, follow, max-snippet:-1, max-image-preview:large, max-video-preview:-1\" \/>\n<link rel=\"canonical\" href=\"https:\/\/fortiseyewear.co.uk\/fr\/produit\/sliders\/\" \/>\n<meta property=\"og:locale\" content=\"fr_FR\" \/>\n<meta property=\"og:type\" content=\"article\" \/>\n<meta property=\"og:title\" content=\"Tech Slider\" \/>\n<meta property=\"og:description\" content=\"Tech Slider are cushioned sliders for comfort around the swim. Fast-dry strap, easy to slip on, carpy styling.\" \/>\n<meta property=\"og:url\" content=\"https:\/\/fortiseyewear.co.uk\/fr\/produit\/sliders\/\" \/>\n<meta property=\"og:site_name\" content=\"Fortis Eyewear\" \/>\n<meta property=\"article:publisher\" content=\"https:\/\/www.facebook.com\/FortisEyewear\" \/>\n<meta property=\"article:modified_time\" content=\"2025-11-21T20:29:05+00:00\" \/>\n<meta property=\"og:image\" content=\"https:\/\/fortiseyewear.co.uk\/wp-content\/uploads\/2022\/06\/SL01-Front.jpg\" \/>\n\t<meta property=\"og:image:width\" content=\"600\" \/>\n\t<meta property=\"og:image:height\" content=\"800\" \/>\n\t<meta property=\"og:image:type\" content=\"image\/jpeg\" \/>\n<meta name=\"twitter:card\" content=\"summary_large_image\" \/>\n<meta name=\"twitter:site\" content=\"@fortiseyewear\" \/>\n<meta name=\"twitter:label1\" content=\"Dur\u00e9e de lecture estim\u00e9e\" \/>\n\t<meta name=\"twitter:data1\" content=\"3 minutes\" \/>\n<!-- \/ Yoast SEO Premium plugin. -->","yoast_head_json":{"title":"Tech Slider | Carp Fishing Sliders \u2013 Fortis Eyewear","description":"Tech Slider are cushioned sliders for comfort around the swim. Fast-dry strap, easy to slip on, carpy styling.","robots":{"index":"index","follow":"follow","max-snippet":"max-snippet:-1","max-image-preview":"max-image-preview:large","max-video-preview":"max-video-preview:-1"},"canonical":"https:\/\/fortiseyewear.co.uk\/fr\/produit\/sliders\/","og_locale":"fr_FR","og_type":"article","og_title":"Tech Slider","og_description":"Tech Slider are cushioned sliders for comfort around the swim. Fast-dry strap, easy to slip on, carpy styling.","og_url":"https:\/\/fortiseyewear.co.uk\/fr\/produit\/sliders\/","og_site_name":"Fortis Eyewear","article_publisher":"https:\/\/www.facebook.com\/FortisEyewear","article_modified_time":"2025-11-21T20:29:05+00:00","og_image":[{"width":600,"height":800,"url":"https:\/\/fortiseyewear.co.uk\/wp-content\/uploads\/2022\/06\/SL01-Front.jpg","type":"image\/jpeg"}],"twitter_card":"summary_large_image","twitter_site":"@fortiseyewear","twitter_misc":{"Dur\u00e9e de lecture estim\u00e9e":"3 minutes"},"schema":{"@context":"https:\/\/schema.org","@graph":[{"@type":"WebPage","@id":"https:\/\/fortiseyewear.co.uk\/product\/sliders\/","url":"https:\/\/fortiseyewear.co.uk\/product\/sliders\/","name":"Tech Slider | Carp Fishing Sliders \u2013 Fortis Eyewear","isPartOf":{"@id":"https:\/\/fortiseyewear.co.uk\/#website"},"primaryImageOfPage":{"@id":"https:\/\/fortiseyewear.co.uk\/product\/sliders\/#primaryimage"},"image":{"@id":"https:\/\/fortiseyewear.co.uk\/product\/sliders\/#primaryimage"},"thumbnailUrl":"https:\/\/fortiseyewear.co.uk\/wp-content\/uploads\/2022\/06\/SL01-Front.jpg","datePublished":"2022-06-09T11:07:54+00:00","dateModified":"2025-11-21T20:29:05+00:00","description":"Tech Slider are cushioned sliders for comfort around the swim. Fast-dry strap, easy to slip on, carpy styling.","breadcrumb":{"@id":"https:\/\/fortiseyewear.co.uk\/product\/sliders\/#breadcrumb"},"inLanguage":"fr-FR","potentialAction":[{"@type":"ReadAction","target":["https:\/\/fortiseyewear.co.uk\/product\/sliders\/"]}]},{"@type":"ImageObject","inLanguage":"fr-FR","@id":"https:\/\/fortiseyewear.co.uk\/product\/sliders\/#primaryimage","url":"https:\/\/fortiseyewear.co.uk\/wp-content\/uploads\/2022\/06\/SL01-Front.jpg","contentUrl":"https:\/\/fortiseyewear.co.uk\/wp-content\/uploads\/2022\/06\/SL01-Front.jpg","width":600,"height":800,"caption":"Fortis Tech Slider"},{"@type":"BreadcrumbList","@id":"https:\/\/fortiseyewear.co.uk\/product\/sliders\/#breadcrumb","itemListElement":[{"@type":"ListItem","position":1,"name":"Home","item":"https:\/\/fortiseyewear.co.uk\/"},{"@type":"ListItem","position":2,"name":"Products","item":"https:\/\/fortiseyewear.co.uk\/products\/"},{"@type":"ListItem","position":3,"name":"Tech Slider"}]},{"@type":"WebSite","@id":"https:\/\/fortiseyewear.co.uk\/#website","url":"https:\/\/fortiseyewear.co.uk\/","name":"Fortis Eyewear","description":"Lunettes de soleil polaris\u00e9es pour la p\u00eache","publisher":{"@id":"https:\/\/fortiseyewear.co.uk\/#organization"},"alternateName":"Fortis","potentialAction":[{"@type":"SearchAction","target":{"@type":"EntryPoint","urlTemplate":"https:\/\/fortiseyewear.co.uk\/?s={search_term_string}"},"query-input":{"@type":"PropertyValueSpecification","valueRequired":true,"valueName":"search_term_string"}}],"inLanguage":"fr-FR"},{"@type":"Organization","@id":"https:\/\/fortiseyewear.co.uk\/#organization","name":"Fortis Eyewear","alternateName":"Fortis","url":"https:\/\/fortiseyewear.co.uk\/","logo":{"@type":"ImageObject","inLanguage":"fr-FR","@id":"https:\/\/fortiseyewear.co.uk\/#\/schema\/logo\/image\/","url":"https:\/\/fortiseyewear.co.uk\/wp-content\/uploads\/2019\/05\/1.FinalLogoMOBILE.jpg","contentUrl":"https:\/\/fortiseyewear.co.uk\/wp-content\/uploads\/2019\/05\/1.FinalLogoMOBILE.jpg","width":766,"height":541,"caption":"Fortis Eyewear"},"image":{"@id":"https:\/\/fortiseyewear.co.uk\/#\/schema\/logo\/image\/"},"sameAs":["https:\/\/www.facebook.com\/FortisEyewear","https:\/\/x.com\/fortiseyewear","https:\/\/www.instagram.com\/FortisEyewear","https:\/\/www.youtube.com\/channel\/UC5uI6lYx37ltUVATG5skJLw"]}]}},"_links":{"self":[{"href":"https:\/\/fortiseyewear.co.uk\/fr\/wp-json\/wp\/v2\/product\/37860","targetHints":{"allow":["GET"]}}],"collection":[{"href":"https:\/\/fortiseyewear.co.uk\/fr\/wp-json\/wp\/v2\/product"}],"about":[{"href":"https:\/\/fortiseyewear.co.uk\/fr\/wp-json\/wp\/v2\/types\/product"}],"wp:featuredmedia":[{"embeddable":true,"href":"https:\/\/fortiseyewear.co.uk\/fr\/wp-json\/wp\/v2\/media\/37867"}],"wp:attachment":[{"href":"https:\/\/fortiseyewear.co.uk\/fr\/wp-json\/wp\/v2\/media?parent=37860"}],"wp:term":[{"taxonomy":"collection","embeddable":true,"href":"https:\/\/fortiseyewear.co.uk\/fr\/wp-json\/wp\/v2\/collection?post=37860"},{"taxonomy":"product_brand","embeddable":true,"href":"https:\/\/fortiseyewear.co.uk\/fr\/wp-json\/wp\/v2\/product_brand?post=37860"},{"taxonomy":"product_cat","embeddable":true,"href":"https:\/\/fortiseyewear.co.uk\/fr\/wp-json\/wp\/v2\/product_cat?post=37860"},{"taxonomy":"product_tag","embeddable":true,"href":"https:\/\/fortiseyewear.co.uk\/fr\/wp-json\/wp\/v2\/product_tag?post=37860"}],"curies":[{"name":"wp","href":"https:\/\/api.w.org\/{rel}","templated":true}]}}