{"id":40011,"date":"2023-03-06T11:17:09","date_gmt":"2023-03-06T11:17:09","guid":{"rendered":"https:\/\/fortiseyewear.co.uk\/?post_type=product&#038;p=40011"},"modified":"2025-11-21T20:18:40","modified_gmt":"2025-11-21T20:18:40","slug":"recce-mug","status":"publish","type":"product","link":"https:\/\/fortiseyewear.co.uk\/fr\/produit\/recce-mug\/","title":{"rendered":"Tasse de reconnaissance"},"content":{"rendered":"<h3><strong>Recce Mug \u2013 Stainless Steel Insulated Fishing Mug<\/strong><\/h3>\n<p>\nThe Recce Mug is a 354ml double-wall stainless steel vacuum-insulated fishing mug with a leakproof lid. Designed by Fortis to keep your drink at the right temperature, it lets you focus on the session, not your brew.\n<\/p>\n<hr \/>\n<h3><strong>Double-Wall Stainless Steel Insulation<\/strong><\/h3>\n<p>\nThe insulated construction helps maintain temperature for hours. Built for life on the bank, the Recce Mug combines robust stainless steel durability with reliable thermal performance.\n<\/p>\n<hr \/>\n<h3><strong>Gardez votre caf\u00e9 chaud ou froid pendant des heures<\/strong><\/h3>\n<p>\nWhether you&#8217;re sipping a hot coffee on a cold morning or reaching for a chilled drink in the midday sun, the Recce Mug has you covered. It keeps drinks hot for around 6\u20138 hours or cold for up to 12, making it a solid companion for day sessions.\n<\/p>\n<hr \/>\n<h3><strong>Cupholder-Friendly Convenience<\/strong><\/h3>\n<p>\nThe Recce Mug is shaped to fit most vehicle cupholders, ideal for early starts and drive-ins where a steady brew is essential before you set up.\n<\/p>\n<hr \/>\n<h3><strong>Qualit\u00e9 et durabilit\u00e9 certifi\u00e9es<\/strong><\/h3>\n<p>\nPair the Recce Mug with our <a href=\"\/fr\/produit\/recce-bottle\/\">Bouteille de reconnaissance<\/a> for a complete flask and mug system. The mug is ISO 9001 certified, BPA-free and fully recyclable. For best results and to preserve the finish, we recommend hand washing only.\n<\/p>\n<hr \/>\n<h3><strong>Caract\u00e9ristiques principales<\/strong><\/h3>\n<ul>\n<li><strong>Double-wall stainless steel<\/strong> \u2013 Robust insulated construction.<\/li>\n<li><strong>Vacuum insulated<\/strong> \u2013 Reliable temperature retention.<\/li>\n<li><strong>Couvercle \u00e9tanche<\/strong> \u2013 Built to travel without spills.<\/li>\n<li><strong>Cupholder-friendly size<\/strong> \u2013 Ideal for use in vehicles.<\/li>\n<li><strong>Certifi\u00e9 ISO 9001<\/strong> \u2013 BPA-free and recyclable.<\/li>\n<\/ul>\n<p><strong>The perfect companion for early morning recces. Stay warmer.<\/strong><\/p>","protected":false},"excerpt":{"rendered":"<h2><em>Mug isotherme en acier inoxydable \u00e0 double paroi<\/em><\/h2>\n<p>Le mug Fortis Recce est un mug isolant sous vide en acier inoxydable de 354 ml avec couvercle \u00e9tanche. Ce mug Recce gardera votre caf\u00e9 chaud pendant 6 \u00e0 8 heures ou gardera les liquides froids pendant 12 heures ! Sa taille adapt\u00e9e au porte-gobelet le rend parfait pour les d\u00e9parts matinaux, lorsqu'un caf\u00e9 est essentiel pour se concentrer sur la session \u00e0 venir. Certifi\u00e9 ISO 9001, sans BPA et recyclable. Laver \u00e0 la main uniquement.<\/p>\n<p><strong>Prix :<\/strong> \u00a314.99<\/p>\n<p><span style=\"color: #ff6600;\"><strong>*Disponible uniquement aupr\u00e8s de nos d\u00e9taillants recommand\u00e9s pour la p\u00eache \u00e0 la ligne<br \/>\n<\/strong><span style=\"color: #000000;\">Visitez notre <a style=\"color: #000000;\" href=\"\/fr\/stockists\/\">Stockistes<\/a> page.<\/span><\/span><\/p>","protected":false},"featured_media":40015,"template":"","meta":{"_acf_changed":false},"collection":[1429],"product_brand":[],"product_cat":[575],"product_tag":[],"class_list":{"0":"post-40011","1":"product","2":"type-product","3":"status-publish","4":"has-post-thumbnail","6":"collection-recce","7":"product_cat-carp-fishing-luggage-accessories","9":"first","10":"instock","11":"taxable","12":"shipping-taxable","13":"purchasable","14":"product-type-simple","15":"prodpage-classic"},"acf":[],"yoast_head":"<!-- This site is optimized with the Yoast SEO Premium plugin v26.7 (Yoast SEO v26.7) - https:\/\/yoast.com\/wordpress\/plugins\/seo\/ -->\n<title>Recce Mug | Carp Fishing Mug \u2013 Fortis Eyewear<\/title>\n<meta name=\"description\" content=\"Recce Mug is a 354ml stainless insulated bankside mug with a leakproof lid. Keeps brews hot for hours or cold all day. Cupholder friendly and BPA free.\" \/>\n<meta name=\"robots\" content=\"index, follow, max-snippet:-1, max-image-preview:large, max-video-preview:-1\" \/>\n<link rel=\"canonical\" href=\"https:\/\/fortiseyewear.co.uk\/fr\/produit\/recce-mug\/\" \/>\n<meta property=\"og:locale\" content=\"fr_FR\" \/>\n<meta property=\"og:type\" content=\"article\" \/>\n<meta property=\"og:title\" content=\"Recce Mug\" \/>\n<meta property=\"og:description\" content=\"Recce Mug is a 354ml stainless insulated bankside mug with a leakproof lid. Keeps brews hot for hours or cold all day. Cupholder friendly and BPA free.\" \/>\n<meta property=\"og:url\" content=\"https:\/\/fortiseyewear.co.uk\/fr\/produit\/recce-mug\/\" \/>\n<meta property=\"og:site_name\" content=\"Fortis Eyewear\" \/>\n<meta property=\"article:publisher\" content=\"https:\/\/www.facebook.com\/FortisEyewear\" \/>\n<meta property=\"article:modified_time\" content=\"2025-11-21T20:18:40+00:00\" \/>\n<meta property=\"og:image\" content=\"https:\/\/fortiseyewear.co.uk\/wp-content\/uploads\/2023\/03\/RMG01-Front.jpg\" \/>\n\t<meta property=\"og:image:width\" content=\"600\" \/>\n\t<meta property=\"og:image:height\" content=\"800\" \/>\n\t<meta property=\"og:image:type\" content=\"image\/jpeg\" \/>\n<meta name=\"twitter:card\" content=\"summary_large_image\" \/>\n<meta name=\"twitter:site\" content=\"@fortiseyewear\" \/>\n<meta name=\"twitter:label1\" content=\"Dur\u00e9e de lecture estim\u00e9e\" \/>\n\t<meta name=\"twitter:data1\" content=\"3 minutes\" \/>\n<!-- \/ Yoast SEO Premium plugin. -->","yoast_head_json":{"title":"Recce Mug | Carp Fishing Mug \u2013 Fortis Eyewear","description":"Recce Mug is a 354ml stainless insulated bankside mug with a leakproof lid. Keeps brews hot for hours or cold all day. Cupholder friendly and BPA free.","robots":{"index":"index","follow":"follow","max-snippet":"max-snippet:-1","max-image-preview":"max-image-preview:large","max-video-preview":"max-video-preview:-1"},"canonical":"https:\/\/fortiseyewear.co.uk\/fr\/produit\/recce-mug\/","og_locale":"fr_FR","og_type":"article","og_title":"Recce Mug","og_description":"Recce Mug is a 354ml stainless insulated bankside mug with a leakproof lid. Keeps brews hot for hours or cold all day. Cupholder friendly and BPA free.","og_url":"https:\/\/fortiseyewear.co.uk\/fr\/produit\/recce-mug\/","og_site_name":"Fortis Eyewear","article_publisher":"https:\/\/www.facebook.com\/FortisEyewear","article_modified_time":"2025-11-21T20:18:40+00:00","og_image":[{"width":600,"height":800,"url":"https:\/\/fortiseyewear.co.uk\/wp-content\/uploads\/2023\/03\/RMG01-Front.jpg","type":"image\/jpeg"}],"twitter_card":"summary_large_image","twitter_site":"@fortiseyewear","twitter_misc":{"Dur\u00e9e de lecture estim\u00e9e":"3 minutes"},"schema":{"@context":"https:\/\/schema.org","@graph":[{"@type":"WebPage","@id":"https:\/\/fortiseyewear.co.uk\/product\/recce-mug\/","url":"https:\/\/fortiseyewear.co.uk\/product\/recce-mug\/","name":"Recce Mug | Carp Fishing Mug \u2013 Fortis Eyewear","isPartOf":{"@id":"https:\/\/fortiseyewear.co.uk\/#website"},"primaryImageOfPage":{"@id":"https:\/\/fortiseyewear.co.uk\/product\/recce-mug\/#primaryimage"},"image":{"@id":"https:\/\/fortiseyewear.co.uk\/product\/recce-mug\/#primaryimage"},"thumbnailUrl":"https:\/\/fortiseyewear.co.uk\/wp-content\/uploads\/2023\/03\/RMG01-Front.jpg","datePublished":"2023-03-06T11:17:09+00:00","dateModified":"2025-11-21T20:18:40+00:00","description":"Recce Mug is a 354ml stainless insulated bankside mug with a leakproof lid. Keeps brews hot for hours or cold all day. Cupholder friendly and BPA free.","breadcrumb":{"@id":"https:\/\/fortiseyewear.co.uk\/product\/recce-mug\/#breadcrumb"},"inLanguage":"fr-FR","potentialAction":[{"@type":"ReadAction","target":["https:\/\/fortiseyewear.co.uk\/product\/recce-mug\/"]}]},{"@type":"ImageObject","inLanguage":"fr-FR","@id":"https:\/\/fortiseyewear.co.uk\/product\/recce-mug\/#primaryimage","url":"https:\/\/fortiseyewear.co.uk\/wp-content\/uploads\/2023\/03\/RMG01-Front.jpg","contentUrl":"https:\/\/fortiseyewear.co.uk\/wp-content\/uploads\/2023\/03\/RMG01-Front.jpg","width":600,"height":800,"caption":"Fortis Recce Mug"},{"@type":"BreadcrumbList","@id":"https:\/\/fortiseyewear.co.uk\/product\/recce-mug\/#breadcrumb","itemListElement":[{"@type":"ListItem","position":1,"name":"Home","item":"https:\/\/fortiseyewear.co.uk\/"},{"@type":"ListItem","position":2,"name":"Products","item":"https:\/\/fortiseyewear.co.uk\/products\/"},{"@type":"ListItem","position":3,"name":"Recce Mug"}]},{"@type":"WebSite","@id":"https:\/\/fortiseyewear.co.uk\/#website","url":"https:\/\/fortiseyewear.co.uk\/","name":"Fortis Eyewear","description":"Lunettes de soleil polaris\u00e9es pour la p\u00eache","publisher":{"@id":"https:\/\/fortiseyewear.co.uk\/#organization"},"alternateName":"Fortis","potentialAction":[{"@type":"SearchAction","target":{"@type":"EntryPoint","urlTemplate":"https:\/\/fortiseyewear.co.uk\/?s={search_term_string}"},"query-input":{"@type":"PropertyValueSpecification","valueRequired":true,"valueName":"search_term_string"}}],"inLanguage":"fr-FR"},{"@type":"Organization","@id":"https:\/\/fortiseyewear.co.uk\/#organization","name":"Fortis Eyewear","alternateName":"Fortis","url":"https:\/\/fortiseyewear.co.uk\/","logo":{"@type":"ImageObject","inLanguage":"fr-FR","@id":"https:\/\/fortiseyewear.co.uk\/#\/schema\/logo\/image\/","url":"https:\/\/fortiseyewear.co.uk\/wp-content\/uploads\/2019\/05\/1.FinalLogoMOBILE.jpg","contentUrl":"https:\/\/fortiseyewear.co.uk\/wp-content\/uploads\/2019\/05\/1.FinalLogoMOBILE.jpg","width":766,"height":541,"caption":"Fortis Eyewear"},"image":{"@id":"https:\/\/fortiseyewear.co.uk\/#\/schema\/logo\/image\/"},"sameAs":["https:\/\/www.facebook.com\/FortisEyewear","https:\/\/x.com\/fortiseyewear","https:\/\/www.instagram.com\/FortisEyewear","https:\/\/www.youtube.com\/channel\/UC5uI6lYx37ltUVATG5skJLw"]}]}},"_links":{"self":[{"href":"https:\/\/fortiseyewear.co.uk\/fr\/wp-json\/wp\/v2\/product\/40011","targetHints":{"allow":["GET"]}}],"collection":[{"href":"https:\/\/fortiseyewear.co.uk\/fr\/wp-json\/wp\/v2\/product"}],"about":[{"href":"https:\/\/fortiseyewear.co.uk\/fr\/wp-json\/wp\/v2\/types\/product"}],"wp:featuredmedia":[{"embeddable":true,"href":"https:\/\/fortiseyewear.co.uk\/fr\/wp-json\/wp\/v2\/media\/40015"}],"wp:attachment":[{"href":"https:\/\/fortiseyewear.co.uk\/fr\/wp-json\/wp\/v2\/media?parent=40011"}],"wp:term":[{"taxonomy":"collection","embeddable":true,"href":"https:\/\/fortiseyewear.co.uk\/fr\/wp-json\/wp\/v2\/collection?post=40011"},{"taxonomy":"product_brand","embeddable":true,"href":"https:\/\/fortiseyewear.co.uk\/fr\/wp-json\/wp\/v2\/product_brand?post=40011"},{"taxonomy":"product_cat","embeddable":true,"href":"https:\/\/fortiseyewear.co.uk\/fr\/wp-json\/wp\/v2\/product_cat?post=40011"},{"taxonomy":"product_tag","embeddable":true,"href":"https:\/\/fortiseyewear.co.uk\/fr\/wp-json\/wp\/v2\/product_tag?post=40011"}],"curies":[{"name":"wp","href":"https:\/\/api.w.org\/{rel}","templated":true}]}}