{"id":43962,"date":"2024-07-19T09:21:26","date_gmt":"2024-07-19T09:21:26","guid":{"rendered":"https:\/\/fortiseyewear.co.uk\/?post_type=product&#038;p=43962"},"modified":"2025-11-21T19:54:00","modified_gmt":"2025-11-21T19:54:00","slug":"t-shirt-see-deeper-psychedelic","status":"publish","type":"product","link":"https:\/\/fortiseyewear.co.uk\/fr\/produit\/t-shirt-see-deeper-psychedelic\/","title":{"rendered":"T-Shirt See Deeper Psychedelic"},"content":{"rendered":"<h3><strong>T-shirt de p\u00eache \u00e0 la carpe en \u00e9dition limit\u00e9e : Tee-shirts de p\u00eache haut de gamme<\/strong><\/h3>\n<p>\nOur new See Deeper T-Shirt takes a psychedelic stance for the new season. A premium piece of fishing clothing designed with the modern angler in mind. Made from 190gsm heavyweight 100% cotton jersey, this T-shirt guarantees comfort during long hours by the water.\n<\/p>\n<hr \/>\n<h3><strong>Une construction de qualit\u00e9 pour un confort maximal<\/strong><\/h3>\n<p>\nCrafted from heavyweight 100% cotton jersey, the See Deeper Tee provides a soft, comfortable feel with dependable durability. Ideal for everyday wear on and off the bank.\n<\/p>\n<hr \/>\n<h3><strong>Caract\u00e9ristiques fonctionnelles pour le p\u00eacheur pratique<\/strong><\/h3>\n<p>\nThis T-shirt features a relaxed fit with a classic woven Fortis label on the sleeve \u2014 a clean, understated detail that complements the garment\u2019s natural style.\n<\/p>\n<hr \/>\n<h3><strong>Coupe surdimensionn\u00e9e pour un mouvement sans restriction<\/strong><\/h3>\n<p>\nCut with a relaxed fit, the Realtree Short Sleeve T-Shirt allows for full freedom of movement, making it ideal for active sessions or casual wear.\n<\/p>\n<hr \/>\n<h3><strong>Caract\u00e9ristiques principales<\/strong><\/h3>\n<ul>\n<li><strong>190gsm Heavyweight 100% Cotton Jersey<\/strong> \u2013 Premium comfort and durability.<\/li>\n<li><strong>Classic Fortis Woven Sleeve Label<\/strong> \u2013 Understated branding.<\/li>\n<li><strong>Relaxed Fit<\/strong> \u2013 Designed for unrestricted movement.<\/li>\n<li><strong>See Deeper Artwork<\/strong> \u2013 A bold look for the new season.<\/li>\n<\/ul>","protected":false},"excerpt":{"rendered":"<h2><em>A Premium Short Sleeve See Deeper T-Shirt<\/em><\/h2>\n<p>Le slogan See Deeper, largement reconnu, prend une tournure psych\u00e9d\u00e9lique pour l'\u00e9t\u00e9. Ce T-shirt en \u00e9dition limit\u00e9e est fabriqu\u00e9 dans un coton plus \u00e9pais de 190 g\/m et a une coupe d\u00e9contract\u00e9e pour un confort ultime lorsque vous vous d\u00e9tendez pour voir plus loin, pas seulement dans les profondeurs du lac, mais dans la dimension suivante. Les num\u00e9ros sont strictement limit\u00e9s, une fois qu'ils sont partis, ils sont partis !<\/p>\n<p><strong>Chaleur :<\/strong> [rating stars=\"1.0\"]<br \/>\n<strong>L\u00e9ger :<\/strong> [rating stars=\"4.0\"]<br \/>\n<strong>Protection de l'eau :<\/strong> [rating stars=\"0.0\"]<br \/>\n<strong>Respirabilit\u00e9 :<\/strong> [rating stars=\"3.0\"]<\/p>\n<p>Pour plus d'informations, consultez notre site <a href=\"\/fr\/clothing-guide\/\">Guide de l'habillement<\/a>.<br \/>\nInstructions de lavage sur le v\u00eatement.<\/p>\n<p><strong>Prix :<\/strong> \u00a324.99<\/p>\n<p><strong>*Disponible uniquement chez les d\u00e9taillants de p\u00eache \u00e0 la ligne que nous recommandons.<\/strong><br \/>\nVisitez notre <a href=\"https:\/\/fortiseyewear.co.uk\/fr\/stockists\/\">STOCKISTS<\/a> page.<\/p>","protected":false},"featured_media":43961,"template":"","meta":{"_acf_changed":false},"collection":[],"product_brand":[],"product_cat":[557],"product_tag":[],"class_list":{"0":"post-43962","1":"product","2":"type-product","3":"status-publish","4":"has-post-thumbnail","6":"product_cat-carp-fishing-clothing","8":"first","9":"instock","10":"taxable","11":"shipping-taxable","12":"purchasable","13":"product-type-variable","14":"prodpage-classic"},"acf":[],"yoast_head":"<!-- This site is optimized with the Yoast SEO Premium plugin v26.7 (Yoast SEO v26.7) - https:\/\/yoast.com\/wordpress\/plugins\/seo\/ -->\n<title>See Deeper T-Shirt Psychedelic | Performance Fishing Clothing \u2013 Fortis Eyewear<\/title>\n<meta name=\"description\" content=\"T-Shirt See Deeper Psychedelic is a limited edition Fortis graphic tee. 190gsm cotton with a relaxed fit for summer comfort. Once it\u2019s gone, it\u2019s gone.\" \/>\n<meta name=\"robots\" content=\"index, follow, max-snippet:-1, max-image-preview:large, max-video-preview:-1\" \/>\n<link rel=\"canonical\" href=\"https:\/\/fortiseyewear.co.uk\/fr\/produit\/t-shirt-see-deeper-psychedelic\/\" \/>\n<meta property=\"og:locale\" content=\"fr_FR\" \/>\n<meta property=\"og:type\" content=\"article\" \/>\n<meta property=\"og:title\" content=\"T-Shirt See Deeper Psychedelic\" \/>\n<meta property=\"og:description\" content=\"T-Shirt See Deeper Psychedelic is a limited edition Fortis graphic tee. 190gsm cotton with a relaxed fit for summer comfort. Once it\u2019s gone, it\u2019s gone.\" \/>\n<meta property=\"og:url\" content=\"https:\/\/fortiseyewear.co.uk\/fr\/produit\/t-shirt-see-deeper-psychedelic\/\" \/>\n<meta property=\"og:site_name\" content=\"Fortis Eyewear\" \/>\n<meta property=\"article:publisher\" content=\"https:\/\/www.facebook.com\/FortisEyewear\" \/>\n<meta property=\"article:modified_time\" content=\"2025-11-21T19:54:00+00:00\" \/>\n<meta property=\"og:image\" content=\"https:\/\/fortiseyewear.co.uk\/wp-content\/uploads\/2024\/07\/PSYCH01-Front.jpg\" \/>\n\t<meta property=\"og:image:width\" content=\"600\" \/>\n\t<meta property=\"og:image:height\" content=\"800\" \/>\n\t<meta property=\"og:image:type\" content=\"image\/jpeg\" \/>\n<meta name=\"twitter:card\" content=\"summary_large_image\" \/>\n<meta name=\"twitter:site\" content=\"@fortiseyewear\" \/>\n<meta name=\"twitter:label1\" content=\"Dur\u00e9e de lecture estim\u00e9e\" \/>\n\t<meta name=\"twitter:data1\" content=\"2 minutes\" \/>\n<!-- \/ Yoast SEO Premium plugin. -->","yoast_head_json":{"title":"See Deeper T-Shirt Psychedelic | Performance Fishing Clothing \u2013 Fortis Eyewear","description":"T-Shirt See Deeper Psychedelic is a limited edition Fortis graphic tee. 190gsm cotton with a relaxed fit for summer comfort. Once it\u2019s gone, it\u2019s gone.","robots":{"index":"index","follow":"follow","max-snippet":"max-snippet:-1","max-image-preview":"max-image-preview:large","max-video-preview":"max-video-preview:-1"},"canonical":"https:\/\/fortiseyewear.co.uk\/fr\/produit\/t-shirt-see-deeper-psychedelic\/","og_locale":"fr_FR","og_type":"article","og_title":"T-Shirt See Deeper Psychedelic","og_description":"T-Shirt See Deeper Psychedelic is a limited edition Fortis graphic tee. 190gsm cotton with a relaxed fit for summer comfort. Once it\u2019s gone, it\u2019s gone.","og_url":"https:\/\/fortiseyewear.co.uk\/fr\/produit\/t-shirt-see-deeper-psychedelic\/","og_site_name":"Fortis Eyewear","article_publisher":"https:\/\/www.facebook.com\/FortisEyewear","article_modified_time":"2025-11-21T19:54:00+00:00","og_image":[{"width":600,"height":800,"url":"https:\/\/fortiseyewear.co.uk\/wp-content\/uploads\/2024\/07\/PSYCH01-Front.jpg","type":"image\/jpeg"}],"twitter_card":"summary_large_image","twitter_site":"@fortiseyewear","twitter_misc":{"Dur\u00e9e de lecture estim\u00e9e":"2 minutes"},"schema":{"@context":"https:\/\/schema.org","@graph":[{"@type":"WebPage","@id":"https:\/\/fortiseyewear.co.uk\/product\/t-shirt-see-deeper-psychedelic\/","url":"https:\/\/fortiseyewear.co.uk\/product\/t-shirt-see-deeper-psychedelic\/","name":"See Deeper T-Shirt Psychedelic | Performance Fishing Clothing \u2013 Fortis Eyewear","isPartOf":{"@id":"https:\/\/fortiseyewear.co.uk\/#website"},"primaryImageOfPage":{"@id":"https:\/\/fortiseyewear.co.uk\/product\/t-shirt-see-deeper-psychedelic\/#primaryimage"},"image":{"@id":"https:\/\/fortiseyewear.co.uk\/product\/t-shirt-see-deeper-psychedelic\/#primaryimage"},"thumbnailUrl":"https:\/\/fortiseyewear.co.uk\/wp-content\/uploads\/2024\/07\/PSYCH01-Front.jpg","datePublished":"2024-07-19T09:21:26+00:00","dateModified":"2025-11-21T19:54:00+00:00","description":"T-Shirt See Deeper Psychedelic is a limited edition Fortis graphic tee. 190gsm cotton with a relaxed fit for summer comfort. Once it\u2019s gone, it\u2019s gone.","breadcrumb":{"@id":"https:\/\/fortiseyewear.co.uk\/product\/t-shirt-see-deeper-psychedelic\/#breadcrumb"},"inLanguage":"fr-FR","potentialAction":[{"@type":"ReadAction","target":["https:\/\/fortiseyewear.co.uk\/product\/t-shirt-see-deeper-psychedelic\/"]}]},{"@type":"ImageObject","inLanguage":"fr-FR","@id":"https:\/\/fortiseyewear.co.uk\/product\/t-shirt-see-deeper-psychedelic\/#primaryimage","url":"https:\/\/fortiseyewear.co.uk\/wp-content\/uploads\/2024\/07\/PSYCH01-Front.jpg","contentUrl":"https:\/\/fortiseyewear.co.uk\/wp-content\/uploads\/2024\/07\/PSYCH01-Front.jpg","width":600,"height":800,"caption":"Fortis See Deeper T-Shirt 2024 Psychedelic"},{"@type":"BreadcrumbList","@id":"https:\/\/fortiseyewear.co.uk\/product\/t-shirt-see-deeper-psychedelic\/#breadcrumb","itemListElement":[{"@type":"ListItem","position":1,"name":"Home","item":"https:\/\/fortiseyewear.co.uk\/"},{"@type":"ListItem","position":2,"name":"Products","item":"https:\/\/fortiseyewear.co.uk\/products\/"},{"@type":"ListItem","position":3,"name":"T-Shirt See Deeper Psychedelic"}]},{"@type":"WebSite","@id":"https:\/\/fortiseyewear.co.uk\/#website","url":"https:\/\/fortiseyewear.co.uk\/","name":"Fortis Eyewear","description":"Lunettes de soleil polaris\u00e9es pour la p\u00eache","publisher":{"@id":"https:\/\/fortiseyewear.co.uk\/#organization"},"alternateName":"Fortis","potentialAction":[{"@type":"SearchAction","target":{"@type":"EntryPoint","urlTemplate":"https:\/\/fortiseyewear.co.uk\/?s={search_term_string}"},"query-input":{"@type":"PropertyValueSpecification","valueRequired":true,"valueName":"search_term_string"}}],"inLanguage":"fr-FR"},{"@type":"Organization","@id":"https:\/\/fortiseyewear.co.uk\/#organization","name":"Fortis Eyewear","alternateName":"Fortis","url":"https:\/\/fortiseyewear.co.uk\/","logo":{"@type":"ImageObject","inLanguage":"fr-FR","@id":"https:\/\/fortiseyewear.co.uk\/#\/schema\/logo\/image\/","url":"https:\/\/fortiseyewear.co.uk\/wp-content\/uploads\/2019\/05\/1.FinalLogoMOBILE.jpg","contentUrl":"https:\/\/fortiseyewear.co.uk\/wp-content\/uploads\/2019\/05\/1.FinalLogoMOBILE.jpg","width":766,"height":541,"caption":"Fortis Eyewear"},"image":{"@id":"https:\/\/fortiseyewear.co.uk\/#\/schema\/logo\/image\/"},"sameAs":["https:\/\/www.facebook.com\/FortisEyewear","https:\/\/x.com\/fortiseyewear","https:\/\/www.instagram.com\/FortisEyewear","https:\/\/www.youtube.com\/channel\/UC5uI6lYx37ltUVATG5skJLw"]}]}},"_links":{"self":[{"href":"https:\/\/fortiseyewear.co.uk\/fr\/wp-json\/wp\/v2\/product\/43962","targetHints":{"allow":["GET"]}}],"collection":[{"href":"https:\/\/fortiseyewear.co.uk\/fr\/wp-json\/wp\/v2\/product"}],"about":[{"href":"https:\/\/fortiseyewear.co.uk\/fr\/wp-json\/wp\/v2\/types\/product"}],"wp:featuredmedia":[{"embeddable":true,"href":"https:\/\/fortiseyewear.co.uk\/fr\/wp-json\/wp\/v2\/media\/43961"}],"wp:attachment":[{"href":"https:\/\/fortiseyewear.co.uk\/fr\/wp-json\/wp\/v2\/media?parent=43962"}],"wp:term":[{"taxonomy":"collection","embeddable":true,"href":"https:\/\/fortiseyewear.co.uk\/fr\/wp-json\/wp\/v2\/collection?post=43962"},{"taxonomy":"product_brand","embeddable":true,"href":"https:\/\/fortiseyewear.co.uk\/fr\/wp-json\/wp\/v2\/product_brand?post=43962"},{"taxonomy":"product_cat","embeddable":true,"href":"https:\/\/fortiseyewear.co.uk\/fr\/wp-json\/wp\/v2\/product_cat?post=43962"},{"taxonomy":"product_tag","embeddable":true,"href":"https:\/\/fortiseyewear.co.uk\/fr\/wp-json\/wp\/v2\/product_tag?post=43962"}],"curies":[{"name":"wp","href":"https:\/\/api.w.org\/{rel}","templated":true}]}}