{"id":46263,"date":"2024-10-15T10:53:15","date_gmt":"2024-10-15T10:53:15","guid":{"rendered":"https:\/\/fortiseyewear.co.uk\/?post_type=product&#038;p=46263"},"modified":"2025-11-21T19:51:17","modified_gmt":"2025-11-21T19:51:17","slug":"recce-mini-milk","status":"publish","type":"product","link":"https:\/\/fortiseyewear.co.uk\/fr\/produit\/recce-mini-milk\/","title":{"rendered":"Recce Mini Milk"},"content":{"rendered":"<h3><strong>Bouteille isotherme en acier inoxydable \u00e0 double paroi pour le lait - 354ml<\/strong><\/h3>\n<p>\nSay goodbye to spoilt milk, waste and unnecessary plastic. The <strong>Mini-lait<\/strong> is the ideal solution for keeping milk fresh for your brews, whether at home or on the go. This <strong>Bouteille isol\u00e9e sous vide en acier inoxydable de 354 ml<\/strong> features a leak-proof lid and keeps liquids cold for up to 24 hours or hot for up to 12 hours.\n<\/p>\n<hr \/>\n<h3><strong>Du lait frais sur le pouce : Gardez-le au froid pendant 24 heures<\/strong><\/h3>\n<p>\nDesigned to maintain temperature for extended periods, the Mini Milk ensures your milk stays fresh and ready to use throughout the day \u2014 perfect for anglers, commuters and anyone who wants reliable freshness wherever they are.\n<\/p>\n<hr \/>\n<h3><strong>Verser sans effort gr\u00e2ce au couvercle \u00e0 large col<\/strong><\/h3>\n<p>\nThe wide-neck, easy-pour lid makes decanting simple and efficient. Ideal for preparing hot drinks quickly, whether you&#8217;re making coffee, tea or anything requiring fresh milk on demand.\n<\/p>\n<hr \/>\n<h3><strong>Durable et s\u00fbr<\/strong><\/h3>\n<p>\nConstructed from durable stainless steel, the bottle is <strong>Certifi\u00e9 ISO 9001<\/strong>, <strong>Sans BPA<\/strong> et <strong>fully recyclable<\/strong>. It provides a long-lasting, environmentally responsible alternative to disposable plastic. Please note: hand wash only.\n<\/p>\n<hr \/>\n<h3><strong>Caract\u00e9ristiques du produit<\/strong><\/h3>\n<ul>\n<li><strong>Capacity:<\/strong> 354ml<\/li>\n<li><strong>Temperature Retention:<\/strong> Keeps liquids cold for 24 hours or hot for 12 hours<\/li>\n<li><strong>Leak-Proof Design<\/strong> for reliable transport<\/li>\n<li><strong>Wide-Neck Lid<\/strong> for easy pouring<\/li>\n<li><strong>ISO 9001 Certified &#038; BPA-Free<\/strong><\/li>\n<li><strong>Recyclable Stainless Steel<\/strong><\/li>\n<li><strong>Hand Wash Only<\/strong><\/li>\n<\/ul>","protected":false},"excerpt":{"rendered":"<h2><em>Bouteille isotherme en acier inoxydable \u00e0 double paroi<\/em><\/h2>\n<p>Fini le lait g\u00e2ch\u00e9. Fini le gaspillage. Fini le plastique. Plus de course \u00e0 la station-service !<\/p>\n<p>La Mini Milk est une bouteille isol\u00e9e sous vide en acier inoxydable de 354 ml avec un couvercle \u00e9tanche, parfaite pour conserver le lait pour vos infusions. Cette bouteille gardera vos liquides froids pendant 24 heures ou, si vous pr\u00e9f\u00e9rez, vos liquides chauds pendant 12 heures. Avec un couvercle \u00e0 large col facile \u00e0 verser, vous pouvez sans effort transvaser votre lait \u00e0 la maison en pr\u00e9paration de votre session \u00e0 venir. Certifi\u00e9 ISO 9001, sans BPA et recyclable. Laver \u00e0 la main uniquement.<\/p>\n<p><strong>Prix :<\/strong> \u00a314.99<\/p>\n<p><span style=\"color: #ff6600;\"><strong>*Disponible uniquement aupr\u00e8s de nos d\u00e9taillants recommand\u00e9s pour la p\u00eache \u00e0 la ligne<br \/>\n<\/strong><span style=\"color: #000000;\">Visitez notre <a style=\"color: #000000;\" href=\"\/fr\/stockists\/\">Stockistes<\/a> page.<\/span><\/span><\/p>","protected":false},"featured_media":46266,"template":"","meta":{"_acf_changed":false},"collection":[1429],"product_brand":[],"product_cat":[575],"product_tag":[],"class_list":{"0":"post-46263","1":"product","2":"type-product","3":"status-publish","4":"has-post-thumbnail","6":"collection-recce","7":"product_cat-carp-fishing-luggage-accessories","9":"first","10":"instock","11":"taxable","12":"shipping-taxable","13":"purchasable","14":"product-type-simple","15":"prodpage-classic"},"acf":[],"yoast_head":"<!-- This site is optimized with the Yoast SEO Premium plugin v26.7 (Yoast SEO v26.7) - https:\/\/yoast.com\/wordpress\/plugins\/seo\/ -->\n<title>Recce Mini Milk | Carp Fishing Accessories \u2013 Fortis Eyewear<\/title>\n<meta name=\"description\" content=\"Recce Mini Milk is an insulated mini milk bottle for proper brews on the bank. Keeps milk fresh in your brew kit all session.\" \/>\n<meta name=\"robots\" content=\"index, follow, max-snippet:-1, max-image-preview:large, max-video-preview:-1\" \/>\n<link rel=\"canonical\" href=\"https:\/\/fortiseyewear.co.uk\/fr\/produit\/recce-mini-milk\/\" \/>\n<meta property=\"og:locale\" content=\"fr_FR\" \/>\n<meta property=\"og:type\" content=\"article\" \/>\n<meta property=\"og:title\" content=\"Recce Mini Milk\" \/>\n<meta property=\"og:description\" content=\"Recce Mini Milk is an insulated mini milk bottle for proper brews on the bank. Keeps milk fresh in your brew kit all session.\" \/>\n<meta property=\"og:url\" content=\"https:\/\/fortiseyewear.co.uk\/fr\/produit\/recce-mini-milk\/\" \/>\n<meta property=\"og:site_name\" content=\"Fortis Eyewear\" \/>\n<meta property=\"article:publisher\" content=\"https:\/\/www.facebook.com\/FortisEyewear\" \/>\n<meta property=\"article:modified_time\" content=\"2025-11-21T19:51:17+00:00\" \/>\n<meta property=\"og:image\" content=\"https:\/\/fortiseyewear.co.uk\/wp-content\/uploads\/2024\/10\/RMM01.jpg\" \/>\n\t<meta property=\"og:image:width\" content=\"600\" \/>\n\t<meta property=\"og:image:height\" content=\"800\" \/>\n\t<meta property=\"og:image:type\" content=\"image\/jpeg\" \/>\n<meta name=\"twitter:card\" content=\"summary_large_image\" \/>\n<meta name=\"twitter:site\" content=\"@fortiseyewear\" \/>\n<meta name=\"twitter:label1\" content=\"Dur\u00e9e de lecture estim\u00e9e\" \/>\n\t<meta name=\"twitter:data1\" content=\"1 minute\" \/>\n<!-- \/ Yoast SEO Premium plugin. -->","yoast_head_json":{"title":"Recce Mini Milk | Carp Fishing Accessories \u2013 Fortis Eyewear","description":"Recce Mini Milk is an insulated mini milk bottle for proper brews on the bank. Keeps milk fresh in your brew kit all session.","robots":{"index":"index","follow":"follow","max-snippet":"max-snippet:-1","max-image-preview":"max-image-preview:large","max-video-preview":"max-video-preview:-1"},"canonical":"https:\/\/fortiseyewear.co.uk\/fr\/produit\/recce-mini-milk\/","og_locale":"fr_FR","og_type":"article","og_title":"Recce Mini Milk","og_description":"Recce Mini Milk is an insulated mini milk bottle for proper brews on the bank. Keeps milk fresh in your brew kit all session.","og_url":"https:\/\/fortiseyewear.co.uk\/fr\/produit\/recce-mini-milk\/","og_site_name":"Fortis Eyewear","article_publisher":"https:\/\/www.facebook.com\/FortisEyewear","article_modified_time":"2025-11-21T19:51:17+00:00","og_image":[{"width":600,"height":800,"url":"https:\/\/fortiseyewear.co.uk\/wp-content\/uploads\/2024\/10\/RMM01.jpg","type":"image\/jpeg"}],"twitter_card":"summary_large_image","twitter_site":"@fortiseyewear","twitter_misc":{"Dur\u00e9e de lecture estim\u00e9e":"1 minute"},"schema":{"@context":"https:\/\/schema.org","@graph":[{"@type":"WebPage","@id":"https:\/\/fortiseyewear.co.uk\/product\/recce-mini-milk\/","url":"https:\/\/fortiseyewear.co.uk\/product\/recce-mini-milk\/","name":"Recce Mini Milk | Carp Fishing Accessories \u2013 Fortis Eyewear","isPartOf":{"@id":"https:\/\/fortiseyewear.co.uk\/#website"},"primaryImageOfPage":{"@id":"https:\/\/fortiseyewear.co.uk\/product\/recce-mini-milk\/#primaryimage"},"image":{"@id":"https:\/\/fortiseyewear.co.uk\/product\/recce-mini-milk\/#primaryimage"},"thumbnailUrl":"https:\/\/fortiseyewear.co.uk\/wp-content\/uploads\/2024\/10\/RMM01.jpg","datePublished":"2024-10-15T10:53:15+00:00","dateModified":"2025-11-21T19:51:17+00:00","description":"Recce Mini Milk is an insulated mini milk bottle for proper brews on the bank. Keeps milk fresh in your brew kit all session.","breadcrumb":{"@id":"https:\/\/fortiseyewear.co.uk\/product\/recce-mini-milk\/#breadcrumb"},"inLanguage":"fr-FR","potentialAction":[{"@type":"ReadAction","target":["https:\/\/fortiseyewear.co.uk\/product\/recce-mini-milk\/"]}]},{"@type":"ImageObject","inLanguage":"fr-FR","@id":"https:\/\/fortiseyewear.co.uk\/product\/recce-mini-milk\/#primaryimage","url":"https:\/\/fortiseyewear.co.uk\/wp-content\/uploads\/2024\/10\/RMM01.jpg","contentUrl":"https:\/\/fortiseyewear.co.uk\/wp-content\/uploads\/2024\/10\/RMM01.jpg","width":600,"height":800,"caption":"Fortis Recce Mini Milk Bottle"},{"@type":"BreadcrumbList","@id":"https:\/\/fortiseyewear.co.uk\/product\/recce-mini-milk\/#breadcrumb","itemListElement":[{"@type":"ListItem","position":1,"name":"Home","item":"https:\/\/fortiseyewear.co.uk\/"},{"@type":"ListItem","position":2,"name":"Products","item":"https:\/\/fortiseyewear.co.uk\/products\/"},{"@type":"ListItem","position":3,"name":"Recce Mini Milk"}]},{"@type":"WebSite","@id":"https:\/\/fortiseyewear.co.uk\/#website","url":"https:\/\/fortiseyewear.co.uk\/","name":"Fortis Eyewear","description":"Lunettes de soleil polaris\u00e9es pour la p\u00eache","publisher":{"@id":"https:\/\/fortiseyewear.co.uk\/#organization"},"alternateName":"Fortis","potentialAction":[{"@type":"SearchAction","target":{"@type":"EntryPoint","urlTemplate":"https:\/\/fortiseyewear.co.uk\/?s={search_term_string}"},"query-input":{"@type":"PropertyValueSpecification","valueRequired":true,"valueName":"search_term_string"}}],"inLanguage":"fr-FR"},{"@type":"Organization","@id":"https:\/\/fortiseyewear.co.uk\/#organization","name":"Fortis Eyewear","alternateName":"Fortis","url":"https:\/\/fortiseyewear.co.uk\/","logo":{"@type":"ImageObject","inLanguage":"fr-FR","@id":"https:\/\/fortiseyewear.co.uk\/#\/schema\/logo\/image\/","url":"https:\/\/fortiseyewear.co.uk\/wp-content\/uploads\/2019\/05\/1.FinalLogoMOBILE.jpg","contentUrl":"https:\/\/fortiseyewear.co.uk\/wp-content\/uploads\/2019\/05\/1.FinalLogoMOBILE.jpg","width":766,"height":541,"caption":"Fortis Eyewear"},"image":{"@id":"https:\/\/fortiseyewear.co.uk\/#\/schema\/logo\/image\/"},"sameAs":["https:\/\/www.facebook.com\/FortisEyewear","https:\/\/x.com\/fortiseyewear","https:\/\/www.instagram.com\/FortisEyewear","https:\/\/www.youtube.com\/channel\/UC5uI6lYx37ltUVATG5skJLw"]}]}},"_links":{"self":[{"href":"https:\/\/fortiseyewear.co.uk\/fr\/wp-json\/wp\/v2\/product\/46263","targetHints":{"allow":["GET"]}}],"collection":[{"href":"https:\/\/fortiseyewear.co.uk\/fr\/wp-json\/wp\/v2\/product"}],"about":[{"href":"https:\/\/fortiseyewear.co.uk\/fr\/wp-json\/wp\/v2\/types\/product"}],"wp:featuredmedia":[{"embeddable":true,"href":"https:\/\/fortiseyewear.co.uk\/fr\/wp-json\/wp\/v2\/media\/46266"}],"wp:attachment":[{"href":"https:\/\/fortiseyewear.co.uk\/fr\/wp-json\/wp\/v2\/media?parent=46263"}],"wp:term":[{"taxonomy":"collection","embeddable":true,"href":"https:\/\/fortiseyewear.co.uk\/fr\/wp-json\/wp\/v2\/collection?post=46263"},{"taxonomy":"product_brand","embeddable":true,"href":"https:\/\/fortiseyewear.co.uk\/fr\/wp-json\/wp\/v2\/product_brand?post=46263"},{"taxonomy":"product_cat","embeddable":true,"href":"https:\/\/fortiseyewear.co.uk\/fr\/wp-json\/wp\/v2\/product_cat?post=46263"},{"taxonomy":"product_tag","embeddable":true,"href":"https:\/\/fortiseyewear.co.uk\/fr\/wp-json\/wp\/v2\/product_tag?post=46263"}],"curies":[{"name":"wp","href":"https:\/\/api.w.org\/{rel}","templated":true}]}}