{"id":47688,"date":"2025-01-14T15:14:58","date_gmt":"2025-01-14T15:14:58","guid":{"rendered":"https:\/\/fortiseyewear.co.uk\/?post_type=product&#038;p=47688"},"modified":"2025-11-21T19:43:24","modified_gmt":"2025-11-21T19:43:24","slug":"fishermans-beanie","status":"publish","type":"product","link":"https:\/\/fortiseyewear.co.uk\/fr\/produit\/fishermans-beanie\/","title":{"rendered":"Bonnet de p\u00eacheur"},"content":{"rendered":"<h3><strong>Le bonnet de p\u00eacheur - un indispensable de l'hiver<\/strong><\/h3>\n<p>\nStay warm and stylish during the colder months with the Fisherman\u2019s Beanie. Designed for comfort and insulation, this classic beanie is a must-have for any outdoor enthusiast.\n<\/p>\n<hr \/>\n<h3><strong>Un tricot \u00e9pais pour un maximum de chaleur<\/strong><\/h3>\n<p>\nFabriqu\u00e9 dans une maille \u00e9paisse tr\u00e8s douce, ce bonnet offre une chaleur et un confort exceptionnels. La texture \u00e9paisse permet d'emprisonner la chaleur et de garder la t\u00eate bien au chaud m\u00eame dans les conditions les plus froides.\n<\/p>\n<hr \/>\n<h3><strong>Fabriqu\u00e9 en acrylique 100% pour la durabilit\u00e9<\/strong><\/h3>\n<p>\nConstructed from high-quality 100% acrylic, the Fisherman\u2019s Beanie is both durable and easy to maintain. The fabric is designed to withstand harsh winter weather while remaining soft against the skin.\n<\/p>\n<hr \/>\n<h3><strong>Style p\u00eacheur classique<\/strong><\/h3>\n<p>\nFeaturing a timeless fisherman-style design, this beanie offers a snug fit with a stylish rolled cuff. Whether you&#8217;re on the bank, in the city or exploring the outdoors, this versatile piece complements any winter outfit.\n<\/p>\n<hr \/>\n<h3><strong>Une image de marque subtile<\/strong><\/h3>\n<p>\nFinished with a discreet black woven tag logo, this beanie embodies understated style. The minimal branding ensures a clean, classic look for those who prefer subtle detailing.\n<\/p>\n<hr \/>\n<h3><strong>Caract\u00e9ristiques principales<\/strong><\/h3>\n<ul>\n<li><strong>Tricot super doux et \u00e9pais<\/strong> \u2013 Provides warmth and comfort.<\/li>\n<li><strong>100% Construction en acrylique<\/strong> \u2013 Durable, warm and easy to maintain.<\/li>\n<li><strong>Style p\u00eacheur classique<\/strong> \u2013 Snug fit with rolled cuff.<\/li>\n<li><strong>Logo de l'\u00e9tiquette tiss\u00e9e noire<\/strong> \u2013 Clean, subtle branding.<\/li>\n<li><strong>Parfait pour l'hiver<\/strong> \u2013 Designed to keep you warm in cold weather.<\/li>\n<\/ul>\n<hr \/>\n<h3><strong>Rester au chaud et avoir bonne mine cet hiver<\/strong><\/h3>\n<p>\nFacing winter conditions? The Fisherman\u2019s Beanie is the ideal companion for cold sessions on the bank or everyday use. Built to keep you warm and comfortable when temperatures drop.<\/p>","protected":false},"excerpt":{"rendered":"<h2><em>Un incontournable de l'hiver... Le bonnet de p\u00eacheur<\/em><\/h2>\n<p>Ce bonnet de style p\u00eacheur gardera votre t\u00eate au chaud pendant les mois les plus froids. Il est fabriqu\u00e9 en acrylique 100% et comporte un logo classique noir tiss\u00e9.<\/p>\n<p><strong>Chaleur :<\/strong> [rating stars=\"5.0\"]<br \/>\n<strong>L\u00e9ger :<\/strong> [rating stars=\"4.0\"]<br \/>\n<strong>Protection de l'eau :<\/strong> [rating stars=\"0.0\"]<br \/>\n<strong>Respirabilit\u00e9 :<\/strong> [rating stars=\"3.5\"]<\/p>\n<p>Pour plus d'informations, consultez notre site <a href=\"\/fr\/clothing-guide\/\">Guide de l'habillement<\/a>.<br \/>\nInstructions de lavage sur le v\u00eatement.<\/p>\n<p>Prix : \u00a314.99<\/p>\n<p><strong>*Disponible uniquement chez les d\u00e9taillants de p\u00eache \u00e0 la ligne que nous recommandons.<\/strong><br \/>\nVisitez notre <a href=\"https:\/\/fortiseyewear.co.uk\/fr\/stockists\/\">STOCKISTS<\/a> page.<\/p>","protected":false},"featured_media":47928,"template":"","meta":{"_acf_changed":false},"collection":[],"product_brand":[],"product_cat":[557],"product_tag":[],"class_list":{"0":"post-47688","1":"product","2":"type-product","3":"status-publish","4":"has-post-thumbnail","6":"product_cat-carp-fishing-clothing","8":"first","9":"instock","10":"taxable","11":"shipping-taxable","12":"purchasable","13":"product-type-simple","14":"prodpage-classic"},"acf":[],"yoast_head":"<!-- This site is optimized with the Yoast SEO Premium plugin v26.7 (Yoast SEO v26.7) - https:\/\/yoast.com\/wordpress\/plugins\/seo\/ -->\n<title>Fisherman\u2019s Beanie | Fishing Beanie \u2013 Fortis Eyewear<\/title>\n<meta name=\"description\" content=\"Fisherman\u2019s Beanie is a warm knit beanie built for cold mornings on the bank. Soft, comfortable and low-profile.\" \/>\n<meta name=\"robots\" content=\"index, follow, max-snippet:-1, max-image-preview:large, max-video-preview:-1\" \/>\n<link rel=\"canonical\" href=\"https:\/\/fortiseyewear.co.uk\/fr\/produit\/fishermans-beanie\/\" \/>\n<meta property=\"og:locale\" content=\"fr_FR\" \/>\n<meta property=\"og:type\" content=\"article\" \/>\n<meta property=\"og:title\" content=\"Fisherman&#039;s Beanie\" \/>\n<meta property=\"og:description\" content=\"Fisherman\u2019s Beanie is a warm knit beanie built for cold mornings on the bank. Soft, comfortable and low-profile.\" \/>\n<meta property=\"og:url\" content=\"https:\/\/fortiseyewear.co.uk\/fr\/produit\/fishermans-beanie\/\" \/>\n<meta property=\"og:site_name\" content=\"Fortis Eyewear\" \/>\n<meta property=\"article:publisher\" content=\"https:\/\/www.facebook.com\/FortisEyewear\" \/>\n<meta property=\"article:modified_time\" content=\"2025-11-21T19:43:24+00:00\" \/>\n<meta property=\"og:image\" content=\"https:\/\/fortiseyewear.co.uk\/wp-content\/uploads\/2025\/01\/FFB03.jpg\" \/>\n\t<meta property=\"og:image:width\" content=\"600\" \/>\n\t<meta property=\"og:image:height\" content=\"800\" \/>\n\t<meta property=\"og:image:type\" content=\"image\/jpeg\" \/>\n<meta name=\"twitter:card\" content=\"summary_large_image\" \/>\n<meta name=\"twitter:site\" content=\"@fortiseyewear\" \/>\n<meta name=\"twitter:label1\" content=\"Dur\u00e9e de lecture estim\u00e9e\" \/>\n\t<meta name=\"twitter:data1\" content=\"2 minutes\" \/>\n<!-- \/ Yoast SEO Premium plugin. -->","yoast_head_json":{"title":"Fisherman\u2019s Beanie | Fishing Beanie \u2013 Fortis Eyewear","description":"Fisherman\u2019s Beanie is a warm knit beanie built for cold mornings on the bank. Soft, comfortable and low-profile.","robots":{"index":"index","follow":"follow","max-snippet":"max-snippet:-1","max-image-preview":"max-image-preview:large","max-video-preview":"max-video-preview:-1"},"canonical":"https:\/\/fortiseyewear.co.uk\/fr\/produit\/fishermans-beanie\/","og_locale":"fr_FR","og_type":"article","og_title":"Fisherman's Beanie","og_description":"Fisherman\u2019s Beanie is a warm knit beanie built for cold mornings on the bank. Soft, comfortable and low-profile.","og_url":"https:\/\/fortiseyewear.co.uk\/fr\/produit\/fishermans-beanie\/","og_site_name":"Fortis Eyewear","article_publisher":"https:\/\/www.facebook.com\/FortisEyewear","article_modified_time":"2025-11-21T19:43:24+00:00","og_image":[{"width":600,"height":800,"url":"https:\/\/fortiseyewear.co.uk\/wp-content\/uploads\/2025\/01\/FFB03.jpg","type":"image\/jpeg"}],"twitter_card":"summary_large_image","twitter_site":"@fortiseyewear","twitter_misc":{"Dur\u00e9e de lecture estim\u00e9e":"2 minutes"},"schema":{"@context":"https:\/\/schema.org","@graph":[{"@type":"WebPage","@id":"https:\/\/fortiseyewear.co.uk\/product\/fishermans-beanie\/","url":"https:\/\/fortiseyewear.co.uk\/product\/fishermans-beanie\/","name":"Fisherman\u2019s Beanie | Fishing Beanie \u2013 Fortis Eyewear","isPartOf":{"@id":"https:\/\/fortiseyewear.co.uk\/#website"},"primaryImageOfPage":{"@id":"https:\/\/fortiseyewear.co.uk\/product\/fishermans-beanie\/#primaryimage"},"image":{"@id":"https:\/\/fortiseyewear.co.uk\/product\/fishermans-beanie\/#primaryimage"},"thumbnailUrl":"https:\/\/fortiseyewear.co.uk\/wp-content\/uploads\/2025\/01\/FFB03.jpg","datePublished":"2025-01-14T15:14:58+00:00","dateModified":"2025-11-21T19:43:24+00:00","description":"Fisherman\u2019s Beanie is a warm knit beanie built for cold mornings on the bank. Soft, comfortable and low-profile.","breadcrumb":{"@id":"https:\/\/fortiseyewear.co.uk\/product\/fishermans-beanie\/#breadcrumb"},"inLanguage":"fr-FR","potentialAction":[{"@type":"ReadAction","target":["https:\/\/fortiseyewear.co.uk\/product\/fishermans-beanie\/"]}]},{"@type":"ImageObject","inLanguage":"fr-FR","@id":"https:\/\/fortiseyewear.co.uk\/product\/fishermans-beanie\/#primaryimage","url":"https:\/\/fortiseyewear.co.uk\/wp-content\/uploads\/2025\/01\/FFB03.jpg","contentUrl":"https:\/\/fortiseyewear.co.uk\/wp-content\/uploads\/2025\/01\/FFB03.jpg","width":600,"height":800,"caption":"Fortis Fisherman's Beanie in Olive - FFB03"},{"@type":"BreadcrumbList","@id":"https:\/\/fortiseyewear.co.uk\/product\/fishermans-beanie\/#breadcrumb","itemListElement":[{"@type":"ListItem","position":1,"name":"Home","item":"https:\/\/fortiseyewear.co.uk\/"},{"@type":"ListItem","position":2,"name":"Products","item":"https:\/\/fortiseyewear.co.uk\/products\/"},{"@type":"ListItem","position":3,"name":"Fisherman&#8217;s Beanie"}]},{"@type":"WebSite","@id":"https:\/\/fortiseyewear.co.uk\/#website","url":"https:\/\/fortiseyewear.co.uk\/","name":"Fortis Eyewear","description":"Lunettes de soleil polaris\u00e9es pour la p\u00eache","publisher":{"@id":"https:\/\/fortiseyewear.co.uk\/#organization"},"alternateName":"Fortis","potentialAction":[{"@type":"SearchAction","target":{"@type":"EntryPoint","urlTemplate":"https:\/\/fortiseyewear.co.uk\/?s={search_term_string}"},"query-input":{"@type":"PropertyValueSpecification","valueRequired":true,"valueName":"search_term_string"}}],"inLanguage":"fr-FR"},{"@type":"Organization","@id":"https:\/\/fortiseyewear.co.uk\/#organization","name":"Fortis Eyewear","alternateName":"Fortis","url":"https:\/\/fortiseyewear.co.uk\/","logo":{"@type":"ImageObject","inLanguage":"fr-FR","@id":"https:\/\/fortiseyewear.co.uk\/#\/schema\/logo\/image\/","url":"https:\/\/fortiseyewear.co.uk\/wp-content\/uploads\/2019\/05\/1.FinalLogoMOBILE.jpg","contentUrl":"https:\/\/fortiseyewear.co.uk\/wp-content\/uploads\/2019\/05\/1.FinalLogoMOBILE.jpg","width":766,"height":541,"caption":"Fortis Eyewear"},"image":{"@id":"https:\/\/fortiseyewear.co.uk\/#\/schema\/logo\/image\/"},"sameAs":["https:\/\/www.facebook.com\/FortisEyewear","https:\/\/x.com\/fortiseyewear","https:\/\/www.instagram.com\/FortisEyewear","https:\/\/www.youtube.com\/channel\/UC5uI6lYx37ltUVATG5skJLw"]}]}},"_links":{"self":[{"href":"https:\/\/fortiseyewear.co.uk\/fr\/wp-json\/wp\/v2\/product\/47688","targetHints":{"allow":["GET"]}}],"collection":[{"href":"https:\/\/fortiseyewear.co.uk\/fr\/wp-json\/wp\/v2\/product"}],"about":[{"href":"https:\/\/fortiseyewear.co.uk\/fr\/wp-json\/wp\/v2\/types\/product"}],"wp:featuredmedia":[{"embeddable":true,"href":"https:\/\/fortiseyewear.co.uk\/fr\/wp-json\/wp\/v2\/media\/47928"}],"wp:attachment":[{"href":"https:\/\/fortiseyewear.co.uk\/fr\/wp-json\/wp\/v2\/media?parent=47688"}],"wp:term":[{"taxonomy":"collection","embeddable":true,"href":"https:\/\/fortiseyewear.co.uk\/fr\/wp-json\/wp\/v2\/collection?post=47688"},{"taxonomy":"product_brand","embeddable":true,"href":"https:\/\/fortiseyewear.co.uk\/fr\/wp-json\/wp\/v2\/product_brand?post=47688"},{"taxonomy":"product_cat","embeddable":true,"href":"https:\/\/fortiseyewear.co.uk\/fr\/wp-json\/wp\/v2\/product_cat?post=47688"},{"taxonomy":"product_tag","embeddable":true,"href":"https:\/\/fortiseyewear.co.uk\/fr\/wp-json\/wp\/v2\/product_tag?post=47688"}],"curies":[{"name":"wp","href":"https:\/\/api.w.org\/{rel}","templated":true}]}}