{"id":53662,"date":"2025-05-23T09:42:08","date_gmt":"2025-05-23T09:42:08","guid":{"rendered":"https:\/\/fortiseyewear.co.uk\/?post_type=product&#038;p=53662"},"modified":"2025-11-21T19:36:36","modified_gmt":"2025-11-21T19:36:36","slug":"trail-boonie","status":"publish","type":"product","link":"https:\/\/fortiseyewear.co.uk\/fr\/produit\/trail-boonie\/","title":{"rendered":"Trail Boonie"},"content":{"rendered":"<h3><strong>The Trail Boonie \u2013 Stay Cool, Covered &#038; Comfortable<\/strong><\/h3>\n<p>\nWhen the sun is beating down, don\u2019t compromise on comfort or style. The Trail Boonie is built for anglers who need dependable sun protection and rugged outdoor performance.\n<\/p>\n<hr \/>\n<h3><strong>Un maximum d'ombre, un minimum de soucis<\/strong><\/h3>\n<p>\nWith its wide, structured brim, the Trail Boonie keeps the sun off your face and neck so you can stay focused \u2014 whether you&#8217;re stalking carp on the bank or trekking summer trails on holiday. The flexible brim provides coverage without compromising visibility or movement.\n<\/p>\n<hr \/>\n<h3><strong>Tough, Lightweight &#038; Built to Last<\/strong><\/h3>\n<p>\nCrafted from durable polyester ripstop, the Trail Boonie is built to withstand whatever the outdoors throws your way. Lightweight and breathable, it\u2019s the hat that stays with you mile after mile, session after session.\n<\/p>\n<hr \/>\n<h3><strong>Ventilated Comfort &#038; Secure Fit<\/strong><\/h3>\n<p>\nStrategically placed vent holes enhance airflow to keep you cool in the heat. A fully adjustable chin strap provides a secure fit in windy conditions \u2014 simply stash it in the hidden flap when you prefer a cleaner silhouette.\n<\/p>\n<hr \/>\n<h3><strong>Un style fonctionnel avec un c\u00f4t\u00e9 tactique<\/strong><\/h3>\n<p>\nWebbing details around the crown add utility-inspired styling while allowing for additional attachments or customisation. Subtle branding keeps the look clean and confident.\n<\/p>\n<hr \/>\n<h3><strong>Caract\u00e9ristiques principales<\/strong><\/h3>\n<ul>\n<li><strong>Polyester Ripstop durable<\/strong> \u2013 Engineered for rugged outdoor use.<\/li>\n<li><strong>Mod\u00e8le \u00e0 large bord<\/strong> \u2013 Provides sun protection for face and neck.<\/li>\n<li><strong>Oeillets de ventilation<\/strong> \u2013 Enhanced airflow for warm conditions.<\/li>\n<li><strong>Mentonni\u00e8re r\u00e9glable<\/strong> \u2013 Secure fit with discreet stow-away option.<\/li>\n<li><strong>Sangle tactique<\/strong> \u2013 Utility-inspired detailing for optional attachments.<\/li>\n<li><strong>Style ext\u00e9rieur polyvalent<\/strong> \u2013 Suitable for fishing, hiking and travel.<\/li>\n<\/ul>\n<hr \/>\n<h3><strong>Rester \u00e0 l'ombre, rester vif<\/strong><\/h3>\n<p>\nWhether you&#8217;re tracking target fish or tackling long trails, the Fortis Trail Boonie keeps you covered \u2014 a summer essential built for performance and comfort.<\/p>","protected":false},"excerpt":{"rendered":"<h2><em>Un sp\u00e9cial \u00e9t\u00e9... Le Trail Boonie<\/em><\/h2>\n<p>Restez au frais et prot\u00e9g\u00e9 sous le soleil avec le Trail Boonie, fabriqu\u00e9 en polyester ripstop durable avec un large bord et des \u0153illets d'a\u00e9ration. Fini avec des d\u00e9tails de sangles, une mentonni\u00e8re cach\u00e9e et une marque Fortis subtile pour un style fonctionnel en plein air.<\/p>\n<p><strong>Chaleur :<\/strong> [rating stars=\"1.0\"]<br \/>\n<strong>L\u00e9ger :<\/strong> [rating stars=\"2.0\"]<br \/>\n<strong>Protection de l'eau :<\/strong> [rating stars=\"2.0\"]<br \/>\n<strong>Protection solaire :<\/strong> [rating stars=\"5.0\"]<br \/>\n<strong>Respirabilit\u00e9 :<\/strong> [rating stars=\"3.5\"]<\/p>\n<p>Pour plus d'informations, consultez notre site <a href=\"\/fr\/clothing-guide\/\">Guide de l'habillement<\/a>.<br \/>\nInstructions de lavage sur le v\u00eatement.<\/p>\n<p>Prix : \u00a319.99<\/p>\n<p><strong>*Disponible uniquement chez les d\u00e9taillants de p\u00eache \u00e0 la ligne que nous recommandons.<\/strong><br \/>\nVisitez notre <a href=\"https:\/\/fortiseyewear.co.uk\/fr\/stockists\/\">STOCKISTS<\/a> page.<\/p>","protected":false},"featured_media":53665,"template":"","meta":{"_acf_changed":false},"collection":[1425],"product_brand":[],"product_cat":[557],"product_tag":[],"class_list":{"0":"post-53662","1":"product","2":"type-product","3":"status-publish","4":"has-post-thumbnail","6":"collection-trail","7":"product_cat-carp-fishing-clothing","9":"first","10":"instock","11":"taxable","12":"shipping-taxable","13":"purchasable","14":"product-type-simple","15":"prodpage-classic"},"acf":[],"yoast_head":"<!-- This site is optimized with the Yoast SEO Premium plugin v26.7 (Yoast SEO v26.7) - https:\/\/yoast.com\/wordpress\/plugins\/seo\/ -->\n<title>Trail Boonie | Fishing Boonie Hat \u2013 Fortis Eyewear<\/title>\n<meta name=\"description\" content=\"Trail Boonie is a wide-brim fishing boonie hat for sun and showers. Quick-drying comfort and Fortis styling for long days on the bank.\" \/>\n<meta name=\"robots\" content=\"index, follow, max-snippet:-1, max-image-preview:large, max-video-preview:-1\" \/>\n<link rel=\"canonical\" href=\"https:\/\/fortiseyewear.co.uk\/fr\/produit\/trail-boonie\/\" \/>\n<meta property=\"og:locale\" content=\"fr_FR\" \/>\n<meta property=\"og:type\" content=\"article\" \/>\n<meta property=\"og:title\" content=\"Trail Boonie\" \/>\n<meta property=\"og:description\" content=\"Trail Boonie is a wide-brim fishing boonie hat for sun and showers. Quick-drying comfort and Fortis styling for long days on the bank.\" \/>\n<meta property=\"og:url\" content=\"https:\/\/fortiseyewear.co.uk\/fr\/produit\/trail-boonie\/\" \/>\n<meta property=\"og:site_name\" content=\"Fortis Eyewear\" \/>\n<meta property=\"article:publisher\" content=\"https:\/\/www.facebook.com\/FortisEyewear\" \/>\n<meta property=\"article:modified_time\" content=\"2025-11-21T19:36:36+00:00\" \/>\n<meta property=\"og:image\" content=\"https:\/\/fortiseyewear.co.uk\/wp-content\/uploads\/2025\/05\/TRAILB01.jpg\" \/>\n\t<meta property=\"og:image:width\" content=\"600\" \/>\n\t<meta property=\"og:image:height\" content=\"800\" \/>\n\t<meta property=\"og:image:type\" content=\"image\/jpeg\" \/>\n<meta name=\"twitter:card\" content=\"summary_large_image\" \/>\n<meta name=\"twitter:site\" content=\"@fortiseyewear\" \/>\n<meta name=\"twitter:label1\" content=\"Dur\u00e9e de lecture estim\u00e9e\" \/>\n\t<meta name=\"twitter:data1\" content=\"2 minutes\" \/>\n<!-- \/ Yoast SEO Premium plugin. -->","yoast_head_json":{"title":"Trail Boonie | Fishing Boonie Hat \u2013 Fortis Eyewear","description":"Trail Boonie is a wide-brim fishing boonie hat for sun and showers. Quick-drying comfort and Fortis styling for long days on the bank.","robots":{"index":"index","follow":"follow","max-snippet":"max-snippet:-1","max-image-preview":"max-image-preview:large","max-video-preview":"max-video-preview:-1"},"canonical":"https:\/\/fortiseyewear.co.uk\/fr\/produit\/trail-boonie\/","og_locale":"fr_FR","og_type":"article","og_title":"Trail Boonie","og_description":"Trail Boonie is a wide-brim fishing boonie hat for sun and showers. Quick-drying comfort and Fortis styling for long days on the bank.","og_url":"https:\/\/fortiseyewear.co.uk\/fr\/produit\/trail-boonie\/","og_site_name":"Fortis Eyewear","article_publisher":"https:\/\/www.facebook.com\/FortisEyewear","article_modified_time":"2025-11-21T19:36:36+00:00","og_image":[{"width":600,"height":800,"url":"https:\/\/fortiseyewear.co.uk\/wp-content\/uploads\/2025\/05\/TRAILB01.jpg","type":"image\/jpeg"}],"twitter_card":"summary_large_image","twitter_site":"@fortiseyewear","twitter_misc":{"Dur\u00e9e de lecture estim\u00e9e":"2 minutes"},"schema":{"@context":"https:\/\/schema.org","@graph":[{"@type":"WebPage","@id":"https:\/\/fortiseyewear.co.uk\/product\/trail-boonie\/","url":"https:\/\/fortiseyewear.co.uk\/product\/trail-boonie\/","name":"Trail Boonie | Fishing Boonie Hat \u2013 Fortis Eyewear","isPartOf":{"@id":"https:\/\/fortiseyewear.co.uk\/#website"},"primaryImageOfPage":{"@id":"https:\/\/fortiseyewear.co.uk\/product\/trail-boonie\/#primaryimage"},"image":{"@id":"https:\/\/fortiseyewear.co.uk\/product\/trail-boonie\/#primaryimage"},"thumbnailUrl":"https:\/\/fortiseyewear.co.uk\/wp-content\/uploads\/2025\/05\/TRAILB01.jpg","datePublished":"2025-05-23T09:42:08+00:00","dateModified":"2025-11-21T19:36:36+00:00","description":"Trail Boonie is a wide-brim fishing boonie hat for sun and showers. Quick-drying comfort and Fortis styling for long days on the bank.","breadcrumb":{"@id":"https:\/\/fortiseyewear.co.uk\/product\/trail-boonie\/#breadcrumb"},"inLanguage":"fr-FR","potentialAction":[{"@type":"ReadAction","target":["https:\/\/fortiseyewear.co.uk\/product\/trail-boonie\/"]}]},{"@type":"ImageObject","inLanguage":"fr-FR","@id":"https:\/\/fortiseyewear.co.uk\/product\/trail-boonie\/#primaryimage","url":"https:\/\/fortiseyewear.co.uk\/wp-content\/uploads\/2025\/05\/TRAILB01.jpg","contentUrl":"https:\/\/fortiseyewear.co.uk\/wp-content\/uploads\/2025\/05\/TRAILB01.jpg","width":600,"height":800,"caption":"Fortis Trail Boonie"},{"@type":"BreadcrumbList","@id":"https:\/\/fortiseyewear.co.uk\/product\/trail-boonie\/#breadcrumb","itemListElement":[{"@type":"ListItem","position":1,"name":"Home","item":"https:\/\/fortiseyewear.co.uk\/"},{"@type":"ListItem","position":2,"name":"Products","item":"https:\/\/fortiseyewear.co.uk\/products\/"},{"@type":"ListItem","position":3,"name":"Trail Boonie"}]},{"@type":"WebSite","@id":"https:\/\/fortiseyewear.co.uk\/#website","url":"https:\/\/fortiseyewear.co.uk\/","name":"Fortis Eyewear","description":"Lunettes de soleil polaris\u00e9es pour la p\u00eache","publisher":{"@id":"https:\/\/fortiseyewear.co.uk\/#organization"},"alternateName":"Fortis","potentialAction":[{"@type":"SearchAction","target":{"@type":"EntryPoint","urlTemplate":"https:\/\/fortiseyewear.co.uk\/?s={search_term_string}"},"query-input":{"@type":"PropertyValueSpecification","valueRequired":true,"valueName":"search_term_string"}}],"inLanguage":"fr-FR"},{"@type":"Organization","@id":"https:\/\/fortiseyewear.co.uk\/#organization","name":"Fortis Eyewear","alternateName":"Fortis","url":"https:\/\/fortiseyewear.co.uk\/","logo":{"@type":"ImageObject","inLanguage":"fr-FR","@id":"https:\/\/fortiseyewear.co.uk\/#\/schema\/logo\/image\/","url":"https:\/\/fortiseyewear.co.uk\/wp-content\/uploads\/2019\/05\/1.FinalLogoMOBILE.jpg","contentUrl":"https:\/\/fortiseyewear.co.uk\/wp-content\/uploads\/2019\/05\/1.FinalLogoMOBILE.jpg","width":766,"height":541,"caption":"Fortis Eyewear"},"image":{"@id":"https:\/\/fortiseyewear.co.uk\/#\/schema\/logo\/image\/"},"sameAs":["https:\/\/www.facebook.com\/FortisEyewear","https:\/\/x.com\/fortiseyewear","https:\/\/www.instagram.com\/FortisEyewear","https:\/\/www.youtube.com\/channel\/UC5uI6lYx37ltUVATG5skJLw"]}]}},"_links":{"self":[{"href":"https:\/\/fortiseyewear.co.uk\/fr\/wp-json\/wp\/v2\/product\/53662","targetHints":{"allow":["GET"]}}],"collection":[{"href":"https:\/\/fortiseyewear.co.uk\/fr\/wp-json\/wp\/v2\/product"}],"about":[{"href":"https:\/\/fortiseyewear.co.uk\/fr\/wp-json\/wp\/v2\/types\/product"}],"wp:featuredmedia":[{"embeddable":true,"href":"https:\/\/fortiseyewear.co.uk\/fr\/wp-json\/wp\/v2\/media\/53665"}],"wp:attachment":[{"href":"https:\/\/fortiseyewear.co.uk\/fr\/wp-json\/wp\/v2\/media?parent=53662"}],"wp:term":[{"taxonomy":"collection","embeddable":true,"href":"https:\/\/fortiseyewear.co.uk\/fr\/wp-json\/wp\/v2\/collection?post=53662"},{"taxonomy":"product_brand","embeddable":true,"href":"https:\/\/fortiseyewear.co.uk\/fr\/wp-json\/wp\/v2\/product_brand?post=53662"},{"taxonomy":"product_cat","embeddable":true,"href":"https:\/\/fortiseyewear.co.uk\/fr\/wp-json\/wp\/v2\/product_cat?post=53662"},{"taxonomy":"product_tag","embeddable":true,"href":"https:\/\/fortiseyewear.co.uk\/fr\/wp-json\/wp\/v2\/product_tag?post=53662"}],"curies":[{"name":"wp","href":"https:\/\/api.w.org\/{rel}","templated":true}]}}