{"id":55972,"date":"2025-07-28T11:59:55","date_gmt":"2025-07-28T11:59:55","guid":{"rendered":"https:\/\/fortiseyewear.co.uk\/?post_type=product&#038;p=55972"},"modified":"2025-10-27T11:43:50","modified_gmt":"2025-10-27T11:43:50","slug":"fortis-x-monkey-climber-strokes","status":"publish","type":"product","link":"https:\/\/fortiseyewear.co.uk\/fr\/produit\/fortis-x-monkey-climber-strokes\/","title":{"rendered":"Fortis x Monkey Climber Strokes Edition limit\u00e9e"},"content":{"rendered":"<h1><strong>Lunettes de soleil Fortis x Monkey Climber \"Strokes\" \u00e9dition limit\u00e9e<\/strong><\/h1>\n<p>Une goutte unique dans le mat\u00e9riel de p\u00eache \u00e0 la carpe - lunettes de soleil Fortis x Monkey Climber en \u00e9dition limit\u00e9e en vert translucide avec des verres grav\u00e9s, un tissu double-camo et des d\u00e9tails en m\u00e9tal.<\/p>\n<hr \/>\n<h2><strong>Vue d'ensemble<\/strong><\/h2>\n<p>Des rives de la Belgique aux bivouacs de la Grande-Bretagne, deux des marques les plus embl\u00e9matiques de la culture de la carpe en Europe s'unissent.<\/p>\n<p>Les <strong>Fortis x Monkey Climber \"Strokes\" (coups)<\/strong> Les lunettes de soleil sont une \u00e9dition strictement limit\u00e9e, combinant <strong>lunettes techniques polarisantes<\/strong> avec un style underground incomparable. Con\u00e7ue pour les p\u00eacheurs qui connaissent leur mat\u00e9riel - et leur histoire - cette collaboration est plus profonde qu'une paire de voir plus profond \ud83d\ude09.<\/p>\n<p>Abrit\u00e9e dans un <strong>cadre vert translucide<\/strong>Les Strokes en vedette <strong>lentilles vertes polaris\u00e9es<\/strong>, pr\u00e9cision <strong>gravure au laser du logo Fortis<\/strong>et a termin\u00e9 par <strong>insigne du grimpeur de singe en m\u00e9tal<\/strong> sur chaque temple. Chaque d\u00e9tail t\u00e9moigne d'une intention - et chaque paire est exp\u00e9di\u00e9e avec une \u00e9tiquette unique. <strong>chiffon de nettoyage dual-camo<\/strong>: Jigsaw belge vs DPM britannique. Un clin d'\u0153il au respect transfrontalier qui alimente cette collaboration.<\/p>\n<p>Seule une <strong>tirage limit\u00e9<\/strong> disponibles. Pour reprendre un classique, quand il n'y en a plus, il n'y en a plus.<\/p>\n<hr \/>\n<h2><strong>Caract\u00e9ristiques principales<\/strong><\/h2>\n<ul>\n<li>\u2705 <strong>Collaboration exclusive Fortis x Monkey Climber<\/strong> - Une goutte d'eau dans l'\u00e9quipement de p\u00eache \u00e0 la carpe<\/li>\n<li>\u2705 <strong>Cadre vert translucide<\/strong> - Audacieux, l\u00e9ger et percutant en cas de faible luminosit\u00e9 ou de soleil<\/li>\n<li>\u2705 <strong>Lentilles vertes polaris\u00e9es<\/strong> - Clart\u00e9 am\u00e9lior\u00e9e, r\u00e9duction des reflets, vision naturelle et performance en mati\u00e8re de rep\u00e9rage des poissons<\/li>\n<li>\u2705 <strong>Marquage Fortis grav\u00e9 au laser<\/strong> - Logo subtil sur la lentille<\/li>\n<li>\u2705 <strong>Temples de grimpeur de singe en m\u00e9tal<\/strong> - Un marquage haut de gamme qui distingue cette paire<\/li>\n<li>\u2705 <strong>Chiffon de nettoyage Dual Camo<\/strong> - Une moiti\u00e9 de Jigsaw belge, l'autre de DPM britannique - une pi\u00e8ce de collection en soi<\/li>\n<li>\u2705 <strong>Edition limit\u00e9e<\/strong> - Strictement petites s\u00e9ries. Pas de r\u00e9approvisionnement.<\/li>\n<\/ul>\n<hr \/>\n<h2><strong>Pourquoi ces produits sont indispensables<\/strong><\/h2>\n<p>Dans une mer d'imitations, cette collaboration est unique. Les <strong>Accidents vasculaires c\u00e9r\u00e9braux<\/strong> sont con\u00e7us avec la pr\u00e9cision optique de Fortis et l'esprit subversif de Monkey Climber.<\/p>\n<p>La fusion de <strong>performance technique<\/strong> et <strong>conception de qualit\u00e9 collecteur<\/strong> en fait un produit de choix pour la banque et au-del\u00e0.<\/p>\n<hr \/>\n<h2><strong>Performance des lentilles polarisantes<\/strong><\/h2>\n<p>Les <strong>lentilles vertes polaris\u00e9es<\/strong> sont optimis\u00e9s pour les environnements \u00e0 fort \u00e9blouissement et offrent une vision naturelle.<\/p>\n<p>Avec <strong>marquage Fortis grav\u00e9 au laser<\/strong>Les lentilles sont \u00e0 la fois fonctionnelles et exclusives - un d\u00e9tail tactile qui distingue les vraies des r\u00e9pliques.<\/p>\n<hr \/>\n<h2><strong>Ce qui est inclus<\/strong><\/h2>\n<ul>\n<li>Lunettes de soleil \"Strokes\" Fortis x Monkey Climber<\/li>\n<li>Tissu de camouflage double (Jigsaw belge + DPM britannique)<\/li>\n<li>\u00c9tui de protection rigide Fortis<\/li>\n<li>Emballage unique<\/li>\n<\/ul>\n<hr \/>\n<h2><strong>FAQ<\/strong><\/h2>\n<p><strong>Q : Ces lunettes de soleil sont-elles vraiment en \u00e9dition limit\u00e9e ?<\/strong><br \/>\nOui - il s'agit d'une \u00e9dition unique. Une fois les stocks \u00e9puis\u00e9s, il n'y aura plus d'autres unit\u00e9s produites.<\/p>\n<p><strong>Q : Peut-on les porter tous les jours ?<\/strong><br \/>\nAbsolument. Les Strokes sont l\u00e9g\u00e8res, durables et con\u00e7ues pour le confort sur et en dehors de la berge.<\/p>\n<p><strong>Q : Qu'est-ce qui en fait un objet de collection ?<\/strong><br \/>\nLimit\u00e9 \u00e0 100 pi\u00e8ces. Ne sera pas r\u00e9\u00e9dit\u00e9 !<\/p>","protected":false},"excerpt":{"rendered":"<h2><em>Fonctionnement : Voir plus loin.<\/em><\/h2>\n<p>Bienvenue, Agent. Vous avez d\u00e9bloqu\u00e9 l'acc\u00e8s \u00e0 une op\u00e9ration classifi\u00e9e. Ce qui suit est r\u00e9serv\u00e9 \u00e0 vos yeux.<\/p>\n<p data-start=\"390\" data-end=\"452\">Une alliance secr\u00e8te entre <strong data-start=\"416\" data-end=\"426\">Fortis<\/strong> et <strong data-start=\"431\" data-end=\"449\">Grimpeur de singe<\/strong>.<\/p>\n<p data-start=\"454\" data-end=\"743\">Depuis les rives brumeuses du Royaume-Uni, <strong data-start=\"486\" data-end=\"502\">L'op\u00e9rateur<\/strong> a d\u00e9barqu\u00e9 - un singe au costume aff\u00fbt\u00e9 qui n'a qu'un seul but : s'emparer des \u00eeles britanniques. Sa strat\u00e9gie ? Des bananes pour n\u00e9gocier, acheter des <em data-start=\"632\" data-end=\"649\">\"the good sh*t\"<\/em> - Les lunettes de soleil de Fortis - et la transformation de chaque coin de l'UE en territoire de pr\u00e9dilection pour Fortis.<\/p>\n<p data-start=\"745\" data-end=\"1031\">De l'autre c\u00f4t\u00e9 de la Manche, <strong data-start=\"765\" data-end=\"779\">Le courtier<\/strong> travaille sur le continent. Bouledogue britannique fumeur de cigares, il infiltre l'Europe avec le charme d'un diplomate et la ruse d'un espion. Sa mission est simple : conqu\u00e9rir les singes \u00e9trangers et leur \u00e9changer les plus belles lunettes de soleil jamais pass\u00e9es en contrebande \u00e0 travers les lignes ennemies.<\/p>\n<p data-start=\"1033\" data-end=\"1117\">Ils travaillent seuls. Ils agissent comme un seul homme.<br data-start=\"1067\" data-end=\"1070\" \/><strong data-start=\"1070\" data-end=\"1098\">Fortis x Monkey Climber.<\/strong><br data-start=\"1098\" data-end=\"1101\" \/><strong data-start=\"1101\" data-end=\"1143\">\"Nous sommes tous issus de singes pour voir plus loin.<br \/>\n<\/strong><br \/>\n<strong>Prix :<\/strong> \u00a349.99<\/p>\n<p><strong>*\u00c9dition limit\u00e9e.<br \/>\nUK - Uniquement disponible ici.<br \/>\nUE - Disponible ici : <a href=\"https:\/\/monkeyclimbermagazine.com\/products\/monkey-climber-x-fortis-strokes-i-ltd-ed-shades?_pos=1&amp;_sid=a93fd430c&amp;_ss=r\">https:\/\/monkeyclimbermagazine.com\/<\/a><\/strong><\/p>","protected":false},"featured_media":55983,"template":"","meta":{"_acf_changed":false},"collection":[],"product_brand":[],"product_cat":[1410],"product_tag":[],"class_list":{"0":"post-55972","1":"product","2":"type-product","3":"status-publish","4":"has-post-thumbnail","6":"product_cat-limited-edition-fishing-clothing","7":"product_shipping_class-freeshipping","9":"first","10":"outofstock","11":"sold-individually","12":"taxable","13":"shipping-taxable","14":"purchasable","15":"product-type-simple","16":"prodpage-classic"},"acf":[],"yoast_head":"<!-- This site is optimized with the Yoast SEO Premium plugin v26.7 (Yoast SEO v26.7) - https:\/\/yoast.com\/wordpress\/plugins\/seo\/ -->\n<title>Fortis x Monkey Climber Strokes Limited Edition | Polarised Fishing Sunglasses \u2013 Fortis Eyewear<\/title>\n<meta name=\"description\" content=\"Fortis x Monkey Climber Strokes Limited Edition are polarised fishing sunglasses that cut surface glare so you can see carp and features under the water. Exclusive collab colourway in a rounded lifestyle frame.\" \/>\n<meta name=\"robots\" content=\"index, follow, max-snippet:-1, max-image-preview:large, max-video-preview:-1\" \/>\n<link rel=\"canonical\" href=\"https:\/\/fortiseyewear.co.uk\/fr\/produit\/fortis-x-monkey-climber-strokes\/\" \/>\n<meta property=\"og:locale\" content=\"fr_FR\" \/>\n<meta property=\"og:type\" content=\"article\" \/>\n<meta property=\"og:title\" content=\"Fortis x Monkey Climber Strokes Limited Edition\" \/>\n<meta property=\"og:description\" content=\"Fortis x Monkey Climber Strokes Limited Edition are polarised fishing sunglasses that cut surface glare so you can see carp and features under the water. Exclusive collab colourway in a rounded lifestyle frame.\" \/>\n<meta property=\"og:url\" content=\"https:\/\/fortiseyewear.co.uk\/fr\/produit\/fortis-x-monkey-climber-strokes\/\" \/>\n<meta property=\"og:site_name\" content=\"Fortis Eyewear\" \/>\n<meta property=\"article:publisher\" content=\"https:\/\/www.facebook.com\/FortisEyewear\" \/>\n<meta property=\"article:modified_time\" content=\"2025-10-27T11:43:50+00:00\" \/>\n<meta property=\"og:image\" content=\"https:\/\/fortiseyewear.co.uk\/wp-content\/uploads\/2025\/07\/Studio-Photography-Cloth.jpg\" \/>\n\t<meta property=\"og:image:width\" content=\"1200\" \/>\n\t<meta property=\"og:image:height\" content=\"1600\" \/>\n\t<meta property=\"og:image:type\" content=\"image\/jpeg\" \/>\n<meta name=\"twitter:card\" content=\"summary_large_image\" \/>\n<meta name=\"twitter:site\" content=\"@fortiseyewear\" \/>\n<meta name=\"twitter:label1\" content=\"Dur\u00e9e de lecture estim\u00e9e\" \/>\n\t<meta name=\"twitter:data1\" content=\"3 minutes\" \/>\n<!-- \/ Yoast SEO Premium plugin. -->","yoast_head_json":{"title":"Fortis x Monkey Climber Strokes Limited Edition | Polarised Fishing Sunglasses \u2013 Fortis Eyewear","description":"Fortis x Monkey Climber Strokes Limited Edition are polarised fishing sunglasses that cut surface glare so you can see carp and features under the water. Exclusive collab colourway in a rounded lifestyle frame.","robots":{"index":"index","follow":"follow","max-snippet":"max-snippet:-1","max-image-preview":"max-image-preview:large","max-video-preview":"max-video-preview:-1"},"canonical":"https:\/\/fortiseyewear.co.uk\/fr\/produit\/fortis-x-monkey-climber-strokes\/","og_locale":"fr_FR","og_type":"article","og_title":"Fortis x Monkey Climber Strokes Limited Edition","og_description":"Fortis x Monkey Climber Strokes Limited Edition are polarised fishing sunglasses that cut surface glare so you can see carp and features under the water. Exclusive collab colourway in a rounded lifestyle frame.","og_url":"https:\/\/fortiseyewear.co.uk\/fr\/produit\/fortis-x-monkey-climber-strokes\/","og_site_name":"Fortis Eyewear","article_publisher":"https:\/\/www.facebook.com\/FortisEyewear","article_modified_time":"2025-10-27T11:43:50+00:00","og_image":[{"width":1200,"height":1600,"url":"https:\/\/fortiseyewear.co.uk\/wp-content\/uploads\/2025\/07\/Studio-Photography-Cloth.jpg","type":"image\/jpeg"}],"twitter_card":"summary_large_image","twitter_site":"@fortiseyewear","twitter_misc":{"Dur\u00e9e de lecture estim\u00e9e":"3 minutes"},"schema":{"@context":"https:\/\/schema.org","@graph":[{"@type":"WebPage","@id":"https:\/\/fortiseyewear.co.uk\/product\/fortis-x-monkey-climber-strokes\/","url":"https:\/\/fortiseyewear.co.uk\/product\/fortis-x-monkey-climber-strokes\/","name":"Fortis x Monkey Climber Strokes Limited Edition | Polarised Fishing Sunglasses \u2013 Fortis Eyewear","isPartOf":{"@id":"https:\/\/fortiseyewear.co.uk\/#website"},"primaryImageOfPage":{"@id":"https:\/\/fortiseyewear.co.uk\/product\/fortis-x-monkey-climber-strokes\/#primaryimage"},"image":{"@id":"https:\/\/fortiseyewear.co.uk\/product\/fortis-x-monkey-climber-strokes\/#primaryimage"},"thumbnailUrl":"https:\/\/fortiseyewear.co.uk\/wp-content\/uploads\/2025\/07\/Studio-Photography-Cloth.jpg","datePublished":"2025-07-28T11:59:55+00:00","dateModified":"2025-10-27T11:43:50+00:00","description":"Fortis x Monkey Climber Strokes Limited Edition are polarised fishing sunglasses that cut surface glare so you can see carp and features under the water. Exclusive collab colourway in a rounded lifestyle frame.","breadcrumb":{"@id":"https:\/\/fortiseyewear.co.uk\/product\/fortis-x-monkey-climber-strokes\/#breadcrumb"},"inLanguage":"fr-FR","potentialAction":[{"@type":"ReadAction","target":["https:\/\/fortiseyewear.co.uk\/product\/fortis-x-monkey-climber-strokes\/"]}]},{"@type":"ImageObject","inLanguage":"fr-FR","@id":"https:\/\/fortiseyewear.co.uk\/product\/fortis-x-monkey-climber-strokes\/#primaryimage","url":"https:\/\/fortiseyewear.co.uk\/wp-content\/uploads\/2025\/07\/Studio-Photography-Cloth.jpg","contentUrl":"https:\/\/fortiseyewear.co.uk\/wp-content\/uploads\/2025\/07\/Studio-Photography-Cloth.jpg","width":1200,"height":1600,"caption":"Monkey Climber Sunglasses"},{"@type":"BreadcrumbList","@id":"https:\/\/fortiseyewear.co.uk\/product\/fortis-x-monkey-climber-strokes\/#breadcrumb","itemListElement":[{"@type":"ListItem","position":1,"name":"Home","item":"https:\/\/fortiseyewear.co.uk\/"},{"@type":"ListItem","position":2,"name":"Products","item":"https:\/\/fortiseyewear.co.uk\/products\/"},{"@type":"ListItem","position":3,"name":"Fortis x Monkey Climber Strokes Limited Edition"}]},{"@type":"WebSite","@id":"https:\/\/fortiseyewear.co.uk\/#website","url":"https:\/\/fortiseyewear.co.uk\/","name":"Fortis Eyewear","description":"Lunettes de soleil polaris\u00e9es pour la p\u00eache","publisher":{"@id":"https:\/\/fortiseyewear.co.uk\/#organization"},"alternateName":"Fortis","potentialAction":[{"@type":"SearchAction","target":{"@type":"EntryPoint","urlTemplate":"https:\/\/fortiseyewear.co.uk\/?s={search_term_string}"},"query-input":{"@type":"PropertyValueSpecification","valueRequired":true,"valueName":"search_term_string"}}],"inLanguage":"fr-FR"},{"@type":"Organization","@id":"https:\/\/fortiseyewear.co.uk\/#organization","name":"Fortis Eyewear","alternateName":"Fortis","url":"https:\/\/fortiseyewear.co.uk\/","logo":{"@type":"ImageObject","inLanguage":"fr-FR","@id":"https:\/\/fortiseyewear.co.uk\/#\/schema\/logo\/image\/","url":"https:\/\/fortiseyewear.co.uk\/wp-content\/uploads\/2019\/05\/1.FinalLogoMOBILE.jpg","contentUrl":"https:\/\/fortiseyewear.co.uk\/wp-content\/uploads\/2019\/05\/1.FinalLogoMOBILE.jpg","width":766,"height":541,"caption":"Fortis Eyewear"},"image":{"@id":"https:\/\/fortiseyewear.co.uk\/#\/schema\/logo\/image\/"},"sameAs":["https:\/\/www.facebook.com\/FortisEyewear","https:\/\/x.com\/fortiseyewear","https:\/\/www.instagram.com\/FortisEyewear","https:\/\/www.youtube.com\/channel\/UC5uI6lYx37ltUVATG5skJLw"]}]}},"_links":{"self":[{"href":"https:\/\/fortiseyewear.co.uk\/fr\/wp-json\/wp\/v2\/product\/55972","targetHints":{"allow":["GET"]}}],"collection":[{"href":"https:\/\/fortiseyewear.co.uk\/fr\/wp-json\/wp\/v2\/product"}],"about":[{"href":"https:\/\/fortiseyewear.co.uk\/fr\/wp-json\/wp\/v2\/types\/product"}],"wp:featuredmedia":[{"embeddable":true,"href":"https:\/\/fortiseyewear.co.uk\/fr\/wp-json\/wp\/v2\/media\/55983"}],"wp:attachment":[{"href":"https:\/\/fortiseyewear.co.uk\/fr\/wp-json\/wp\/v2\/media?parent=55972"}],"wp:term":[{"taxonomy":"collection","embeddable":true,"href":"https:\/\/fortiseyewear.co.uk\/fr\/wp-json\/wp\/v2\/collection?post=55972"},{"taxonomy":"product_brand","embeddable":true,"href":"https:\/\/fortiseyewear.co.uk\/fr\/wp-json\/wp\/v2\/product_brand?post=55972"},{"taxonomy":"product_cat","embeddable":true,"href":"https:\/\/fortiseyewear.co.uk\/fr\/wp-json\/wp\/v2\/product_cat?post=55972"},{"taxonomy":"product_tag","embeddable":true,"href":"https:\/\/fortiseyewear.co.uk\/fr\/wp-json\/wp\/v2\/product_tag?post=55972"}],"curies":[{"name":"wp","href":"https:\/\/api.w.org\/{rel}","templated":true}]}}